{"id":1410787118,"date":"2025-12-16T17:42:44","date_gmt":"2025-12-16T20:42:44","guid":{"rendered":"https:\/\/dinhosreef.com\/produto\/credeli-antipulgas-p-gatos-48mg-1-comprimido\/"},"modified":"2026-03-31T09:25:07","modified_gmt":"2026-03-31T12:25:07","slug":"credeli-antipulgas-p-gatos-48mg-1-comprimido","status":"publish","type":"product","link":"https:\/\/dinhosreef.com\/en\/product\/credeli-antipulgas-p-gatos-48mg-1-comprimido\/","title":{"rendered":"CREDELI ANTIPULGAS P\/ GATOS 48MG &#8211; 1 COMPRIMIDO"},"content":{"rendered":"<p>Credeli 48mg Antipulgas para gatos de 0,90 a 2kg &#8211; Tratamento Mensal \u00c9 um comprimido mensal, pequeno e saboroso que atua rapidamente para proteger gatos filhotes e adultos contra pulgas. EFICAZ &#8211; In\u00edcio da a\u00e7\u00e3o em at\u00e9 6 horas ap\u00f3s a administra\u00e7\u00e3o e 100% das pulgas eliminadas em 24 horas ap\u00f3s a administra\u00e7\u00e3o. SEGURO &#8211; Uma mol\u00e9cula desenvolvida exclusivamente pela Elanco, que atua de forma segura protegendo gatos filhotes e adultos contra pulgas. PR\u00c1TICO &#8211; Comprimidos pequenos e delicados, aromatizados e dimensionados especificamente para a esp\u00e9cie felina, proporcionando uma administra\u00e7\u00e3o sem estresse. Testado e aprovado pelo paladar e olfato dos gatos Como especialista em gatos, a Elanco considerou a fisiologia e os comportamentos \u00fanicos desses animais ao desenvolver Credeli\u2122 Gatos. Os comprimidos s\u00e3o aromatizados e dimensionados especificamente para a esp\u00e9cie felina, proporcionando uma administra\u00e7\u00e3o sem estresse.<\/p>","protected":false},"excerpt":{"rendered":"<p>Credeli 48mg Antipulgas para gatos de 0,90 a 2kg &#8211; Tratamento Mensal \u00c9 um comprimido mensal, pequeno e saboroso que atua rapidamente para proteger gatos filhotes e adultos contra pulgas. EFICAZ &#8211; In\u00edcio da a\u00e7\u00e3o em at\u00e9 6 horas ap\u00f3s a administra\u00e7\u00e3o e 100% das pulgas eliminadas em 24 horas ap\u00f3s a administra\u00e7\u00e3o. SEGURO &#8211; [&hellip;]<\/p>\n","protected":false},"featured_media":1410787117,"comment_status":"open","ping_status":"closed","template":"","meta":{"googlesitekit_rrm_CAow0N7NCw:productID":"","content-type":"","pmpro_default_level":"","_themeisle_gutenberg_block_has_review":false},"product_brand":[392],"product_cat":[423,382],"product_tag":[],"class_list":{"0":"post-1410787118","1":"product","2":"type-product","3":"status-publish","4":"has-post-thumbnail","6":"product_brand-farmina","7":"product_cat-framacia-caes","8":"product_cat-tratamento-anti-pulgas","9":"pmpro-has-access","11":"first","12":"outofstock","13":"taxable","14":"shipping-taxable","15":"purchasable","16":"product-type-simple"},"_links":{"self":[{"href":"https:\/\/dinhosreef.com\/en\/wp-json\/wp\/v2\/product\/1410787118","targetHints":{"allow":["GET"]}}],"collection":[{"href":"https:\/\/dinhosreef.com\/en\/wp-json\/wp\/v2\/product"}],"about":[{"href":"https:\/\/dinhosreef.com\/en\/wp-json\/wp\/v2\/types\/product"}],"replies":[{"embeddable":true,"href":"https:\/\/dinhosreef.com\/en\/wp-json\/wp\/v2\/comments?post=1410787118"}],"wp:featuredmedia":[{"embeddable":true,"href":"https:\/\/dinhosreef.com\/en\/wp-json\/wp\/v2\/media\/1410787117"}],"wp:attachment":[{"href":"https:\/\/dinhosreef.com\/en\/wp-json\/wp\/v2\/media?parent=1410787118"}],"wp:term":[{"taxonomy":"product_brand","embeddable":true,"href":"https:\/\/dinhosreef.com\/en\/wp-json\/wp\/v2\/product_brand?post=1410787118"},{"taxonomy":"product_cat","embeddable":true,"href":"https:\/\/dinhosreef.com\/en\/wp-json\/wp\/v2\/product_cat?post=1410787118"},{"taxonomy":"product_tag","embeddable":true,"href":"https:\/\/dinhosreef.com\/en\/wp-json\/wp\/v2\/product_tag?post=1410787118"}],"curies":[{"name":"wp","href":"https:\/\/api.w.org\/{rel}","templated":true}]}}