{"id":1410787120,"date":"2025-12-16T17:42:52","date_gmt":"2025-12-16T20:42:52","guid":{"rendered":"https:\/\/dinhosreef.com\/produto\/surosolve-solucao-auricular-p-caes-e-gatos-125ml\/"},"modified":"2026-04-09T10:30:46","modified_gmt":"2026-04-09T13:30:46","slug":"surosolve-solucao-auricular-p-caes-e-gatos-125ml","status":"publish","type":"product","link":"https:\/\/dinhosreef.com\/en\/product\/surosolve-solucao-auricular-p-caes-e-gatos-125ml\/","title":{"rendered":"SUROSOLVE SOLU\u00c7\u00c3O AURICULAR P\/ C\u00c3ES E GATOS 125ML"},"content":{"rendered":"<p>\u00a0Indicado para c\u00e3es e gatos;\u00a0<br \/>&#8211; Ideal para a higiene e limpeza dos ouvidos;<br \/>&#8211; Conta com ativos que facilitam a limpeza do conduto auditivo e pavilh\u00e3o auricular;\u00a0<br \/>&#8211; Cont\u00e9m uma fragr\u00e2ncia agrad\u00e1vel;\u00a0<br \/>&#8211; Dispon\u00edvel em embalagem de 125 ml.<\/p>","protected":false},"excerpt":{"rendered":"<p>\u00a0Indicado para c\u00e3es e gatos;\u00a0&#8211; Ideal para a higiene e limpeza dos ouvidos;&#8211; Conta com ativos que facilitam a limpeza do conduto auditivo e pavilh\u00e3o auricular;\u00a0&#8211; Cont\u00e9m uma fragr\u00e2ncia agrad\u00e1vel;\u00a0&#8211; Dispon\u00edvel em embalagem de 125 ml.<\/p>","protected":false},"featured_media":1410787119,"comment_status":"open","ping_status":"closed","template":"","meta":{"googlesitekit_rrm_CAow0N7NCw:productID":"","content-type":"","pmpro_default_level":"","_themeisle_gutenberg_block_has_review":false},"product_brand":[],"product_cat":[368],"product_tag":[],"class_list":{"0":"post-1410787120","1":"product","2":"type-product","3":"status-publish","4":"has-post-thumbnail","6":"product_cat-outros-higiene-e-limpeza","7":"pmpro-has-access","9":"first","10":"instock","11":"taxable","12":"shipping-taxable","13":"purchasable","14":"product-type-simple"},"_links":{"self":[{"href":"https:\/\/dinhosreef.com\/en\/wp-json\/wp\/v2\/product\/1410787120","targetHints":{"allow":["GET"]}}],"collection":[{"href":"https:\/\/dinhosreef.com\/en\/wp-json\/wp\/v2\/product"}],"about":[{"href":"https:\/\/dinhosreef.com\/en\/wp-json\/wp\/v2\/types\/product"}],"replies":[{"embeddable":true,"href":"https:\/\/dinhosreef.com\/en\/wp-json\/wp\/v2\/comments?post=1410787120"}],"wp:featuredmedia":[{"embeddable":true,"href":"https:\/\/dinhosreef.com\/en\/wp-json\/wp\/v2\/media\/1410787119"}],"wp:attachment":[{"href":"https:\/\/dinhosreef.com\/en\/wp-json\/wp\/v2\/media?parent=1410787120"}],"wp:term":[{"taxonomy":"product_brand","embeddable":true,"href":"https:\/\/dinhosreef.com\/en\/wp-json\/wp\/v2\/product_brand?post=1410787120"},{"taxonomy":"product_cat","embeddable":true,"href":"https:\/\/dinhosreef.com\/en\/wp-json\/wp\/v2\/product_cat?post=1410787120"},{"taxonomy":"product_tag","embeddable":true,"href":"https:\/\/dinhosreef.com\/en\/wp-json\/wp\/v2\/product_tag?post=1410787120"}],"curies":[{"name":"wp","href":"https:\/\/api.w.org\/{rel}","templated":true}]}}