{"id":1410787124,"date":"2025-12-16T17:43:01","date_gmt":"2025-12-16T20:43:01","guid":{"rendered":"https:\/\/dinhosreef.com\/produto\/coleira-seresto-pequena-anti-pulgas-caes-e-gatos\/"},"modified":"2025-12-16T17:43:01","modified_gmt":"2025-12-16T20:43:01","slug":"coleira-seresto-pequena-anti-pulgas-caes-e-gatos","status":"publish","type":"product","link":"https:\/\/dinhosreef.com\/en\/product\/coleira-seresto-pequena-anti-pulgas-caes-e-gatos\/","title":{"rendered":"COLEIRA SERESTO PEQUENA ANTI PULGAS C\u00c3ES E GATOS"},"content":{"rendered":"<ul>\n<li>Indicada para c\u00e3es partir de 7 semanas de idade at\u00e9 8 kg e gatos a partir de 10 semanas de idade;<br \/>&#8211; Antiparasit\u00e1rio seguro, com longa dura\u00e7\u00e3o;<br \/>&#8211; Mant\u00e9m seu pet protegido por at\u00e9 8 meses contra a a\u00e7\u00e3o de carrapatos e pulgas;<br \/>&#8211; Possui tecnologia inovadora de que permite que a coleira libere, com seguran\u00e7a, doses controladas dos ativos durante longo per\u00edodo de tempo; &#8211;\u00a0 N\u00e3o tem cheiro e n\u00e3o \u00e9 oleosa, al\u00e9m de ser resistente \u00e0 \u00e1gua e n\u00e3o soltar p\u00f3;<br \/>&#8211; Oferece uma camada de prote\u00e7\u00e3o para o pet, eliminando o parasita antes que ele pique o animal;<br \/>&#8211; Efic\u00e1cia acima de 99,8% na elimina\u00e7\u00e3o das pulgas em at\u00e9 24 horas ap\u00f3s a coloca\u00e7\u00e3o da coleira;<br \/>&#8211; Pulgas reinfestantes s\u00e3o eliminadas em at\u00e9 2 horas ap\u00f3s o contato e carrapatos em at\u00e9 6 horas;<br \/>&#8211; A a\u00e7\u00e3o eficaz por contato evita que o parasita pique o animal, tamb\u00e9m auxilia na diminui\u00e7\u00e3o das alergias, irrita\u00e7\u00e3o e inc\u00f4modo causados pelas picadas;<br \/>&#8211; A embalagem cont\u00e9m 1 coleira de 38cm.<\/li>\n<\/ul>","protected":false},"excerpt":{"rendered":"<p>Indicada para c\u00e3es partir de 7 semanas de idade at\u00e9 8 kg e gatos a partir de 10 semanas de idade;&#8211; Antiparasit\u00e1rio seguro, com longa dura\u00e7\u00e3o;&#8211; Mant\u00e9m seu pet protegido por at\u00e9 8 meses contra a a\u00e7\u00e3o de carrapatos e pulgas;&#8211; Possui tecnologia inovadora de que permite que a coleira libere, com seguran\u00e7a, doses controladas [&hellip;]<\/p>\n","protected":false},"featured_media":1410787123,"comment_status":"open","ping_status":"closed","template":"","meta":{"googlesitekit_rrm_CAow0N7NCw:productID":"","content-type":"","pmpro_default_level":"","_themeisle_gutenberg_block_has_review":false},"product_brand":[],"product_cat":[382],"product_tag":[],"class_list":{"0":"post-1410787124","1":"product","2":"type-product","3":"status-publish","4":"has-post-thumbnail","6":"product_cat-tratamento-anti-pulgas","7":"pmpro-has-access","9":"first","10":"instock","11":"taxable","12":"shipping-taxable","13":"purchasable","14":"product-type-simple"},"_links":{"self":[{"href":"https:\/\/dinhosreef.com\/en\/wp-json\/wp\/v2\/product\/1410787124","targetHints":{"allow":["GET"]}}],"collection":[{"href":"https:\/\/dinhosreef.com\/en\/wp-json\/wp\/v2\/product"}],"about":[{"href":"https:\/\/dinhosreef.com\/en\/wp-json\/wp\/v2\/types\/product"}],"replies":[{"embeddable":true,"href":"https:\/\/dinhosreef.com\/en\/wp-json\/wp\/v2\/comments?post=1410787124"}],"wp:featuredmedia":[{"embeddable":true,"href":"https:\/\/dinhosreef.com\/en\/wp-json\/wp\/v2\/media\/1410787123"}],"wp:attachment":[{"href":"https:\/\/dinhosreef.com\/en\/wp-json\/wp\/v2\/media?parent=1410787124"}],"wp:term":[{"taxonomy":"product_brand","embeddable":true,"href":"https:\/\/dinhosreef.com\/en\/wp-json\/wp\/v2\/product_brand?post=1410787124"},{"taxonomy":"product_cat","embeddable":true,"href":"https:\/\/dinhosreef.com\/en\/wp-json\/wp\/v2\/product_cat?post=1410787124"},{"taxonomy":"product_tag","embeddable":true,"href":"https:\/\/dinhosreef.com\/en\/wp-json\/wp\/v2\/product_tag?post=1410787124"}],"curies":[{"name":"wp","href":"https:\/\/api.w.org\/{rel}","templated":true}]}}