{"id":1410787126,"date":"2025-12-16T17:43:06","date_gmt":"2025-12-16T20:43:06","guid":{"rendered":"https:\/\/dinhosreef.com\/produto\/tratamento-dermatologico-zenrelia-48mg-c-30-comp-para-caes\/"},"modified":"2026-03-16T12:30:04","modified_gmt":"2026-03-16T15:30:04","slug":"tratamento-dermatologico-zenrelia-48mg-c-30-comp-para-caes","status":"publish","type":"product","link":"https:\/\/dinhosreef.com\/en\/product\/tratamento-dermatologico-zenrelia-48mg-c-30-comp-para-caes\/","title":{"rendered":"TRATAMENTO DERMATOL\u00d3GICO ZENRELIA 4,8MG C\/ 30 COMP PARA C\u00c3ES"},"content":{"rendered":"<ul>\n<li>Zenrelia \u00e9 indicado para controle do prurido associado \u00e0 dermatite al\u00e9rgica e controle da dermatite at\u00f3pica em c\u00e3es. &#8211; Zenrelia \u00e9 um comprimido de ilunocitinib que deve ser administrado por via oral, uma vez ao dia, na dose de 0,6 a 0,8 mg de ilunocitinib\/kg de peso corporal. Zenrelia pode ser administrado com ou sem alimentos. &#8211; Para c\u00e3es com mais de 75 kg de peso corporal, administrar uma combina\u00e7\u00e3o adequada de apresenta\u00e7\u00f5es dispon\u00edveis de Zenrelia. &#8211; Comprimido oral para C\u00e3es Zenrelia \u00e9 comercializado em quatro concentra\u00e7\u00f5es: 4,8 mg, 6,4 mg, 8,5 mg e 15 mg. Cada concentra\u00e7\u00e3o est\u00e1 dispon\u00edvel em cartuchos contendo 10, 30 e 90 comprimidos. &#8230;&#8230;&#8230;&#8230;&#8230;&#8230;&#8230;&#8230;&#8230;&#8230;&#8230;&#8230;&#8230;&#8230;&#8230;&#8230;&#8230;&#8230;&#8230; DICAS: CONTRAINDICA\u00c7\u00d5ES Zenrelia n\u00e3o deve ser administrado a c\u00e3es que possuam sensibilidade ao ativo Ilunocitinib e que tenham menos de 12 meses de idade PRECAU\u00c7\u00d5ES A seguran\u00e7a de Zenrelia n\u00e3o foi avaliada em c\u00e3es reprodutores, gestantes ou lactantes. A seguran\u00e7a de Zenrelia n\u00e3o foi avaliada em associa\u00e7\u00e3o com glicocorticoides, ciclosporina ou outros agentes imunossupressores sist\u00eamicos. F\u00d3RMULA Cada 100 g cont\u00e9m: Ilunocitinib&#8230;&#8230;&#8230;&#8230;&#8230;&#8230;&#8230;&#8230;&#8230;&#8230;..2,4 mg Excipiente q.s.p&#8230;&#8230;&#8230;&#8230;&#8230;&#8230;..100,0 mg<\/li>\n<\/ul>","protected":false},"excerpt":{"rendered":"<p>Zenrelia \u00e9 indicado para controle do prurido associado \u00e0 dermatite al\u00e9rgica e controle da dermatite at\u00f3pica em c\u00e3es. &#8211; Zenrelia \u00e9 um comprimido de ilunocitinib que deve ser administrado por via oral, uma vez ao dia, na dose de 0,6 a 0,8 mg de ilunocitinib\/kg de peso corporal. Zenrelia pode ser administrado com ou sem [&hellip;]<\/p>\n","protected":false},"featured_media":1410787125,"comment_status":"open","ping_status":"closed","template":"","meta":{"googlesitekit_rrm_CAow0N7NCw:productID":"","content-type":"","pmpro_default_level":"","_themeisle_gutenberg_block_has_review":false},"product_brand":[427],"product_cat":[423],"product_tag":[],"class_list":{"0":"post-1410787126","1":"product","2":"type-product","3":"status-publish","4":"has-post-thumbnail","6":"product_brand-elanco","7":"product_cat-framacia-caes","8":"pmpro-has-access","10":"first","11":"outofstock","12":"taxable","13":"shipping-taxable","14":"purchasable","15":"product-type-simple"},"_links":{"self":[{"href":"https:\/\/dinhosreef.com\/en\/wp-json\/wp\/v2\/product\/1410787126","targetHints":{"allow":["GET"]}}],"collection":[{"href":"https:\/\/dinhosreef.com\/en\/wp-json\/wp\/v2\/product"}],"about":[{"href":"https:\/\/dinhosreef.com\/en\/wp-json\/wp\/v2\/types\/product"}],"replies":[{"embeddable":true,"href":"https:\/\/dinhosreef.com\/en\/wp-json\/wp\/v2\/comments?post=1410787126"}],"wp:featuredmedia":[{"embeddable":true,"href":"https:\/\/dinhosreef.com\/en\/wp-json\/wp\/v2\/media\/1410787125"}],"wp:attachment":[{"href":"https:\/\/dinhosreef.com\/en\/wp-json\/wp\/v2\/media?parent=1410787126"}],"wp:term":[{"taxonomy":"product_brand","embeddable":true,"href":"https:\/\/dinhosreef.com\/en\/wp-json\/wp\/v2\/product_brand?post=1410787126"},{"taxonomy":"product_cat","embeddable":true,"href":"https:\/\/dinhosreef.com\/en\/wp-json\/wp\/v2\/product_cat?post=1410787126"},{"taxonomy":"product_tag","embeddable":true,"href":"https:\/\/dinhosreef.com\/en\/wp-json\/wp\/v2\/product_tag?post=1410787126"}],"curies":[{"name":"wp","href":"https:\/\/api.w.org\/{rel}","templated":true}]}}