{"id":1410787128,"date":"2025-12-16T17:43:11","date_gmt":"2025-12-16T20:43:11","guid":{"rendered":"https:\/\/dinhosreef.com\/produto\/antipulgas-credeli-plus-p-caes-900mg-1-comprimido\/"},"modified":"2026-02-21T18:31:16","modified_gmt":"2026-02-21T21:31:16","slug":"antipulgas-credeli-plus-p-caes-900mg-1-comprimido","status":"publish","type":"product","link":"https:\/\/dinhosreef.com\/en\/product\/antipulgas-credeli-plus-p-caes-900mg-1-comprimido\/","title":{"rendered":"ANTIPULGAS CREDELI PLUS P\/ C\u00c3ES 900MG- 1 COMPRIMIDO"},"content":{"rendered":"<p>Credeli Plus 900 mg Azul \u00e9 um antiparasit\u00e1rio oral indicado para c\u00e3es com peso entre 22 kg a 45 kg. Com fipronil como princ\u00edpio ativo, este comprimido \u00e9 altamente eficaz no controle de pulgas e carrapatos, eliminando-os rapidamente e proporcionando prote\u00e7\u00e3o cont\u00ednua por at\u00e9 30 dias. Ele age diretamente no sistema nervoso dos parasitas, interrompendo suas fun\u00e7\u00f5es vitais. Ideal para c\u00e3es de grande porte, Credeli Plus oferece uma solu\u00e7\u00e3o pr\u00e1tica e eficiente para o controle de infesta\u00e7\u00f5es parasit\u00e1rias.<\/p>","protected":false},"excerpt":{"rendered":"<p>Credeli Plus 900 mg Azul \u00e9 um antiparasit\u00e1rio oral indicado para c\u00e3es com peso entre 22 kg a 45 kg. Com fipronil como princ\u00edpio ativo, este comprimido \u00e9 altamente eficaz no controle de pulgas e carrapatos, eliminando-os rapidamente e proporcionando prote\u00e7\u00e3o cont\u00ednua por at\u00e9 30 dias. Ele age diretamente no sistema nervoso dos parasitas, interrompendo [&hellip;]<\/p>\n","protected":false},"featured_media":1410787127,"comment_status":"open","ping_status":"closed","template":"","meta":{"googlesitekit_rrm_CAow0N7NCw:productID":"","content-type":"","pmpro_default_level":"","_themeisle_gutenberg_block_has_review":false},"product_brand":[427],"product_cat":[423],"product_tag":[],"class_list":{"0":"post-1410787128","1":"product","2":"type-product","3":"status-publish","4":"has-post-thumbnail","6":"product_brand-elanco","7":"product_cat-framacia-caes","8":"pmpro-has-access","10":"first","11":"instock","12":"taxable","13":"shipping-taxable","14":"purchasable","15":"product-type-simple"},"_links":{"self":[{"href":"https:\/\/dinhosreef.com\/en\/wp-json\/wp\/v2\/product\/1410787128","targetHints":{"allow":["GET"]}}],"collection":[{"href":"https:\/\/dinhosreef.com\/en\/wp-json\/wp\/v2\/product"}],"about":[{"href":"https:\/\/dinhosreef.com\/en\/wp-json\/wp\/v2\/types\/product"}],"replies":[{"embeddable":true,"href":"https:\/\/dinhosreef.com\/en\/wp-json\/wp\/v2\/comments?post=1410787128"}],"wp:featuredmedia":[{"embeddable":true,"href":"https:\/\/dinhosreef.com\/en\/wp-json\/wp\/v2\/media\/1410787127"}],"wp:attachment":[{"href":"https:\/\/dinhosreef.com\/en\/wp-json\/wp\/v2\/media?parent=1410787128"}],"wp:term":[{"taxonomy":"product_brand","embeddable":true,"href":"https:\/\/dinhosreef.com\/en\/wp-json\/wp\/v2\/product_brand?post=1410787128"},{"taxonomy":"product_cat","embeddable":true,"href":"https:\/\/dinhosreef.com\/en\/wp-json\/wp\/v2\/product_cat?post=1410787128"},{"taxonomy":"product_tag","embeddable":true,"href":"https:\/\/dinhosreef.com\/en\/wp-json\/wp\/v2\/product_tag?post=1410787128"}],"curies":[{"name":"wp","href":"https:\/\/api.w.org\/{rel}","templated":true}]}}