{"id":1410787130,"date":"2025-12-16T17:43:17","date_gmt":"2025-12-16T20:43:17","guid":{"rendered":"https:\/\/dinhosreef.com\/produto\/credeli-antipulgas-p-gatos-filhotes-12mg-com-1-comprimido\/"},"modified":"2026-05-04T09:05:23","modified_gmt":"2026-05-04T12:05:23","slug":"credeli-antipulgas-p-gatos-filhotes-12mg-com-1-comprimido","status":"publish","type":"product","link":"https:\/\/dinhosreef.com\/en\/product\/credeli-antipulgas-p-gatos-filhotes-12mg-com-1-comprimido\/","title":{"rendered":"CREDELI ANTIPULGAS P\/ GATOS FILHOTES 12MG COM 1 COMPRIMIDO"},"content":{"rendered":"<h3 data-start=\"110\" data-end=\"166\"><strong data-start=\"114\" data-end=\"164\">Credeli Gatos 12 mg \u2013 1 Comprimido (1 Bl\u00edster)<\/strong><\/h3>\n<p data-start=\"167\" data-end=\"362\">Garanta a prote\u00e7\u00e3o e o bem-estar do seu gato com <strong data-start=\"216\" data-end=\"239\">Credeli Gatos 12 mg<\/strong>, um comprimido formulado para auxiliar no controle de parasitas externos que podem afetar a sa\u00fade e o conforto do seu pet.<\/p>\n<p data-start=\"364\" data-end=\"553\"><strong data-start=\"366\" data-end=\"389\">F\u00e1cil administra\u00e7\u00e3o<\/strong><br data-start=\"389\" data-end=\"392\"><strong data-start=\"394\" data-end=\"418\">Comprimido palat\u00e1vel<\/strong><br data-start=\"418\" data-end=\"421\"><strong data-start=\"423\" data-end=\"481\">Pr\u00e1tico: embalagem com 1 bl\u00edster contendo 1 comprimido<\/strong><br data-start=\"481\" data-end=\"484\"><strong data-start=\"486\" data-end=\"553\">Indicado para gatos conforme recomenda\u00e7\u00e3o do m\u00e9dico-veterin\u00e1rio<\/strong><\/p>\n<p data-start=\"555\" data-end=\"746\">O Credeli \u00e9 conhecido por sua praticidade e efici\u00eancia, ajudando a manter seu felino protegido e saud\u00e1vel. Ideal para tutores que buscam uma solu\u00e7\u00e3o moderna e confi\u00e1vel para o cuidado do pet.<\/p>\n<p data-start=\"748\" data-end=\"844\"><strong data-start=\"748\" data-end=\"844\">Antes de usar, consulte sempre o m\u00e9dico-veterin\u00e1rio para orienta\u00e7\u00e3o adequada e dose correta<\/strong><\/p>","protected":false},"excerpt":{"rendered":"<p>Credeli Gatos 12 mg \u2013 1 Comprimido (1 Bl\u00edster) Garanta a prote\u00e7\u00e3o e o bem-estar do seu gato com Credeli Gatos 12 mg, um comprimido formulado para auxiliar no controle de parasitas externos que podem afetar a sa\u00fade e o conforto do seu pet. F\u00e1cil administra\u00e7\u00e3oComprimido palat\u00e1velPr\u00e1tico: embalagem com 1 bl\u00edster contendo 1 comprimidoIndicado para [&hellip;]<\/p>\n","protected":false},"featured_media":1410787129,"comment_status":"open","ping_status":"closed","template":"","meta":{"googlesitekit_rrm_CAow0N7NCw:productID":"","content-type":"","pmpro_default_level":"","_themeisle_gutenberg_block_has_review":false},"product_brand":[427],"product_cat":[423,382],"product_tag":[],"class_list":{"0":"post-1410787130","1":"product","2":"type-product","3":"status-publish","4":"has-post-thumbnail","6":"product_brand-elanco","7":"product_cat-framacia-caes","8":"product_cat-tratamento-anti-pulgas","9":"pmpro-has-access","11":"first","12":"instock","13":"taxable","14":"shipping-taxable","15":"purchasable","16":"product-type-simple"},"_links":{"self":[{"href":"https:\/\/dinhosreef.com\/en\/wp-json\/wp\/v2\/product\/1410787130","targetHints":{"allow":["GET"]}}],"collection":[{"href":"https:\/\/dinhosreef.com\/en\/wp-json\/wp\/v2\/product"}],"about":[{"href":"https:\/\/dinhosreef.com\/en\/wp-json\/wp\/v2\/types\/product"}],"replies":[{"embeddable":true,"href":"https:\/\/dinhosreef.com\/en\/wp-json\/wp\/v2\/comments?post=1410787130"}],"wp:featuredmedia":[{"embeddable":true,"href":"https:\/\/dinhosreef.com\/en\/wp-json\/wp\/v2\/media\/1410787129"}],"wp:attachment":[{"href":"https:\/\/dinhosreef.com\/en\/wp-json\/wp\/v2\/media?parent=1410787130"}],"wp:term":[{"taxonomy":"product_brand","embeddable":true,"href":"https:\/\/dinhosreef.com\/en\/wp-json\/wp\/v2\/product_brand?post=1410787130"},{"taxonomy":"product_cat","embeddable":true,"href":"https:\/\/dinhosreef.com\/en\/wp-json\/wp\/v2\/product_cat?post=1410787130"},{"taxonomy":"product_tag","embeddable":true,"href":"https:\/\/dinhosreef.com\/en\/wp-json\/wp\/v2\/product_tag?post=1410787130"}],"curies":[{"name":"wp","href":"https:\/\/api.w.org\/{rel}","templated":true}]}}