{"id":1410787134,"date":"2025-12-16T17:43:25","date_gmt":"2025-12-16T20:43:25","guid":{"rendered":"https:\/\/dinhosreef.com\/produto\/vermifugo-milbemax-g-16-40mg-2-comprimidos\/"},"modified":"2025-12-16T17:43:25","modified_gmt":"2025-12-16T20:43:25","slug":"vermifugo-milbemax-g-16-40mg-2-comprimidos","status":"publish","type":"product","link":"https:\/\/dinhosreef.com\/en\/product\/vermifugo-milbemax-g-16-40mg-2-comprimidos\/","title":{"rendered":"VERM\u00cdFUGO MILBEMAX G 16\/40MG- 2 COMPRIMIDOS"},"content":{"rendered":"<div class=\"rich-content\">\n<p>A resposta \u00e9 simples. Vermes podem viver dentro do seu gato por semanas e meses sem que apare\u00e7am quaisquer sintomas. Por\u00e9m durante esse tempo, eles podem ter efeitos delet\u00e9rios no seu gato sem que ele perceba. Vermes podem fazer seu pet ficar doente e alguns vermes podem ser transmitidos para os humanos e faz\u00ea-los ficarem doentes tamb\u00e9m. \u00c9 por isso que a vermifuga\u00e7\u00e3o em dia \u00e9 essencial.<strong>\u00a0<\/strong><\/p>\n<\/p><\/div>\n<div class=\"rich-content\">\n<p>No Brasil, os gatos podem ser infectados por vermes redondo e achatados. Milbemax\u2122 G foi desenvolvido para simplificar e ajudar na vermifuga\u00e7\u00e3o regular. Super pequenos, os saborosos comprimidos oferecem prote\u00e7\u00e3o contra os vermes mais comuns em gatos.<\/p>\n<\/p><\/div>","protected":false},"excerpt":{"rendered":"<p>A resposta \u00e9 simples. Vermes podem viver dentro do seu gato por semanas e meses sem que apare\u00e7am quaisquer sintomas. Por\u00e9m durante esse tempo, eles podem ter efeitos delet\u00e9rios no seu gato sem que ele perceba. Vermes podem fazer seu pet ficar doente e alguns vermes podem ser transmitidos para os humanos e faz\u00ea-los ficarem [&hellip;]<\/p>\n","protected":false},"featured_media":1410787133,"comment_status":"open","ping_status":"closed","template":"","meta":{"googlesitekit_rrm_CAow0N7NCw:productID":"","content-type":"","pmpro_default_level":"","_themeisle_gutenberg_block_has_review":false},"product_brand":[],"product_cat":[382],"product_tag":[],"class_list":{"0":"post-1410787134","1":"product","2":"type-product","3":"status-publish","4":"has-post-thumbnail","6":"product_cat-tratamento-anti-pulgas","7":"pmpro-has-access","9":"first","10":"instock","11":"taxable","12":"shipping-taxable","13":"purchasable","14":"product-type-simple"},"_links":{"self":[{"href":"https:\/\/dinhosreef.com\/en\/wp-json\/wp\/v2\/product\/1410787134","targetHints":{"allow":["GET"]}}],"collection":[{"href":"https:\/\/dinhosreef.com\/en\/wp-json\/wp\/v2\/product"}],"about":[{"href":"https:\/\/dinhosreef.com\/en\/wp-json\/wp\/v2\/types\/product"}],"replies":[{"embeddable":true,"href":"https:\/\/dinhosreef.com\/en\/wp-json\/wp\/v2\/comments?post=1410787134"}],"wp:featuredmedia":[{"embeddable":true,"href":"https:\/\/dinhosreef.com\/en\/wp-json\/wp\/v2\/media\/1410787133"}],"wp:attachment":[{"href":"https:\/\/dinhosreef.com\/en\/wp-json\/wp\/v2\/media?parent=1410787134"}],"wp:term":[{"taxonomy":"product_brand","embeddable":true,"href":"https:\/\/dinhosreef.com\/en\/wp-json\/wp\/v2\/product_brand?post=1410787134"},{"taxonomy":"product_cat","embeddable":true,"href":"https:\/\/dinhosreef.com\/en\/wp-json\/wp\/v2\/product_cat?post=1410787134"},{"taxonomy":"product_tag","embeddable":true,"href":"https:\/\/dinhosreef.com\/en\/wp-json\/wp\/v2\/product_tag?post=1410787134"}],"curies":[{"name":"wp","href":"https:\/\/api.w.org\/{rel}","templated":true}]}}