{"id":1410787136,"date":"2025-12-16T17:43:29","date_gmt":"2025-12-16T20:43:29","guid":{"rendered":"https:\/\/dinhosreef.com\/produto\/coleira-seresto-grande-anti-pulgas-para-caes\/"},"modified":"2026-04-07T11:02:40","modified_gmt":"2026-04-07T14:02:40","slug":"coleira-seresto-grande-anti-pulgas-para-caes","status":"publish","type":"product","link":"https:\/\/dinhosreef.com\/en\/product\/coleira-seresto-grande-anti-pulgas-para-caes\/","title":{"rendered":"COLEIRA SERESTO GRANDE ANTI PULGAS PARA C\u00c3ES"},"content":{"rendered":"<ul>\n<li>Elimina pulgas e carrapatos;<br \/>&#8211; Baixas doses liberadas continuamente;<br \/>&#8211; Seguran\u00e7a para os animais e para a fam\u00edlia;<br \/>&#8211; Oferece prote\u00e7\u00e3o cont\u00ednua por at\u00e9 8 meses;<br \/>&#8211; Pode ser usada em filhotes de c\u00e3es a partir de 7 semanas;<br \/>&#8211; Coleira ajust\u00e1vel com trava de seguran\u00e7a, sem cheiro e resistente \u00e0 \u00e1gua;<br \/>&#8211; Atinge acima de 99,8% de efic\u00e1cia na elimina\u00e7\u00e3o das pulgas em 24 horas;<br \/>&#8211; Atinge acima de 97% de efic\u00e1cia na elimina\u00e7\u00e3o de carrapatos em 48 horas\n<p>* Consulte sempre o M\u00e9dico Veterin\u00e1rio de sua confian\u00e7a para o uso apropriado deste produto. Leia a bula ou informa\u00e7\u00f5es descritas na embalagem.<\/li>\n<\/ul>","protected":false},"excerpt":{"rendered":"<p>Elimina pulgas e carrapatos;&#8211; Baixas doses liberadas continuamente;&#8211; Seguran\u00e7a para os animais e para a fam\u00edlia;&#8211; Oferece prote\u00e7\u00e3o cont\u00ednua por at\u00e9 8 meses;&#8211; Pode ser usada em filhotes de c\u00e3es a partir de 7 semanas;&#8211; Coleira ajust\u00e1vel com trava de seguran\u00e7a, sem cheiro e resistente \u00e0 \u00e1gua;&#8211; Atinge acima de 99,8% de efic\u00e1cia na elimina\u00e7\u00e3o [&hellip;]<\/p>\n","protected":false},"featured_media":1410787135,"comment_status":"open","ping_status":"closed","template":"","meta":{"googlesitekit_rrm_CAow0N7NCw:productID":"","content-type":"","pmpro_default_level":"","_themeisle_gutenberg_block_has_review":false},"product_brand":[],"product_cat":[382],"product_tag":[],"class_list":{"0":"post-1410787136","1":"product","2":"type-product","3":"status-publish","4":"has-post-thumbnail","6":"product_cat-tratamento-anti-pulgas","7":"pmpro-has-access","9":"first","10":"outofstock","11":"taxable","12":"shipping-taxable","13":"purchasable","14":"product-type-simple"},"_links":{"self":[{"href":"https:\/\/dinhosreef.com\/en\/wp-json\/wp\/v2\/product\/1410787136","targetHints":{"allow":["GET"]}}],"collection":[{"href":"https:\/\/dinhosreef.com\/en\/wp-json\/wp\/v2\/product"}],"about":[{"href":"https:\/\/dinhosreef.com\/en\/wp-json\/wp\/v2\/types\/product"}],"replies":[{"embeddable":true,"href":"https:\/\/dinhosreef.com\/en\/wp-json\/wp\/v2\/comments?post=1410787136"}],"wp:featuredmedia":[{"embeddable":true,"href":"https:\/\/dinhosreef.com\/en\/wp-json\/wp\/v2\/media\/1410787135"}],"wp:attachment":[{"href":"https:\/\/dinhosreef.com\/en\/wp-json\/wp\/v2\/media?parent=1410787136"}],"wp:term":[{"taxonomy":"product_brand","embeddable":true,"href":"https:\/\/dinhosreef.com\/en\/wp-json\/wp\/v2\/product_brand?post=1410787136"},{"taxonomy":"product_cat","embeddable":true,"href":"https:\/\/dinhosreef.com\/en\/wp-json\/wp\/v2\/product_cat?post=1410787136"},{"taxonomy":"product_tag","embeddable":true,"href":"https:\/\/dinhosreef.com\/en\/wp-json\/wp\/v2\/product_tag?post=1410787136"}],"curies":[{"name":"wp","href":"https:\/\/api.w.org\/{rel}","templated":true}]}}