{"id":1410787140,"date":"2025-12-16T17:43:36","date_gmt":"2025-12-16T20:43:36","guid":{"rendered":"https:\/\/dinhosreef.com\/produto\/combo-advocate-caes-25-a-40-kg-3-bisnagas-40-ml\/"},"modified":"2026-02-21T18:30:17","modified_gmt":"2026-02-21T21:30:17","slug":"combo-advocate-caes-25-a-40-kg-3-bisnagas-40-ml","status":"publish","type":"product","link":"https:\/\/dinhosreef.com\/en\/product\/combo-advocate-caes-25-a-40-kg-3-bisnagas-40-ml\/","title":{"rendered":"Combo Advocate C\u00e3es 25 A 40 Kg 3 Bisnagas 4,0 Ml"},"content":{"rendered":"<p>DETALHES: &#8211; Auxilia na prote\u00e7\u00e3o contra verme do cora\u00e7\u00e3o (Dirofilariose), pulgas, vermes intestinais e sarnas; &#8211; Possui multiprote\u00e7\u00e3o ao seu pet, agindo por dentro e por fora; &#8211; Com maior dura\u00e7\u00e3o e mais resistente a \u00e1gua, sendo de f\u00e1cil aplica\u00e7\u00e3o; &#8211; Pode ser aplicado logo ap\u00f3s o banho e tosa, com o pelo seco; &#8211; Dose \u00fanica mensal, podendo ser usada a partir de 7 semanas de vida do pet. O Antipulgas e Vermicida Advocate para C\u00e3es de 25 Kg at\u00e9 40 Kg (4 ml) possui composi\u00e7\u00e3o exclusiva que combina em uma \u00fanica dose mensal, tratamento e preven\u00e7\u00e3o contra pulgas, vermes intestinais, verme do cora\u00e7\u00e3o e sarnas. Tratamento t\u00f3pico e de f\u00e1cil aplica\u00e7\u00e3o, \u00e9 r\u00e1pida e eficiente no controle das pulgas e elimina os vermes adultos no intestino e os est\u00e1gios jovens dos vermes, que podem migrar para outros \u00f3rg\u00e3os interrompendo assim o ciclo de vida do parasita. Al\u00e9m disso, ele trata e previne as sarnas otod\u00e9cica, sarc\u00f3ptica e demod\u00e9cicas dos c\u00e3es. &#8230;&#8230;&#8230;&#8230;&#8230;&#8230;&#8230;&#8230;&#8230;&#8230;&#8230;&#8230;&#8230;&#8230;&#8230;&#8230;&#8230;&#8230;&#8230;&#8230;&#8230;&#8230;&#8230;&#8230; DICAS: Antipulgas e Vermicida Advocate para C\u00e3es de 25 Kg at\u00e9 40 Kg (4 ml) \u00e9 seguro para administra\u00e7\u00e3o em c\u00e3es a partir de 7 semanas, f\u00eameas gestantes e lactantes, e em ra\u00e7as sens\u00edveis, como Collies<\/p>","protected":false},"excerpt":{"rendered":"<p>DETALHES: &#8211; Auxilia na prote\u00e7\u00e3o contra verme do cora\u00e7\u00e3o (Dirofilariose), pulgas, vermes intestinais e sarnas; &#8211; Possui multiprote\u00e7\u00e3o ao seu pet, agindo por dentro e por fora; &#8211; Com maior dura\u00e7\u00e3o e mais resistente a \u00e1gua, sendo de f\u00e1cil aplica\u00e7\u00e3o; &#8211; Pode ser aplicado logo ap\u00f3s o banho e tosa, com o pelo seco; &#8211; [&hellip;]<\/p>\n","protected":false},"featured_media":1410787139,"comment_status":"open","ping_status":"closed","template":"","meta":{"googlesitekit_rrm_CAow0N7NCw:productID":"","content-type":"","pmpro_default_level":"","_themeisle_gutenberg_block_has_review":false},"product_brand":[427],"product_cat":[423,367],"product_tag":[],"class_list":{"0":"post-1410787140","1":"product","2":"type-product","3":"status-publish","4":"has-post-thumbnail","6":"product_brand-elanco","7":"product_cat-framacia-caes","8":"product_cat-suplementos-e-vitaminas","9":"pmpro-has-access","11":"first","12":"instock","13":"taxable","14":"shipping-taxable","15":"purchasable","16":"product-type-simple"},"_links":{"self":[{"href":"https:\/\/dinhosreef.com\/en\/wp-json\/wp\/v2\/product\/1410787140","targetHints":{"allow":["GET"]}}],"collection":[{"href":"https:\/\/dinhosreef.com\/en\/wp-json\/wp\/v2\/product"}],"about":[{"href":"https:\/\/dinhosreef.com\/en\/wp-json\/wp\/v2\/types\/product"}],"replies":[{"embeddable":true,"href":"https:\/\/dinhosreef.com\/en\/wp-json\/wp\/v2\/comments?post=1410787140"}],"wp:featuredmedia":[{"embeddable":true,"href":"https:\/\/dinhosreef.com\/en\/wp-json\/wp\/v2\/media\/1410787139"}],"wp:attachment":[{"href":"https:\/\/dinhosreef.com\/en\/wp-json\/wp\/v2\/media?parent=1410787140"}],"wp:term":[{"taxonomy":"product_brand","embeddable":true,"href":"https:\/\/dinhosreef.com\/en\/wp-json\/wp\/v2\/product_brand?post=1410787140"},{"taxonomy":"product_cat","embeddable":true,"href":"https:\/\/dinhosreef.com\/en\/wp-json\/wp\/v2\/product_cat?post=1410787140"},{"taxonomy":"product_tag","embeddable":true,"href":"https:\/\/dinhosreef.com\/en\/wp-json\/wp\/v2\/product_tag?post=1410787140"}],"curies":[{"name":"wp","href":"https:\/\/api.w.org\/{rel}","templated":true}]}}