{"id":1410787167,"date":"2025-12-20T11:53:32","date_gmt":"2025-12-20T14:53:32","guid":{"rendered":"https:\/\/dinhosreef.com\/produto\/substrato-especial-ip-solum-fn-extra-fino-36l\/"},"modified":"2026-02-27T18:41:58","modified_gmt":"2026-02-27T21:41:58","slug":"substrato-especial-ip-solum-fn-extra-fino-36l","status":"publish","type":"product","link":"https:\/\/dinhosreef.com\/en\/product\/substrato-especial-ip-solum-fn-extra-fino-36l\/","title":{"rendered":"SUBSTRATO ESPECIAL IP SOLUM FN EXTRA FINO 3,6L."},"content":{"rendered":"<p><strong>SOLUM<\/strong>\u00a0\u00e9 um substrato especial\u00a0<strong>INDUSPHARMA<\/strong>, desnvolvido para \u00e1quarios plantados, onde exige-se alta performance no cultivo das plantas aqu\u00e1ticas.<\/p>\n<p><strong>SOLUM<\/strong>\u00a0\u00e9 composto por argilomineral de alta performance com nutrientes essenciais, mantendo um alto \u00edndice-<strong>coeficiente de troca cati\u00f4nica (C.T.C)<\/strong>. Caracter\u00edstica primordial no desenvolvimento folicular das plantas aqu\u00e1ticas, proporcionando um total equil\u00edbrio no enraizamento .<\/p>\n<p>\u00a0<\/p>\n<p><strong>MODO DE USAR:<\/strong><\/p>\n<p>Pode ser utilizado isoladamente, sem camada inerte.<\/p>\n<p>Podeser utilizado com outros tipos de substrato como areia ou cascalho, respeitando a quantidade m\u00ednima de 30% do volume total.<\/p>\n<p><strong>FLUTUABILIDADE:\u00a0<\/strong>Recomenda-se que seja hidratado por 48 horas para evitar que flutue.<\/p>","protected":false},"excerpt":{"rendered":"<p>SOLUM\u00a0\u00e9 um substrato especial\u00a0INDUSPHARMA, desnvolvido para \u00e1quarios plantados, onde exige-se alta performance no cultivo das plantas aqu\u00e1ticas. SOLUM\u00a0\u00e9 composto por argilomineral de alta performance com nutrientes essenciais, mantendo um alto \u00edndice-coeficiente de troca cati\u00f4nica (C.T.C). Caracter\u00edstica primordial no desenvolvimento folicular das plantas aqu\u00e1ticas, proporcionando um total equil\u00edbrio no enraizamento . \u00a0 MODO DE USAR: Pode [&hellip;]<\/p>\n","protected":false},"featured_media":1410787166,"comment_status":"open","ping_status":"closed","template":"","meta":{"googlesitekit_rrm_CAow0N7NCw:productID":"","content-type":"","pmpro_default_level":"","_themeisle_gutenberg_block_has_review":false},"product_brand":[],"product_cat":[360],"product_tag":[],"class_list":{"0":"post-1410787167","1":"product","2":"type-product","3":"status-publish","4":"has-post-thumbnail","6":"product_cat-filtros-manutencao-de-aquarios-acessorios-para-aquarios-peixes-pet-shop","7":"pmpro-has-access","9":"first","10":"instock","11":"taxable","12":"shipping-taxable","13":"purchasable","14":"product-type-simple"},"_links":{"self":[{"href":"https:\/\/dinhosreef.com\/en\/wp-json\/wp\/v2\/product\/1410787167","targetHints":{"allow":["GET"]}}],"collection":[{"href":"https:\/\/dinhosreef.com\/en\/wp-json\/wp\/v2\/product"}],"about":[{"href":"https:\/\/dinhosreef.com\/en\/wp-json\/wp\/v2\/types\/product"}],"replies":[{"embeddable":true,"href":"https:\/\/dinhosreef.com\/en\/wp-json\/wp\/v2\/comments?post=1410787167"}],"wp:featuredmedia":[{"embeddable":true,"href":"https:\/\/dinhosreef.com\/en\/wp-json\/wp\/v2\/media\/1410787166"}],"wp:attachment":[{"href":"https:\/\/dinhosreef.com\/en\/wp-json\/wp\/v2\/media?parent=1410787167"}],"wp:term":[{"taxonomy":"product_brand","embeddable":true,"href":"https:\/\/dinhosreef.com\/en\/wp-json\/wp\/v2\/product_brand?post=1410787167"},{"taxonomy":"product_cat","embeddable":true,"href":"https:\/\/dinhosreef.com\/en\/wp-json\/wp\/v2\/product_cat?post=1410787167"},{"taxonomy":"product_tag","embeddable":true,"href":"https:\/\/dinhosreef.com\/en\/wp-json\/wp\/v2\/product_tag?post=1410787167"}],"curies":[{"name":"wp","href":"https:\/\/api.w.org\/{rel}","templated":true}]}}