{"id":1410787181,"date":"2025-12-20T12:49:24","date_gmt":"2025-12-20T15:49:24","guid":{"rendered":"https:\/\/dinhosreef.com\/produto\/racao-ped-caes-racas-pequenas-carne-e-vegetais-15kg\/"},"modified":"2026-04-09T15:05:56","modified_gmt":"2026-04-09T18:05:56","slug":"racao-ped-caes-racas-pequenas-carne-e-vegetais-15kg","status":"publish","type":"product","link":"https:\/\/dinhosreef.com\/en\/product\/racao-ped-caes-racas-pequenas-carne-e-vegetais-15kg\/","title":{"rendered":"RA\u00c7\u00c3O PED. C\u00c3ES RA\u00c7AS PEQUENAS CARNE E VEGETAIS 15KG"},"content":{"rendered":"<h3 data-start=\"131\" data-end=\"183\"><strong data-start=\"138\" data-end=\"183\">Ra\u00e7\u00e3o Pedigree Adulto Ra\u00e7as Pequenas 15kg<\/strong><\/h3>\n<p data-start=\"185\" data-end=\"473\">D\u00ea ao seu c\u00e3ozinho toda a nutri\u00e7\u00e3o e sabor que ele merece com a <strong data-start=\"249\" data-end=\"289\">Ra\u00e7\u00e3o Pedigree Adulto Ra\u00e7as Pequenas<\/strong>!<br data-start=\"290\" data-end=\"293\">Formulada especialmente para c\u00e3es de pequeno porte, ela cont\u00e9m ingredientes selecionados e balanceados para atender \u00e0s suas necessidades espec\u00edficas de energia, sa\u00fade e vitalidade.<\/p>\n<h4 data-start=\"475\" data-end=\"498\"><strong data-start=\"483\" data-end=\"498\">Benef\u00edcios:<\/strong><\/h4>\n<ul data-start=\"499\" data-end=\"1043\">\n<li data-start=\"499\" data-end=\"635\">\n<p data-start=\"501\" data-end=\"635\"><strong data-start=\"501\" data-end=\"536\">Nutri\u00e7\u00e3o completa e balanceada:<\/strong> desenvolvida com prote\u00ednas de alta qualidade que ajudam a manter os m\u00fasculos fortes e saud\u00e1veis.<\/p>\n<\/li>\n<li data-start=\"636\" data-end=\"735\">\n<p data-start=\"638\" data-end=\"735\"><strong data-start=\"638\" data-end=\"654\">Sa\u00fade bucal:<\/strong> croquetes com textura especial que auxiliam na redu\u00e7\u00e3o da forma\u00e7\u00e3o de t\u00e1rtaro.<\/p>\n<\/li>\n<li data-start=\"736\" data-end=\"835\">\n<p data-start=\"738\" data-end=\"835\"><strong data-start=\"738\" data-end=\"780\">Pelos mais brilhantes e pele saud\u00e1vel:<\/strong> com <strong data-start=\"785\" data-end=\"796\">\u00f4mega 6<\/strong> e <strong data-start=\"799\" data-end=\"808\">zinco<\/strong> para um visual incr\u00edvel.<\/p>\n<\/li>\n<li data-start=\"836\" data-end=\"947\">\n<p data-start=\"838\" data-end=\"947\"><strong data-start=\"838\" data-end=\"868\">Digest\u00e3o f\u00e1cil e saud\u00e1vel:<\/strong> cont\u00e9m fibras naturais e prebi\u00f3ticos que ajudam no funcionamento intestinal.<\/p>\n<\/li>\n<li data-start=\"948\" data-end=\"1043\">\n<p data-start=\"950\" data-end=\"1043\"><strong data-start=\"950\" data-end=\"973\">Sabor irresist\u00edvel:<\/strong> feito com carne, frango e cereais integrais \u2014 o seu pet vai adorar!<\/p>\n<\/li>\n<\/ul>\n<h4 data-start=\"1045\" data-end=\"1071\"><strong data-start=\"1053\" data-end=\"1071\">Indicado para:<\/strong><\/h4>\n<p data-start=\"1072\" data-end=\"1107\">C\u00e3es <strong data-start=\"1077\" data-end=\"1106\">adultos de ra\u00e7as pequenas<\/strong>.<\/p>\n<h4 data-start=\"1109\" data-end=\"1131\"><strong data-start=\"1117\" data-end=\"1131\">Embalagem:<\/strong><\/h4>\n<p data-start=\"1132\" data-end=\"1206\">Saco de <strong data-start=\"1140\" data-end=\"1148\">15kg<\/strong>, ideal para garantir praticidade e economia no dia a dia.<\/p>","protected":false},"excerpt":{"rendered":"<p>Ra\u00e7\u00e3o Pedigree Adulto Ra\u00e7as Pequenas 15kg D\u00ea ao seu c\u00e3ozinho toda a nutri\u00e7\u00e3o e sabor que ele merece com a Ra\u00e7\u00e3o Pedigree Adulto Ra\u00e7as Pequenas!Formulada especialmente para c\u00e3es de pequeno porte, ela cont\u00e9m ingredientes selecionados e balanceados para atender \u00e0s suas necessidades espec\u00edficas de energia, sa\u00fade e vitalidade. Benef\u00edcios: Nutri\u00e7\u00e3o completa e balanceada: desenvolvida com [&hellip;]<\/p>\n","protected":false},"featured_media":1410787180,"comment_status":"open","ping_status":"closed","template":"","meta":{"googlesitekit_rrm_CAow0N7NCw:productID":"","content-type":"","pmpro_default_level":"","_themeisle_gutenberg_block_has_review":false},"product_brand":[438],"product_cat":[259],"product_tag":[],"class_list":{"0":"post-1410787181","1":"product","2":"type-product","3":"status-publish","4":"has-post-thumbnail","6":"product_brand-pedigree","7":"product_cat-racoes-alimento-petisco-e-suplemento-caes","8":"pmpro-has-access","10":"first","11":"outofstock","12":"taxable","13":"shipping-taxable","14":"purchasable","15":"product-type-simple"},"_links":{"self":[{"href":"https:\/\/dinhosreef.com\/en\/wp-json\/wp\/v2\/product\/1410787181","targetHints":{"allow":["GET"]}}],"collection":[{"href":"https:\/\/dinhosreef.com\/en\/wp-json\/wp\/v2\/product"}],"about":[{"href":"https:\/\/dinhosreef.com\/en\/wp-json\/wp\/v2\/types\/product"}],"replies":[{"embeddable":true,"href":"https:\/\/dinhosreef.com\/en\/wp-json\/wp\/v2\/comments?post=1410787181"}],"wp:featuredmedia":[{"embeddable":true,"href":"https:\/\/dinhosreef.com\/en\/wp-json\/wp\/v2\/media\/1410787180"}],"wp:attachment":[{"href":"https:\/\/dinhosreef.com\/en\/wp-json\/wp\/v2\/media?parent=1410787181"}],"wp:term":[{"taxonomy":"product_brand","embeddable":true,"href":"https:\/\/dinhosreef.com\/en\/wp-json\/wp\/v2\/product_brand?post=1410787181"},{"taxonomy":"product_cat","embeddable":true,"href":"https:\/\/dinhosreef.com\/en\/wp-json\/wp\/v2\/product_cat?post=1410787181"},{"taxonomy":"product_tag","embeddable":true,"href":"https:\/\/dinhosreef.com\/en\/wp-json\/wp\/v2\/product_tag?post=1410787181"}],"curies":[{"name":"wp","href":"https:\/\/api.w.org\/{rel}","templated":true}]}}