{"id":1410787185,"date":"2025-12-20T15:31:14","date_gmt":"2025-12-20T18:31:14","guid":{"rendered":"https:\/\/dinhosreef.com\/produto\/pink-skunk-clownfish-palhaco-selvagem\/"},"modified":"2026-03-21T14:48:08","modified_gmt":"2026-03-21T17:48:08","slug":"pink-skunk-clownfish-palhaco-selvagem","status":"publish","type":"product","link":"https:\/\/dinhosreef.com\/en\/product\/pink-skunk-clownfish-palhaco-selvagem\/","title":{"rendered":"Pink Skunk Clownfish Palha\u00e7o SELVAGEM"},"content":{"rendered":"<p>Amphiprion sandaracinos, tamb\u00e9m conhecido como peixe-palha\u00e7o gamb\u00e1 laranja ou peixe an\u00eamona laranja, \u00e9 uma esp\u00e9cie de peixe an\u00eamona que se distingue por sua ampla faixa branca ao longo da cordilheira dorsal.<\/p>\n<p>Nome cient\u00edfico: Amphiprion sandaracinos<\/p>\n<p>Classifica\u00e7\u00e3o: Esp\u00e9cie<\/p>\n<p>Classifica\u00e7\u00e3o superior: Amphiprion<\/p>\n<p>Estado de Conserva\u00e7\u00e3o: Pouco preocupante (Est\u00e1vel)<\/p>\n<p>Caracter\u00edsticas<\/p>\n<p>Porte: Pequeno<\/p>\n<p>Litragem M\u00ednima: 30 L<\/p>\n<p>Alimenta\u00e7\u00e3o: F\u00e1cil<\/p>\n<p>Dificuldade: F\u00e1cil<\/p>\n<p>Agressivo com outros peixes: Baixa<\/p>\n<p>Agressivo com mesmo: N\u00e3o<\/p>\n<p>Come corais: N\u00e3o<\/p>\n<p>Come invertebrados: N\u00e3o<\/p>","protected":false},"excerpt":{"rendered":"<p>Amphiprion sandaracinos, tamb\u00e9m conhecido como peixe-palha\u00e7o gamb\u00e1 laranja ou peixe an\u00eamona laranja, \u00e9 uma esp\u00e9cie de peixe an\u00eamona que se distingue por sua ampla faixa branca ao longo da cordilheira dorsal. Nome cient\u00edfico: Amphiprion sandaracinos Classifica\u00e7\u00e3o: Esp\u00e9cie Classifica\u00e7\u00e3o superior: Amphiprion Estado de Conserva\u00e7\u00e3o: Pouco preocupante (Est\u00e1vel) Caracter\u00edsticas Porte: Pequeno Litragem M\u00ednima: 30 L Alimenta\u00e7\u00e3o: F\u00e1cil [&hellip;]<\/p>\n","protected":false},"featured_media":1410787184,"comment_status":"open","ping_status":"closed","template":"","meta":{"googlesitekit_rrm_CAow0N7NCw:productID":"","content-type":"","pmpro_default_level":"","_themeisle_gutenberg_block_has_review":false},"product_brand":[],"product_cat":[186,192,170,220],"product_tag":[],"class_list":{"0":"post-1410787185","1":"product","2":"type-product","3":"status-publish","4":"has-post-thumbnail","6":"product_cat-animais-vivos","7":"product_cat-clownfish","8":"product_cat-peixes-marinhos","9":"product_cat-todos-os-peixes-de-agua-salgada","10":"product_shipping_class-animais-vivos","11":"pmpro-has-access","13":"first","14":"outofstock","15":"taxable","16":"shipping-taxable","17":"purchasable","18":"product-type-simple"},"_links":{"self":[{"href":"https:\/\/dinhosreef.com\/en\/wp-json\/wp\/v2\/product\/1410787185","targetHints":{"allow":["GET"]}}],"collection":[{"href":"https:\/\/dinhosreef.com\/en\/wp-json\/wp\/v2\/product"}],"about":[{"href":"https:\/\/dinhosreef.com\/en\/wp-json\/wp\/v2\/types\/product"}],"replies":[{"embeddable":true,"href":"https:\/\/dinhosreef.com\/en\/wp-json\/wp\/v2\/comments?post=1410787185"}],"wp:featuredmedia":[{"embeddable":true,"href":"https:\/\/dinhosreef.com\/en\/wp-json\/wp\/v2\/media\/1410787184"}],"wp:attachment":[{"href":"https:\/\/dinhosreef.com\/en\/wp-json\/wp\/v2\/media?parent=1410787185"}],"wp:term":[{"taxonomy":"product_brand","embeddable":true,"href":"https:\/\/dinhosreef.com\/en\/wp-json\/wp\/v2\/product_brand?post=1410787185"},{"taxonomy":"product_cat","embeddable":true,"href":"https:\/\/dinhosreef.com\/en\/wp-json\/wp\/v2\/product_cat?post=1410787185"},{"taxonomy":"product_tag","embeddable":true,"href":"https:\/\/dinhosreef.com\/en\/wp-json\/wp\/v2\/product_tag?post=1410787185"}],"curies":[{"name":"wp","href":"https:\/\/api.w.org\/{rel}","templated":true}]}}