{"id":1410787189,"date":"2025-12-20T15:36:32","date_gmt":"2025-12-20T18:36:32","guid":{"rendered":"https:\/\/dinhosreef.com\/produto\/mandarin-spotted-green-synchiropus-picturatus\/"},"modified":"2026-03-02T22:30:52","modified_gmt":"2026-03-03T01:30:52","slug":"mandarin-spotted-green-synchiropus-picturatus","status":"publish","type":"product","link":"https:\/\/dinhosreef.com\/en\/product\/mandarin-spotted-green-synchiropus-picturatus\/","title":{"rendered":"Mandarin Spotted Green (Synchiropus picturatus)"},"content":{"rendered":"<p>Spotted Mandarin Tamanho m\u00ednimo aqu\u00e1rio : 120 LITROS N\u00edveis de cuidado : dif\u00edcil Temperamento: pacifico Compat\u00edvel em aqu\u00e1rios de corais : sim Condi\u00e7\u00f5es da \u00c1gua: 22 a 26 \u00ba, dKH 8-12, pH 8,1-8,4, sg 1,020-1,025 Tamanho m\u00e1ximo :10 cm Cores : preto, azul, verde, laranja Dieta: carn\u00edvoro Origem: Indo-Pac\u00edfico Fam\u00edlia: Callionymidae<\/p>","protected":false},"excerpt":{"rendered":"<p>Spotted Mandarin Tamanho m\u00ednimo aqu\u00e1rio : 120 LITROS N\u00edveis de cuidado : dif\u00edcil Temperamento: pacifico Compat\u00edvel em aqu\u00e1rios de corais : sim Condi\u00e7\u00f5es da \u00c1gua: 22 a 26 \u00ba, dKH 8-12, pH 8,1-8,4, sg 1,020-1,025 Tamanho m\u00e1ximo :10 cm Cores : preto, azul, verde, laranja Dieta: carn\u00edvoro Origem: Indo-Pac\u00edfico Fam\u00edlia: Callionymidae<\/p>","protected":false},"featured_media":1410789739,"comment_status":"open","ping_status":"closed","template":"","meta":{"googlesitekit_rrm_CAow0N7NCw:productID":"","content-type":"","pmpro_default_level":"","_themeisle_gutenberg_block_has_review":false},"product_brand":[],"product_cat":[186,195,170,220],"product_tag":[],"class_list":{"0":"post-1410787189","1":"product","2":"type-product","3":"status-publish","4":"has-post-thumbnail","6":"product_cat-animais-vivos","7":"product_cat-dragonets","8":"product_cat-peixes-marinhos","9":"product_cat-todos-os-peixes-de-agua-salgada","10":"pmpro-has-access","12":"first","13":"outofstock","14":"taxable","15":"shipping-taxable","16":"purchasable","17":"product-type-simple"},"_links":{"self":[{"href":"https:\/\/dinhosreef.com\/en\/wp-json\/wp\/v2\/product\/1410787189","targetHints":{"allow":["GET"]}}],"collection":[{"href":"https:\/\/dinhosreef.com\/en\/wp-json\/wp\/v2\/product"}],"about":[{"href":"https:\/\/dinhosreef.com\/en\/wp-json\/wp\/v2\/types\/product"}],"replies":[{"embeddable":true,"href":"https:\/\/dinhosreef.com\/en\/wp-json\/wp\/v2\/comments?post=1410787189"}],"wp:featuredmedia":[{"embeddable":true,"href":"https:\/\/dinhosreef.com\/en\/wp-json\/wp\/v2\/media\/1410789739"}],"wp:attachment":[{"href":"https:\/\/dinhosreef.com\/en\/wp-json\/wp\/v2\/media?parent=1410787189"}],"wp:term":[{"taxonomy":"product_brand","embeddable":true,"href":"https:\/\/dinhosreef.com\/en\/wp-json\/wp\/v2\/product_brand?post=1410787189"},{"taxonomy":"product_cat","embeddable":true,"href":"https:\/\/dinhosreef.com\/en\/wp-json\/wp\/v2\/product_cat?post=1410787189"},{"taxonomy":"product_tag","embeddable":true,"href":"https:\/\/dinhosreef.com\/en\/wp-json\/wp\/v2\/product_tag?post=1410787189"}],"curies":[{"name":"wp","href":"https:\/\/api.w.org\/{rel}","templated":true}]}}