{"id":1410787195,"date":"2025-12-22T15:54:38","date_gmt":"2025-12-22T18:54:38","guid":{"rendered":"https:\/\/dinhosreef.com\/produto\/termometro-digital-com-sensor-para-aquarios-oct11\/"},"modified":"2026-04-09T08:39:58","modified_gmt":"2026-04-09T11:39:58","slug":"termometro-digital-com-sensor-para-aquarios-oct11","status":"publish","type":"product","link":"https:\/\/dinhosreef.com\/en\/product\/termometro-digital-com-sensor-para-aquarios-oct11\/","title":{"rendered":"TERM\u00d4METRO DIGITAL COM SENSOR PARA AQU\u00c1RIOS OCT11"},"content":{"rendered":"<p><strong>Caracter\u00edsticas Principais: <\/strong><\/p>\n<p>I &#8211; Term\u00f4metro equipado com sensor preciso (+\/- 1\u00b0C);\u00a0<\/p>\n<p>II &#8211; Painel de LED de alta defini\u00e7\u00e3o;<\/p>\n<p>\u00a0III &#8211; Produto ideal para aqu\u00e1rios marinhos ou de \u00e1gua doce;<\/p>\n<p>IV &#8211; O produto pode ser instalado em qualquer dire\u00e7\u00e3o: horizontal ou vertical;\u00a0<\/p>\n<p>V &#8211; Sofisticado, design compacto, seguro e confi\u00e1vel; VI &#8211; Utiliza bateria de longa dura\u00e7\u00e3o e f\u00e1cil manuten\u00e7\u00e3o;\u00a0<\/p>\n<p>VII &#8211; N\u00e3o cont\u00e9m nenhum componente prejudicial \u00e0 sa\u00fade de animais e plantas;\u00a0<\/p>\n<p>VIII &#8211; Term\u00f4metro com escala decimal, facilitando a leitura precisa da temperatura do aqu\u00e1rio;\u00a0<\/p>\n<p>IX &#8211; Ideal para garantir o ambiente perfeito para os animais;\u00a0<\/p>\n<p>X &#8211; Utiliza sensor com cabo, o que facilita a leitura e manuten\u00e7\u00e3o do equipamento: maior comodidade e praticidade;\u00a0<\/p>\n<p>XI &#8211; Funciona com bateria DC 1.5V LR44 (bateria j\u00e1 inclusa);\u00a0<\/p>\n<p>XII &#8211; Comprimento do cabo do sensor de aproximadamente 98 cm.\u00a0<\/p>\n<p>XIII &#8211; Poss\u00edvel realizar a leitura da temperatura em Fahrenheit ou Celsius.\u00a0<\/p>\n<p><strong>Descri\u00e7\u00e3o: <\/strong><\/p>\n<p>Funcionamento extremamente simples: coloque a ponta do cabo na \u00e1gua e o mostrador fora da \u00e1gua. A temperatura da \u00e1gua ser\u00e1 indicada no mostrador. Simples assim! O estresse causado pela varia\u00e7\u00e3o da temperatura enfraquece o sistema imunol\u00f3gico do seu peixe. Mesmo peixes expostos brevemente a varia\u00e7\u00f5es de temperatura s\u00e3o menos resistentes a doen\u00e7as e parasitas que se alimentam das barbatanas, pele e br\u00e2nquias do seu peixe.<\/p>\n<p>\u00a0No seu aqu\u00e1rio n\u00e3o tem peixe? Voc\u00ea ainda precisa ficar de olho na temperatura. Observou-se que invertebrados, corais, plantas e algas tamb\u00e9m s\u00e3o influenciados negativamente por temperaturas fora da faixa preferida.<\/p>\n<p>\u00a0O term\u00f4metro digital OCT11 da SILICOMEX \u00e9 um modelo eficiente projetado para voc\u00ea que possui em sua casa um aqu\u00e1rio ou um terr\u00e1rio e deseja monitorar com precis\u00e3o a temperatura.<\/p>\n<p><strong>Modo de funcionamento<\/strong>: pressione o bot\u00e3o PWR para ligar o term\u00f4metro. O LCD apresentar\u00e1 agora a temperatura ambiente atual. Utilizando as ventosas fornecidas, fixe a unidade do visor no exterior do aqu\u00e1rio, mergulhando o sensor de temperatura na \u00e1gua. AVISO!!! N\u00e3o dever\u00e1 submergir a unidade de visualiza\u00e7\u00e3o. Apenas a sonda \u00e9 resistente \u00e0 \u00e1gua. Para desligar seu term\u00f4metro, basta segurar o bot\u00e3o PWR durante tr\u00eas segundos.<\/p>","protected":false},"excerpt":{"rendered":"<p>Caracter\u00edsticas Principais: I &#8211; Term\u00f4metro equipado com sensor preciso (+\/- 1\u00b0C);\u00a0 II &#8211; Painel de LED de alta defini\u00e7\u00e3o; \u00a0III &#8211; Produto ideal para aqu\u00e1rios marinhos ou de \u00e1gua doce; IV &#8211; O produto pode ser instalado em qualquer dire\u00e7\u00e3o: horizontal ou vertical;\u00a0 V &#8211; Sofisticado, design compacto, seguro e confi\u00e1vel; VI &#8211; Utiliza bateria [&hellip;]<\/p>\n","protected":false},"featured_media":1410787194,"comment_status":"open","ping_status":"closed","template":"","meta":{"googlesitekit_rrm_CAow0N7NCw:productID":"","content-type":"","pmpro_default_level":"","_themeisle_gutenberg_block_has_review":false},"product_brand":[],"product_cat":[387],"product_tag":[],"class_list":{"0":"post-1410787195","1":"product","2":"type-product","3":"status-publish","4":"has-post-thumbnail","6":"product_cat-termometros-pecas-para-aquario","7":"pmpro-has-access","9":"first","10":"instock","11":"taxable","12":"shipping-taxable","13":"purchasable","14":"product-type-simple"},"_links":{"self":[{"href":"https:\/\/dinhosreef.com\/en\/wp-json\/wp\/v2\/product\/1410787195","targetHints":{"allow":["GET"]}}],"collection":[{"href":"https:\/\/dinhosreef.com\/en\/wp-json\/wp\/v2\/product"}],"about":[{"href":"https:\/\/dinhosreef.com\/en\/wp-json\/wp\/v2\/types\/product"}],"replies":[{"embeddable":true,"href":"https:\/\/dinhosreef.com\/en\/wp-json\/wp\/v2\/comments?post=1410787195"}],"wp:featuredmedia":[{"embeddable":true,"href":"https:\/\/dinhosreef.com\/en\/wp-json\/wp\/v2\/media\/1410787194"}],"wp:attachment":[{"href":"https:\/\/dinhosreef.com\/en\/wp-json\/wp\/v2\/media?parent=1410787195"}],"wp:term":[{"taxonomy":"product_brand","embeddable":true,"href":"https:\/\/dinhosreef.com\/en\/wp-json\/wp\/v2\/product_brand?post=1410787195"},{"taxonomy":"product_cat","embeddable":true,"href":"https:\/\/dinhosreef.com\/en\/wp-json\/wp\/v2\/product_cat?post=1410787195"},{"taxonomy":"product_tag","embeddable":true,"href":"https:\/\/dinhosreef.com\/en\/wp-json\/wp\/v2\/product_tag?post=1410787195"}],"curies":[{"name":"wp","href":"https:\/\/api.w.org\/{rel}","templated":true}]}}