{"id":1410787197,"date":"2025-12-22T15:54:45","date_gmt":"2025-12-22T18:54:45","guid":{"rendered":"https:\/\/dinhosreef.com\/produto\/termometro-de-vidro-c-ventosa-para-aquarios-oct15\/"},"modified":"2026-04-17T07:00:05","modified_gmt":"2026-04-17T10:00:05","slug":"termometro-de-vidro-c-ventosa-para-aquarios-oct15","status":"publish","type":"product","link":"https:\/\/dinhosreef.com\/en\/product\/termometro-de-vidro-c-ventosa-para-aquarios-oct15\/","title":{"rendered":"TERM\u00d4METRO DE VIDRO C\/ VENTOSA PARA AQU\u00c1RIOS OCT15"},"content":{"rendered":"<div class=\"titulo-categoria\"><strong>Descri\u00e7\u00e3o<\/strong><\/div>\n<div class=\"tab-content\">\n<div id=\"descricao\" class=\"tab-pane active\">\n<p>Principais Caracter\u00edsticas:<br \/>I &#8211; Term\u00f4metro de vidro para aqu\u00e1rios e terr\u00e1rios;<br \/>II &#8211; Tamb\u00e9m \u00e9 poss\u00edvel utiliz\u00e1-lo em outras superf\u00edcies lisas;<br \/>III &#8211; Fabricado sem adi\u00e7\u00e3o de merc\u00fario;<br \/>IV &#8211; Modelo com fixa\u00e7\u00e3o por ventosa totalmente submerso;<br \/>V &#8211; Monitora temperaturas at\u00e9 50\u00b0C;<br \/>VI &#8211; Pode ser utilizado em aqu\u00e1rios de \u00e1gua doce e aqu\u00e1rios marinhos.<br \/>VII &#8211; Mede tanto em escala Celsius quanto Fahrenheit.<\/p>\n<p>Acompanhe a temperatura do seu aqu\u00e1rio de maneira f\u00e1cil e r\u00e1pida com o term\u00f4metro Oceanmax<br \/>Completamente submerso, ele te mant\u00e9m informado sobre qualquer altera\u00e7\u00e3o. Sua fixa\u00e7\u00e3o \u00e9 feita por ventosa e monitora temperaturas at\u00e9 50\u00b0C.<br \/>Cuide do bem-estar dos habitantes de seu aqu\u00e1rio com este term\u00f4metro seguro e confi\u00e1vel.<\/p>\n<\/p><\/div>\n<\/p><\/div>","protected":false},"excerpt":{"rendered":"<p>Descri\u00e7\u00e3o Principais Caracter\u00edsticas:I &#8211; Term\u00f4metro de vidro para aqu\u00e1rios e terr\u00e1rios;II &#8211; Tamb\u00e9m \u00e9 poss\u00edvel utiliz\u00e1-lo em outras superf\u00edcies lisas;III &#8211; Fabricado sem adi\u00e7\u00e3o de merc\u00fario;IV &#8211; Modelo com fixa\u00e7\u00e3o por ventosa totalmente submerso;V &#8211; Monitora temperaturas at\u00e9 50\u00b0C;VI &#8211; Pode ser utilizado em aqu\u00e1rios de \u00e1gua doce e aqu\u00e1rios marinhos.VII &#8211; Mede tanto em [&hellip;]<\/p>\n","protected":false},"featured_media":1410787196,"comment_status":"open","ping_status":"closed","template":"","meta":{"googlesitekit_rrm_CAow0N7NCw:productID":"","content-type":"","pmpro_default_level":"","_themeisle_gutenberg_block_has_review":false},"product_brand":[],"product_cat":[387],"product_tag":[],"class_list":{"0":"post-1410787197","1":"product","2":"type-product","3":"status-publish","4":"has-post-thumbnail","6":"product_cat-termometros-pecas-para-aquario","7":"pmpro-has-access","9":"first","10":"instock","11":"taxable","12":"shipping-taxable","13":"purchasable","14":"product-type-simple"},"_links":{"self":[{"href":"https:\/\/dinhosreef.com\/en\/wp-json\/wp\/v2\/product\/1410787197","targetHints":{"allow":["GET"]}}],"collection":[{"href":"https:\/\/dinhosreef.com\/en\/wp-json\/wp\/v2\/product"}],"about":[{"href":"https:\/\/dinhosreef.com\/en\/wp-json\/wp\/v2\/types\/product"}],"replies":[{"embeddable":true,"href":"https:\/\/dinhosreef.com\/en\/wp-json\/wp\/v2\/comments?post=1410787197"}],"wp:featuredmedia":[{"embeddable":true,"href":"https:\/\/dinhosreef.com\/en\/wp-json\/wp\/v2\/media\/1410787196"}],"wp:attachment":[{"href":"https:\/\/dinhosreef.com\/en\/wp-json\/wp\/v2\/media?parent=1410787197"}],"wp:term":[{"taxonomy":"product_brand","embeddable":true,"href":"https:\/\/dinhosreef.com\/en\/wp-json\/wp\/v2\/product_brand?post=1410787197"},{"taxonomy":"product_cat","embeddable":true,"href":"https:\/\/dinhosreef.com\/en\/wp-json\/wp\/v2\/product_cat?post=1410787197"},{"taxonomy":"product_tag","embeddable":true,"href":"https:\/\/dinhosreef.com\/en\/wp-json\/wp\/v2\/product_tag?post=1410787197"}],"curies":[{"name":"wp","href":"https:\/\/api.w.org\/{rel}","templated":true}]}}