{"id":1410787199,"date":"2025-12-22T15:54:50","date_gmt":"2025-12-22T18:54:50","guid":{"rendered":"https:\/\/dinhosreef.com\/produto\/termometro-de-vidro-c-ventosa-para-aquarios-oceanmax\/"},"modified":"2026-04-20T10:29:27","modified_gmt":"2026-04-20T13:29:27","slug":"termometro-de-vidro-c-ventosa-para-aquarios-oceanmax","status":"publish","type":"product","link":"https:\/\/dinhosreef.com\/en\/product\/termometro-de-vidro-c-ventosa-para-aquarios-oceanmax\/","title":{"rendered":"TERM\u00d4METRO DE VIDRO C\/ VENTOSA PARA AQU\u00c1RIOS OCEANMAX"},"content":{"rendered":"<p>O Term\u00f4metro AT09 de Vidro Interno com Ventosa para Aqu\u00e1rios da marca Jeneca \u00e9 um item essencial para todos os entusiastas de aqu\u00e1rios. Com um design elegante na cor branca, este term\u00f4metro de vidro \u00e9 f\u00e1cil de instalar e ler, garantindo que voc\u00ea sempre tenha a temperatura exata do seu aqu\u00e1rio.<\/p>\n<p>Este term\u00f4metro \u00e9 capaz de medir temperaturas que variam de 0\u00b0C a 43\u00b0C, tornando-o adequado para uma ampla gama de ambientes aqu\u00e1ticos. Seja para um aqu\u00e1rio de \u00e1gua doce ou salgada, este term\u00f4metro ir\u00e1 fornecer leituras precisas para garantir a sa\u00fade e o bem-estar dos seus peixes.\u00a0<\/p>\n<p>A ventosa inclu\u00edda permite uma instala\u00e7\u00e3o f\u00e1cil e segura, garantindo que o term\u00f4metro permane\u00e7a no lugar, mesmo em condi\u00e7\u00f5es de \u00e1gua em movimento. Al\u00e9m disso, o material de vidro de alta qualidade garante durabilidade e resist\u00eancia a longo prazo.<\/p>\n<p>N\u00e3o possui tela digital, mas sua escala de temperatura \u00e9 clara e f\u00e1cil de ler. Com o Term\u00f4metro AT09 de Vidro Interno com Ventosa para Aqu\u00e1rios da Jeneca, voc\u00ea pode monitorar facilmente as condi\u00e7\u00f5es do seu aqu\u00e1rio, garantindo um ambiente saud\u00e1vel para seus peixes.<\/p>","protected":false},"excerpt":{"rendered":"<p>O Term\u00f4metro AT09 de Vidro Interno com Ventosa para Aqu\u00e1rios da marca Jeneca \u00e9 um item essencial para todos os entusiastas de aqu\u00e1rios. Com um design elegante na cor branca, este term\u00f4metro de vidro \u00e9 f\u00e1cil de instalar e ler, garantindo que voc\u00ea sempre tenha a temperatura exata do seu aqu\u00e1rio. Este term\u00f4metro \u00e9 capaz [&hellip;]<\/p>\n","protected":false},"featured_media":1410787198,"comment_status":"open","ping_status":"closed","template":"","meta":{"googlesitekit_rrm_CAow0N7NCw:productID":"","content-type":"","pmpro_default_level":"","_themeisle_gutenberg_block_has_review":false},"product_brand":[435],"product_cat":[387],"product_tag":[],"class_list":{"0":"post-1410787199","1":"product","2":"type-product","3":"status-publish","4":"has-post-thumbnail","6":"product_brand-jeneca","7":"product_cat-termometros-pecas-para-aquario","8":"pmpro-has-access","10":"first","11":"outofstock","12":"taxable","13":"shipping-taxable","14":"purchasable","15":"product-type-simple"},"_links":{"self":[{"href":"https:\/\/dinhosreef.com\/en\/wp-json\/wp\/v2\/product\/1410787199","targetHints":{"allow":["GET"]}}],"collection":[{"href":"https:\/\/dinhosreef.com\/en\/wp-json\/wp\/v2\/product"}],"about":[{"href":"https:\/\/dinhosreef.com\/en\/wp-json\/wp\/v2\/types\/product"}],"replies":[{"embeddable":true,"href":"https:\/\/dinhosreef.com\/en\/wp-json\/wp\/v2\/comments?post=1410787199"}],"wp:featuredmedia":[{"embeddable":true,"href":"https:\/\/dinhosreef.com\/en\/wp-json\/wp\/v2\/media\/1410787198"}],"wp:attachment":[{"href":"https:\/\/dinhosreef.com\/en\/wp-json\/wp\/v2\/media?parent=1410787199"}],"wp:term":[{"taxonomy":"product_brand","embeddable":true,"href":"https:\/\/dinhosreef.com\/en\/wp-json\/wp\/v2\/product_brand?post=1410787199"},{"taxonomy":"product_cat","embeddable":true,"href":"https:\/\/dinhosreef.com\/en\/wp-json\/wp\/v2\/product_cat?post=1410787199"},{"taxonomy":"product_tag","embeddable":true,"href":"https:\/\/dinhosreef.com\/en\/wp-json\/wp\/v2\/product_tag?post=1410787199"}],"curies":[{"name":"wp","href":"https:\/\/api.w.org\/{rel}","templated":true}]}}