{"id":1410787205,"date":"2025-12-22T17:48:50","date_gmt":"2025-12-22T20:48:50","guid":{"rendered":"https:\/\/dinhosreef.com\/produto\/farinhada-alcon-club-psitacideos-super-premium-250g\/"},"modified":"2026-02-18T15:03:36","modified_gmt":"2026-02-18T18:03:36","slug":"farinhada-alcon-club-psitacideos-super-premium-250g","status":"publish","type":"product","link":"https:\/\/dinhosreef.com\/en\/product\/farinhada-alcon-club-psitacideos-super-premium-250g\/","title":{"rendered":"FARINHADA ALCON CLUB PSITAC\u00cdDEOS SUPER PREMIUM- 250G"},"content":{"rendered":"<p>Alcon Club Farinhada Psitac\u00eddeos Super Premium \u00e9 um alimento completo especialmente formulado para a alimenta\u00e7\u00e3o de Calopsitas, Periquitos, Agapornis, Papagaios e outros Psitac\u00eddeos em per\u00edodos de maior necessidade nutricional, como na \u00e9poca de reprodu\u00e7\u00e3o e de muda de penas. \u00c9 enriquecido com Vitamina E, al\u00e9m de fontes de Sel\u00eanio Org\u00e2nico e DHA (precursor de \u00d4mega 3), ingredientes importantes para o per\u00edodo reprodutivo. Apresenta nucleot\u00eddeos, Prebi\u00f3tico e Probi\u00f3ticos, que favorecem o desenvolvimento da flora intestinal ben\u00e9fica, melhorando o aproveitamento dos nutrientes. Possui ovo integral e plasma sangu\u00edneo, fonte de imunoglobulinas de alto valor biol\u00f3gico. A presen\u00e7a de Creatina, L-Carnitina e Taurina garante efici\u00eancia no metabolismo energ\u00e9tico e suporte aos sistemas vitais das aves.<\/p>\n<p>Modo de uso Servir puro ou misturado ao alimento de manuten\u00e7\u00e3o Alcon Eco Club ou Alcon Club, em comedouros limpos. Deixar \u00e1gua limpa sempre \u00e0 disposi\u00e7\u00e3o. A farinhada deve corresponder a \u00bc da alimenta\u00e7\u00e3o, servida diariamente nos per\u00edodos de reprodu\u00e7\u00e3o, muda de penas, estresse e recupera\u00e7\u00e3o de doen\u00e7as.<\/p>","protected":false},"excerpt":{"rendered":"<p>Alcon Club Farinhada Psitac\u00eddeos Super Premium \u00e9 um alimento completo especialmente formulado para a alimenta\u00e7\u00e3o de Calopsitas, Periquitos, Agapornis, Papagaios e outros Psitac\u00eddeos em per\u00edodos de maior necessidade nutricional, como na \u00e9poca de reprodu\u00e7\u00e3o e de muda de penas. \u00c9 enriquecido com Vitamina E, al\u00e9m de fontes de Sel\u00eanio Org\u00e2nico e DHA (precursor de \u00d4mega [&hellip;]<\/p>\n","protected":false},"featured_media":1410787204,"comment_status":"open","ping_status":"closed","template":"","meta":{"googlesitekit_rrm_CAow0N7NCw:productID":"","content-type":"","pmpro_default_level":"","_themeisle_gutenberg_block_has_review":false},"product_brand":[332],"product_cat":[359],"product_tag":[],"class_list":{"0":"post-1410787205","1":"product","2":"type-product","3":"status-publish","4":"has-post-thumbnail","6":"product_brand-alcon","7":"product_cat-racao-racao","8":"pmpro-has-access","10":"first","11":"outofstock","12":"taxable","13":"shipping-taxable","14":"purchasable","15":"product-type-simple"},"_links":{"self":[{"href":"https:\/\/dinhosreef.com\/en\/wp-json\/wp\/v2\/product\/1410787205","targetHints":{"allow":["GET"]}}],"collection":[{"href":"https:\/\/dinhosreef.com\/en\/wp-json\/wp\/v2\/product"}],"about":[{"href":"https:\/\/dinhosreef.com\/en\/wp-json\/wp\/v2\/types\/product"}],"replies":[{"embeddable":true,"href":"https:\/\/dinhosreef.com\/en\/wp-json\/wp\/v2\/comments?post=1410787205"}],"wp:featuredmedia":[{"embeddable":true,"href":"https:\/\/dinhosreef.com\/en\/wp-json\/wp\/v2\/media\/1410787204"}],"wp:attachment":[{"href":"https:\/\/dinhosreef.com\/en\/wp-json\/wp\/v2\/media?parent=1410787205"}],"wp:term":[{"taxonomy":"product_brand","embeddable":true,"href":"https:\/\/dinhosreef.com\/en\/wp-json\/wp\/v2\/product_brand?post=1410787205"},{"taxonomy":"product_cat","embeddable":true,"href":"https:\/\/dinhosreef.com\/en\/wp-json\/wp\/v2\/product_cat?post=1410787205"},{"taxonomy":"product_tag","embeddable":true,"href":"https:\/\/dinhosreef.com\/en\/wp-json\/wp\/v2\/product_tag?post=1410787205"}],"curies":[{"name":"wp","href":"https:\/\/api.w.org\/{rel}","templated":true}]}}