{"id":1410787231,"date":"2025-12-23T17:55:45","date_gmt":"2025-12-23T20:55:45","guid":{"rendered":"https:\/\/dinhosreef.com\/produto\/racao-umida-tiki-cat-after-dark-frango-e-pato-80g\/"},"modified":"2026-04-15T09:18:41","modified_gmt":"2026-04-15T12:18:41","slug":"racao-umida-tiki-cat-after-dark-frango-e-pato-80g","status":"publish","type":"product","link":"https:\/\/dinhosreef.com\/en\/product\/racao-umida-tiki-cat-after-dark-frango-e-pato-80g\/","title":{"rendered":"RA\u00c7\u00c3O \u00daMIDA TIKI CAT AFTER DARK FRANGO E PATO 80G"},"content":{"rendered":"<p>O Tiki Cat After Dark Frango &amp; Pato 80g Lata \u00e9 um alimento \u00famido completo e balanceado para gatos, formulado para imitar a dieta natural de um felino na natureza, com alto teor de prote\u00ednas e ingredientes que incluem \u00f3rg\u00e3os e ossos mo\u00eddos, al\u00e9m de carne muscular. \u00c9 apresentado em lata de 80g.<\/p>\n<p><strong>Caracter\u00edsticas Principais:<\/strong><\/p>\n<p>Dieta &#8220;Whole Prey&#8221; (Presa Inteira): Inspirado na dieta natural de um carn\u00edvoro, este alimento inclui n\u00e3o apenas carne muscular, mas tamb\u00e9m \u00f3rg\u00e3os e ossos mo\u00eddos, fornecendo uma gama mais completa de nutrientes encontrados em uma presa.<\/p>\n<p>Alto Teor de Prote\u00edna Animal: Cont\u00e9m frango e pato de alta qualidade como os primeiros ingredientes, garantindo um perfil proteico robusto essencial para a sa\u00fade muscular e energia do gato.<\/p>\n<p>Rico em Umidade: Possui um teor de umidade muito elevado, crucial para a hidrata\u00e7\u00e3o dos gatos, que s\u00e3o propensos a problemas urin\u00e1rios se n\u00e3o ingerirem \u00e1gua suficiente.\u00a0<\/p>\n<p>Sem Gr\u00e3os, Amidos, Conservantes ou Subprodutos: Formulado sem ingredientes desnecess\u00e1rios ou potencialmente alerg\u00eanicos, como gr\u00e3os (milho, trigo, soja), amidos, batata, ervilha, corantes, aromatizantes artificiais ou subprodutos de carne.<\/p>\n<p>Nutri\u00e7\u00e3o Completa e Balanceada: Apesar de sua composi\u00e7\u00e3o &#8220;primitiva&#8221;, \u00e9 um alimento formulado para ser completo e balanceado para gatos em todas as fases da vida, contendo vitaminas, minerais e taurina (um amino\u00e1cido essencial para gatos).<\/p>\n<p>Textura: Geralmente apresenta uma textura de pat\u00ea ou carne desfiada em um caldo, o que \u00e9 muito palat\u00e1vel para a maioria dos gatos<\/p>\n<p><strong>Benef\u00edcios<\/strong>:<\/p>\n<p>Suporte \u00e0 Sa\u00fade Urin\u00e1ria: O alto teor de umidade contribui para a dilui\u00e7\u00e3o da urina e a sa\u00fade do trato urin\u00e1rio. <br \/>Manuten\u00e7\u00e3o da Massa Muscular: A alta qualidade e quantidade de prote\u00edna ajudam a manter a massa muscular magra. <br \/>Sa\u00fade da Pele e Pelagem: Nutrientes essenciais promovem uma pele saud\u00e1vel e uma pelagem brilhante. <br \/>Alta Palatabilidade: O sabor e a textura naturais s\u00e3o muito atraentes para os gatos.<\/p>","protected":false},"excerpt":{"rendered":"<p>O Tiki Cat After Dark Frango &amp; Pato 80g Lata \u00e9 um alimento \u00famido completo e balanceado para gatos, formulado para imitar a dieta natural de um felino na natureza, com alto teor de prote\u00ednas e ingredientes que incluem \u00f3rg\u00e3os e ossos mo\u00eddos, al\u00e9m de carne muscular. \u00c9 apresentado em lata de 80g. Caracter\u00edsticas Principais: [&hellip;]<\/p>\n","protected":false},"featured_media":1410787230,"comment_status":"open","ping_status":"closed","template":"","meta":{"googlesitekit_rrm_CAow0N7NCw:productID":"","content-type":"","pmpro_default_level":"","_themeisle_gutenberg_block_has_review":false},"product_brand":[],"product_cat":[256],"product_tag":[],"class_list":{"0":"post-1410787231","1":"product","2":"type-product","3":"status-publish","4":"has-post-thumbnail","6":"product_cat-racoes","7":"pmpro-has-access","9":"first","10":"instock","11":"taxable","12":"shipping-taxable","13":"purchasable","14":"product-type-simple"},"_links":{"self":[{"href":"https:\/\/dinhosreef.com\/en\/wp-json\/wp\/v2\/product\/1410787231","targetHints":{"allow":["GET"]}}],"collection":[{"href":"https:\/\/dinhosreef.com\/en\/wp-json\/wp\/v2\/product"}],"about":[{"href":"https:\/\/dinhosreef.com\/en\/wp-json\/wp\/v2\/types\/product"}],"replies":[{"embeddable":true,"href":"https:\/\/dinhosreef.com\/en\/wp-json\/wp\/v2\/comments?post=1410787231"}],"wp:featuredmedia":[{"embeddable":true,"href":"https:\/\/dinhosreef.com\/en\/wp-json\/wp\/v2\/media\/1410787230"}],"wp:attachment":[{"href":"https:\/\/dinhosreef.com\/en\/wp-json\/wp\/v2\/media?parent=1410787231"}],"wp:term":[{"taxonomy":"product_brand","embeddable":true,"href":"https:\/\/dinhosreef.com\/en\/wp-json\/wp\/v2\/product_brand?post=1410787231"},{"taxonomy":"product_cat","embeddable":true,"href":"https:\/\/dinhosreef.com\/en\/wp-json\/wp\/v2\/product_cat?post=1410787231"},{"taxonomy":"product_tag","embeddable":true,"href":"https:\/\/dinhosreef.com\/en\/wp-json\/wp\/v2\/product_tag?post=1410787231"}],"curies":[{"name":"wp","href":"https:\/\/api.w.org\/{rel}","templated":true}]}}