{"id":1410787292,"date":"2025-12-27T12:58:36","date_gmt":"2025-12-27T15:58:36","guid":{"rendered":"https:\/\/dinhosreef.com\/produto\/racao-umida-tiki-cat-silver-atum-e-cavalinha-68g\/"},"modified":"2026-03-26T13:06:01","modified_gmt":"2026-03-26T16:06:01","slug":"racao-umida-tiki-cat-silver-atum-e-cavalinha-68g","status":"publish","type":"product","link":"https:\/\/dinhosreef.com\/en\/product\/racao-umida-tiki-cat-silver-atum-e-cavalinha-68g\/","title":{"rendered":"RA\u00c7\u00c3O \u00daMIDA TIKI CAT SILVER ATUM E CAVALINHA 68G"},"content":{"rendered":"<p>O Tiki Cat \u00e9 fabricado na Tail\u00e2ndia e descreve suas instala\u00e7\u00f5es de produ\u00e7\u00e3o como &#8220;f\u00e1bricas premiadas de conservas de qualidade humana&#8221;. Essas instala\u00e7\u00f5es atendem aos padr\u00f5es internacionais de produ\u00e7\u00e3o de alimentos para consumo humano. Eles obt\u00eam os ingredientes o mais pr\u00f3ximo poss\u00edvel de sua f\u00e1brica, incluindo peixes de \u00e1guas tailandesas. Seus pesqueiros fazem parte da Funda\u00e7\u00e3o Internacional para a Sustentabilidade de Frutos do Mar (ISSF) e apoiam iniciativas de conserva\u00e7\u00e3o que ajudam a proteger os ambientes marinhos. Eles s\u00e3o certificados pelo Programa Internacional de Conserva\u00e7\u00e3o de Golfinhos, que visa proteger os golfinhos da pesca de atum. Todas as receitas s\u00e3o isentas de subprodutos animais, gr\u00e3os e batatas. S\u00e3o feitas sem corantes, aromatizantes e conservantes artificiais.<\/p>\n<p>Os alimentos \u00famidos da Tiki Cat est\u00e3o entre os produtos mais ricos em prote\u00ednas e com baixo teor de carboidratos do mercado. Com alguns de seus alimentos sem carboidrato, os alimentos da Tiki Cat s\u00e3o uma excelente op\u00e7\u00e3o para gatos com diabetes ou DII (doen\u00e7a intestinal inflamat\u00f3ria). Em particular, a linha After Dark \u00e9 uma escolha excepcional. \u00c9 uma linha de alimentos apropriados para cada esp\u00e9cie, combinando carne muscular e \u00f3rg\u00e3os para um amplo espectro de nutrientes de origem animal. Prote\u00edna e gordura de atum e cavalinha em flocos para auxiliar na manuten\u00e7\u00e3o muscular e no peso saud\u00e1vel.<\/p>\n<p>\u00a0<\/p>","protected":false},"excerpt":{"rendered":"<p>O Tiki Cat \u00e9 fabricado na Tail\u00e2ndia e descreve suas instala\u00e7\u00f5es de produ\u00e7\u00e3o como &#8220;f\u00e1bricas premiadas de conservas de qualidade humana&#8221;. Essas instala\u00e7\u00f5es atendem aos padr\u00f5es internacionais de produ\u00e7\u00e3o de alimentos para consumo humano. Eles obt\u00eam os ingredientes o mais pr\u00f3ximo poss\u00edvel de sua f\u00e1brica, incluindo peixes de \u00e1guas tailandesas. Seus pesqueiros fazem parte da [&hellip;]<\/p>\n","protected":false},"featured_media":1410787291,"comment_status":"open","ping_status":"closed","template":"","meta":{"googlesitekit_rrm_CAow0N7NCw:productID":"","content-type":"","pmpro_default_level":"","_themeisle_gutenberg_block_has_review":false},"product_brand":[],"product_cat":[256],"product_tag":[],"class_list":{"0":"post-1410787292","1":"product","2":"type-product","3":"status-publish","4":"has-post-thumbnail","6":"product_cat-racoes","7":"pmpro-has-access","9":"first","10":"outofstock","11":"taxable","12":"shipping-taxable","13":"purchasable","14":"product-type-simple"},"_links":{"self":[{"href":"https:\/\/dinhosreef.com\/en\/wp-json\/wp\/v2\/product\/1410787292","targetHints":{"allow":["GET"]}}],"collection":[{"href":"https:\/\/dinhosreef.com\/en\/wp-json\/wp\/v2\/product"}],"about":[{"href":"https:\/\/dinhosreef.com\/en\/wp-json\/wp\/v2\/types\/product"}],"replies":[{"embeddable":true,"href":"https:\/\/dinhosreef.com\/en\/wp-json\/wp\/v2\/comments?post=1410787292"}],"wp:featuredmedia":[{"embeddable":true,"href":"https:\/\/dinhosreef.com\/en\/wp-json\/wp\/v2\/media\/1410787291"}],"wp:attachment":[{"href":"https:\/\/dinhosreef.com\/en\/wp-json\/wp\/v2\/media?parent=1410787292"}],"wp:term":[{"taxonomy":"product_brand","embeddable":true,"href":"https:\/\/dinhosreef.com\/en\/wp-json\/wp\/v2\/product_brand?post=1410787292"},{"taxonomy":"product_cat","embeddable":true,"href":"https:\/\/dinhosreef.com\/en\/wp-json\/wp\/v2\/product_cat?post=1410787292"},{"taxonomy":"product_tag","embeddable":true,"href":"https:\/\/dinhosreef.com\/en\/wp-json\/wp\/v2\/product_tag?post=1410787292"}],"curies":[{"name":"wp","href":"https:\/\/api.w.org\/{rel}","templated":true}]}}