{"id":1410787407,"date":"2026-01-07T16:29:23","date_gmt":"2026-01-07T19:29:23","guid":{"rendered":"https:\/\/dinhosreef.com\/produto\/a-granel-substrato-snow-white-1kg-ocean-tech-2\/"},"modified":"2026-02-02T15:54:20","modified_gmt":"2026-02-02T18:54:20","slug":"a-granel-substrato-snow-white-1kg-ocean-tech-2","status":"publish","type":"product","link":"https:\/\/dinhosreef.com\/en\/product\/a-granel-substrato-snow-white-1kg-ocean-tech-2\/","title":{"rendered":"PEDRA SEIXO DE RIO N\u00daMERO 1"},"content":{"rendered":"<h3 data-start=\"115\" data-end=\"182\"><strong data-start=\"122\" data-end=\"182\">Pedra Seixo de Rio N\u00ba 1 \u2013 Natural, Decorativa e Vers\u00e1til<\/strong><\/h3>\n<p data-start=\"184\" data-end=\"475\">Transforme seus ambientes com a <strong data-start=\"216\" data-end=\"243\">Pedra Seixo de Rio N\u00ba 1<\/strong>, uma op\u00e7\u00e3o 100% natural, selecionada e ideal para projetos de paisagismo, jardinagem e decora\u00e7\u00e3o. Suas pedras possuem formato arredondado, textura suave e colora\u00e7\u00e3o harmoniosa, perfeitas para criar composi\u00e7\u00f5es elegantes e dur\u00e1veis.<\/p>\n<h3 data-start=\"477\" data-end=\"514\"><strong data-start=\"484\" data-end=\"514\">Principais Caracter\u00edsticas<\/strong><\/h3>\n<ul data-start=\"515\" data-end=\"758\">\n<li data-start=\"515\" data-end=\"558\">\n<p data-start=\"517\" data-end=\"558\">Pedras naturais, lavadas e selecionadas<\/p>\n<\/li>\n<li data-start=\"559\" data-end=\"622\">\n<p data-start=\"561\" data-end=\"622\">Tamanho uniforme (n\u00ba 1), garantindo acabamento profissional<\/p>\n<\/li>\n<li data-start=\"623\" data-end=\"673\">\n<p data-start=\"625\" data-end=\"673\">Cores variadas em tons terrosos e acinzentados<\/p>\n<\/li>\n<li data-start=\"674\" data-end=\"724\">\n<p data-start=\"676\" data-end=\"724\">Alta durabilidade e resist\u00eancia \u00e0s intemp\u00e9ries<\/p>\n<\/li>\n<li data-start=\"725\" data-end=\"758\">\n<p data-start=\"727\" data-end=\"758\">N\u00e3o desbota e n\u00e3o perde a forma<\/p>\n<\/li>\n<\/ul>\n<h3 data-start=\"760\" data-end=\"784\"><strong data-start=\"767\" data-end=\"784\">Indicado para<\/strong><\/h3>\n<ul data-start=\"785\" data-end=\"980\">\n<li data-start=\"785\" data-end=\"817\">\n<p data-start=\"787\" data-end=\"817\">Decora\u00e7\u00e3o de jardins e vasos<\/p>\n<\/li>\n<li data-start=\"818\" data-end=\"857\">\n<p data-start=\"820\" data-end=\"857\">Caminhos, cal\u00e7adas e \u00e1reas externas<\/p>\n<\/li>\n<li data-start=\"858\" data-end=\"881\">\n<p data-start=\"860\" data-end=\"881\">Paisagismo em geral<\/p>\n<\/li>\n<li data-start=\"882\" data-end=\"922\">\n<p data-start=\"884\" data-end=\"922\">Aqu\u00e1rios, fontes e lagos artificiais<\/p>\n<\/li>\n<li data-start=\"923\" data-end=\"980\">\n<p data-start=\"925\" data-end=\"980\">Cobertura de solo para evitar eros\u00e3o e manter a umidade<\/p>\n<\/li>\n<\/ul>\n<h3 data-start=\"982\" data-end=\"1003\"><strong data-start=\"989\" data-end=\"1003\">Benef\u00edcios<\/strong><\/h3>\n<ul data-start=\"1004\" data-end=\"1143\">\n<li data-start=\"1004\" data-end=\"1037\">\n<p data-start=\"1006\" data-end=\"1037\">Valoriza o visual do ambiente<\/p>\n<\/li>\n<li data-start=\"1038\" data-end=\"1070\">\n<p data-start=\"1040\" data-end=\"1070\">F\u00e1cil aplica\u00e7\u00e3o e manuten\u00e7\u00e3o<\/p>\n<\/li>\n<li data-start=\"1071\" data-end=\"1099\">\n<p data-start=\"1073\" data-end=\"1099\">Estilo r\u00fastico e natural<\/p>\n<\/li>\n<li data-start=\"1100\" data-end=\"1143\">\n<p data-start=\"1102\" data-end=\"1143\">Ideal para projetos modernos ou cl\u00e1ssicos.<\/p>\n<\/li>\n<\/ul>","protected":false},"excerpt":{"rendered":"<p>Pedra Seixo de Rio N\u00ba 1 \u2013 Natural, Decorativa e Vers\u00e1til Transforme seus ambientes com a Pedra Seixo de Rio N\u00ba 1, uma op\u00e7\u00e3o 100% natural, selecionada e ideal para projetos de paisagismo, jardinagem e decora\u00e7\u00e3o. Suas pedras possuem formato arredondado, textura suave e colora\u00e7\u00e3o harmoniosa, perfeitas para criar composi\u00e7\u00f5es elegantes e dur\u00e1veis. Principais Caracter\u00edsticas [&hellip;]<\/p>\n","protected":false},"featured_media":1410787406,"comment_status":"open","ping_status":"closed","template":"","meta":{"googlesitekit_rrm_CAow0N7NCw:productID":"","content-type":"","pmpro_default_level":"","_themeisle_gutenberg_block_has_review":false},"product_brand":[],"product_cat":[36],"product_tag":[],"class_list":{"0":"post-1410787407","1":"product","2":"type-product","3":"status-publish","4":"has-post-thumbnail","6":"product_cat-substrato-para-aquarios","7":"pmpro-has-access","9":"first","10":"instock","11":"taxable","12":"shipping-taxable","13":"purchasable","14":"product-type-simple"},"_links":{"self":[{"href":"https:\/\/dinhosreef.com\/en\/wp-json\/wp\/v2\/product\/1410787407","targetHints":{"allow":["GET"]}}],"collection":[{"href":"https:\/\/dinhosreef.com\/en\/wp-json\/wp\/v2\/product"}],"about":[{"href":"https:\/\/dinhosreef.com\/en\/wp-json\/wp\/v2\/types\/product"}],"replies":[{"embeddable":true,"href":"https:\/\/dinhosreef.com\/en\/wp-json\/wp\/v2\/comments?post=1410787407"}],"wp:featuredmedia":[{"embeddable":true,"href":"https:\/\/dinhosreef.com\/en\/wp-json\/wp\/v2\/media\/1410787406"}],"wp:attachment":[{"href":"https:\/\/dinhosreef.com\/en\/wp-json\/wp\/v2\/media?parent=1410787407"}],"wp:term":[{"taxonomy":"product_brand","embeddable":true,"href":"https:\/\/dinhosreef.com\/en\/wp-json\/wp\/v2\/product_brand?post=1410787407"},{"taxonomy":"product_cat","embeddable":true,"href":"https:\/\/dinhosreef.com\/en\/wp-json\/wp\/v2\/product_cat?post=1410787407"},{"taxonomy":"product_tag","embeddable":true,"href":"https:\/\/dinhosreef.com\/en\/wp-json\/wp\/v2\/product_tag?post=1410787407"}],"curies":[{"name":"wp","href":"https:\/\/api.w.org\/{rel}","templated":true}]}}