{"id":1410787422,"date":"2026-01-09T17:38:19","date_gmt":"2026-01-09T20:38:19","guid":{"rendered":"https:\/\/dinhosreef.com\/produto\/cama-europa-nylon-4-pro-colchonete-cor-vermelho\/"},"modified":"2026-04-20T13:15:06","modified_gmt":"2026-04-20T16:15:06","slug":"cama-europa-nylon-4-pro-colchonete-cor-vermelho","status":"publish","type":"product","link":"https:\/\/dinhosreef.com\/en\/product\/cama-europa-nylon-4-pro-colchonete-cor-vermelho\/","title":{"rendered":"CAMA EUROPA NYLON  4-PRO COLCHONETE  COR VERMELHO"},"content":{"rendered":"<p>Esse modelo foi pensado para proporcionar o melhor em Conforto, Qualidade e Seguran\u00e7a dentro de um pre\u00e7o acess\u00edvel. Com v\u00e1rias op\u00e7\u00f5es de estampas para voc\u00ea escolher a que mais combina com voc\u00ea e com o seu Pet.<\/p>\n<p>\u00a0\u2022 Confort\u00e1vel<\/p>\n<p>\u2022 V\u00e1rias estampas\u00a0<\/p>\n<p>\u2022 Almofada remov\u00edvel\u00a0<\/p>\n<p>\u2022 Fundo imperme\u00e1vel<\/p>","protected":false},"excerpt":{"rendered":"<p>Esse modelo foi pensado para proporcionar o melhor em Conforto, Qualidade e Seguran\u00e7a dentro de um pre\u00e7o acess\u00edvel. Com v\u00e1rias op\u00e7\u00f5es de estampas para voc\u00ea escolher a que mais combina com voc\u00ea e com o seu Pet. \u00a0\u2022 Confort\u00e1vel \u2022 V\u00e1rias estampas\u00a0 \u2022 Almofada remov\u00edvel\u00a0 \u2022 Fundo imperme\u00e1vel<\/p>","protected":false},"featured_media":1410787421,"comment_status":"open","ping_status":"closed","template":"","meta":{"googlesitekit_rrm_CAow0N7NCw:productID":"","content-type":"","pmpro_default_level":"","_themeisle_gutenberg_block_has_review":false},"product_brand":[],"product_cat":[164],"product_tag":[],"class_list":{"0":"post-1410787422","1":"product","2":"type-product","3":"status-publish","4":"has-post-thumbnail","6":"product_cat-pet-shop","7":"pmpro-has-access","9":"first","10":"instock","11":"taxable","12":"shipping-taxable","13":"purchasable","14":"product-type-simple"},"_links":{"self":[{"href":"https:\/\/dinhosreef.com\/en\/wp-json\/wp\/v2\/product\/1410787422","targetHints":{"allow":["GET"]}}],"collection":[{"href":"https:\/\/dinhosreef.com\/en\/wp-json\/wp\/v2\/product"}],"about":[{"href":"https:\/\/dinhosreef.com\/en\/wp-json\/wp\/v2\/types\/product"}],"replies":[{"embeddable":true,"href":"https:\/\/dinhosreef.com\/en\/wp-json\/wp\/v2\/comments?post=1410787422"}],"wp:featuredmedia":[{"embeddable":true,"href":"https:\/\/dinhosreef.com\/en\/wp-json\/wp\/v2\/media\/1410787421"}],"wp:attachment":[{"href":"https:\/\/dinhosreef.com\/en\/wp-json\/wp\/v2\/media?parent=1410787422"}],"wp:term":[{"taxonomy":"product_brand","embeddable":true,"href":"https:\/\/dinhosreef.com\/en\/wp-json\/wp\/v2\/product_brand?post=1410787422"},{"taxonomy":"product_cat","embeddable":true,"href":"https:\/\/dinhosreef.com\/en\/wp-json\/wp\/v2\/product_cat?post=1410787422"},{"taxonomy":"product_tag","embeddable":true,"href":"https:\/\/dinhosreef.com\/en\/wp-json\/wp\/v2\/product_tag?post=1410787422"}],"curies":[{"name":"wp","href":"https:\/\/api.w.org\/{rel}","templated":true}]}}