{"id":1410787430,"date":"2026-01-09T17:38:35","date_gmt":"2026-01-09T20:38:35","guid":{"rendered":"https:\/\/dinhosreef.com\/produto\/cama-redonda-frutas-pet\/"},"modified":"2026-02-24T22:46:26","modified_gmt":"2026-02-25T01:46:26","slug":"cama-redonda-frutas-pet","status":"publish","type":"product","link":"https:\/\/dinhosreef.com\/en\/product\/cama-redonda-frutas-pet\/","title":{"rendered":"RA\u00c7\u00c3O PREMIER SHIH TZU FILHOTES FRANGO 1,0 KG"},"content":{"rendered":"<p>A sele\u00e7\u00e3o de um alimento adequado para o seu animal de estima\u00e7\u00e3o \u00e9 muito importante para garantir o seu crescimento, o desenvolvimento e a sa\u00fade. Com esta op\u00e7\u00e3o da Premier voc\u00ea poder\u00e1 cobrir as necessidades nutricionais e energ\u00e9ticas do seu cachorro. Seu animal de estima\u00e7\u00e3o sempre saud\u00e1vel Eles fazem parte da fam\u00edlia e nos d\u00e3o a sua companhia e o seu carinho. Para que se mantenham saud\u00e1veis e fortes, uma alimenta\u00e7\u00e3o equilibrada \u00e9 essencial. D\u00ea ao seu cachorro os nutrientes que precisa para que ele possa correr, pular e jogar durante todo o dia.<\/p>\n<p>Benef\u00edcios do alimento seco A maior vantagem do alimento seco para animais de estima\u00e7\u00e3o \u00e9 que ele pode ser armazenado por muito mais tempo sem se deteriorar e evita o aparecimento de fungos ou bact\u00e9rias. Al\u00e9m disso, este tipo de alimento ajuda a remover o t\u00e1rtaro e atrasar a forma\u00e7\u00e3o da placa dent\u00e1ria com o processo de mastiga\u00e7\u00e3o e tritura\u00e7\u00e3o. Prote\u00edna para uma nutri\u00e7\u00e3o completa Alimento rico em prote\u00edna animal de alto valor biol\u00f3gico, cont\u00e9m minerais como c\u00e1lcio, f\u00f3sforo, pot\u00e1ssio e ferro, vitaminas A, D e E, fibras e \u00e1cidos graxos essenciais. Estes nutrientes promovem o fortalecimento do sistema imunol\u00f3gico do seu animal de estima\u00e7\u00e3o e o bom funcionamento de seus sistemas vitais. Al\u00e9m disso, contribuem para a sa\u00fade da sua pelagem, pele e unhas e para a manuten\u00e7\u00e3o de seus tend\u00f5es, m\u00fasculos e ossos.<\/p>\n<p>PREMIER RACAS SHIH TZU FILH 1KG Focando no desenvolvimento do c\u00e3o em crescimento, a Ra\u00e7\u00e3o Premier Shih Tzu Filhotes Frango Ra\u00e7as Espec\u00edficas foi feita especialmente para filhotes de Shih Tzu. Com um gr\u00e3o em tamanho diferenciado para animais braquicef\u00e1licos de pequeno porte, a ra\u00e7\u00e3o atende \u00e0s necessidades di\u00e1rias do pet. Feita com selecionadas prote\u00ednas do frango, a Ra\u00e7\u00e3o Premier Shih Tzu Filhotes Frango Ra\u00e7as Espec\u00edficas ir\u00e1 dar todo o suporte nutricional que seu c\u00e3o precisa na fase adulta. Sua composi\u00e7\u00e3o rica em fibras tamb\u00e9m auxilia na redu\u00e7\u00e3o do odor das fezes, tornando-as mais consistentes e f\u00e1ceis de limpar. A Ra\u00e7\u00e3o Premier Shih Tzu Filhotes Frango Ra\u00e7as Espec\u00edficas tamb\u00e9m possui o exclusivo Derma System, complexo de fontes nobres de \u00f4mega 3 e 6, biotina e zinco que deixam o pelo animal macio e brilhante. Uma ra\u00e7\u00e3o Super Premium desenvolvida exclusivamente para Shih Tzu!<\/p>\n<p>\u00a0<\/p>","protected":false},"excerpt":{"rendered":"<p>A sele\u00e7\u00e3o de um alimento adequado para o seu animal de estima\u00e7\u00e3o \u00e9 muito importante para garantir o seu crescimento, o desenvolvimento e a sa\u00fade. Com esta op\u00e7\u00e3o da Premier voc\u00ea poder\u00e1 cobrir as necessidades nutricionais e energ\u00e9ticas do seu cachorro. Seu animal de estima\u00e7\u00e3o sempre saud\u00e1vel Eles fazem parte da fam\u00edlia e nos d\u00e3o [&hellip;]<\/p>\n","protected":false},"featured_media":1410787804,"comment_status":"open","ping_status":"closed","template":"","meta":{"googlesitekit_rrm_CAow0N7NCw:productID":"","content-type":"","pmpro_default_level":"","_themeisle_gutenberg_block_has_review":false},"product_brand":[330],"product_cat":[259],"product_tag":[],"class_list":{"0":"post-1410787430","1":"product","2":"type-product","3":"status-publish","4":"has-post-thumbnail","6":"product_brand-premier","7":"product_cat-racoes-alimento-petisco-e-suplemento-caes","8":"pmpro-has-access","10":"first","11":"instock","12":"taxable","13":"shipping-taxable","14":"purchasable","15":"product-type-simple"},"_links":{"self":[{"href":"https:\/\/dinhosreef.com\/en\/wp-json\/wp\/v2\/product\/1410787430","targetHints":{"allow":["GET"]}}],"collection":[{"href":"https:\/\/dinhosreef.com\/en\/wp-json\/wp\/v2\/product"}],"about":[{"href":"https:\/\/dinhosreef.com\/en\/wp-json\/wp\/v2\/types\/product"}],"replies":[{"embeddable":true,"href":"https:\/\/dinhosreef.com\/en\/wp-json\/wp\/v2\/comments?post=1410787430"}],"wp:featuredmedia":[{"embeddable":true,"href":"https:\/\/dinhosreef.com\/en\/wp-json\/wp\/v2\/media\/1410787804"}],"wp:attachment":[{"href":"https:\/\/dinhosreef.com\/en\/wp-json\/wp\/v2\/media?parent=1410787430"}],"wp:term":[{"taxonomy":"product_brand","embeddable":true,"href":"https:\/\/dinhosreef.com\/en\/wp-json\/wp\/v2\/product_brand?post=1410787430"},{"taxonomy":"product_cat","embeddable":true,"href":"https:\/\/dinhosreef.com\/en\/wp-json\/wp\/v2\/product_cat?post=1410787430"},{"taxonomy":"product_tag","embeddable":true,"href":"https:\/\/dinhosreef.com\/en\/wp-json\/wp\/v2\/product_tag?post=1410787430"}],"curies":[{"name":"wp","href":"https:\/\/api.w.org\/{rel}","templated":true}]}}