{"id":1410787436,"date":"2026-01-09T17:38:53","date_gmt":"2026-01-09T20:38:53","guid":{"rendered":"https:\/\/dinhosreef.com\/produto\/cama-pata-charme-rosa-m\/"},"modified":"2026-01-09T17:38:53","modified_gmt":"2026-01-09T20:38:53","slug":"cama-pata-charme-rosa-m","status":"publish","type":"product","link":"https:\/\/dinhosreef.com\/en\/product\/cama-pata-charme-rosa-m\/","title":{"rendered":"CAMA PATA CHARME ROSA M"},"content":{"rendered":"<div class=\"row\">\n<div class=\"col-right\">\n<h1 class=\"title-products-view\">Cama Pata Charme<\/h1>\n<div class=\"text\">\n<div>Cama Pata Charme \u00e9 indicado para c\u00e3es e gatos de grande porte dependendo da ra\u00e7a. Estampa moderna e estilosa. Produzido com mat\u00e9rias-primas de \u00f3tima qualidade e durabilidade. Confeccionado com tecido Tecnosport 100% poli\u00e9ster e preenchida com fibra siliconada firme e n\u00e3o ret\u00e9m umidade, al\u00e9m do acabamento possuir z\u00edper nas laterais e na almofada facilitando a lavagem. Fundo imperme\u00e1vel de Policloreto de Vinila. Acompanha um travesseiro proporcionando ainda mais o conforto para seu pet e delicadeza. Tecido macio, leve com secagem r\u00e1pida, n\u00e3o ret\u00e9m pelos. A cama \u00e9 bem costurada e inspecionada pelo controle de qualidade. \u00a0Siga as instru\u00e7\u00f5es de lavagem corretamente para manter a durabilidade.\u00a0<\/div>\n<div><em>Pode haver uma pequena varia\u00e7\u00e3o de at\u00e9 3cm do tamanho informado.<\/em><\/div>\n<\/p><\/div>\n<div class=\"prince__no\">Para visualizar o pre\u00e7o realize seu\u00a0<a class=\"login-form\" href=\"https:\/\/www.donpetit.com.br\/cliente\/login?redir=produto\/cama-pata-charme\" target=\"_blank\" rel=\"noopener\">login<\/a>\u00a0ou\u00a0<a class=\"login-form\" href=\"https:\/\/www.donpetit.com.br\/cliente\/formcadastro\/j?redir=produto\/cama-pata-charme\" target=\"_blank\" rel=\"noopener\">cadastre-se<\/a><\/div>\n<div class=\"list\">\u00a0<\/div>\n<\/p><\/div>\n<\/p><\/div>\n<div class=\"col-center\">\n<div class=\"text\">\n<h2>Informa\u00e7\u00f5es T\u00e9cnicas<\/h2>\n<ul>\n<li><strong>Especifica\u00e7\u00f5es:<\/strong><\/li>\n<\/ul>\n<p>Tecido: Tecnosport 100% poli\u00e9ster<\/p>\n<p>Acabamento: Z\u00edper nas laterais e almofadas<\/p>\n<p>Preenchimento: Fibra Siliconada<\/p>\n<p>Fundo Imperme\u00e1vel em Policloreto de Vinila<\/p>\n<ul>\n<li><strong>Medidas:<\/strong><\/li>\n<\/ul>\n<p>M-46cm x 56cm x 20cm<\/p>\n<p>G-56cm x 66cm x 20cm<\/p>\n<p>GG-66cm x 76cm x 22cm<\/p>\n<ul>\n<li><strong>Instru\u00e7\u00f5es de lavagem:<\/strong><\/li>\n<\/ul>\n<p>O produto deve ser lavado \u00e1 m\u00e3o com sab\u00e3o neutro e ecagem \u00e1 sombra. Lave separadamente o tecido da fibra siliconada pois possui z\u00edper e voc\u00ea consegue retirar. Assim voc\u00ea mant\u00e9m a qualidade da fibra por muito mais tempo.<br \/>Esses cuidados devem ser mantidos para ter um produto duradouro.<\/p>\n<ol>\n<li>N\u00e3o use M\u00e1quina de lavar<\/li>\n<li>N\u00e3o use secadora<\/li>\n<li>N\u00e3o use alvejante<\/li>\n<\/ol><\/div>\n<\/p><\/div>","protected":false},"excerpt":{"rendered":"<p>Cama Pata Charme Cama Pata Charme \u00e9 indicado para c\u00e3es e gatos de grande porte dependendo da ra\u00e7a. Estampa moderna e estilosa. Produzido com mat\u00e9rias-primas de \u00f3tima qualidade e durabilidade. Confeccionado com tecido Tecnosport 100% poli\u00e9ster e preenchida com fibra siliconada firme e n\u00e3o ret\u00e9m umidade, al\u00e9m do acabamento possuir z\u00edper nas laterais e na [&hellip;]<\/p>\n","protected":false},"featured_media":1410787435,"comment_status":"open","ping_status":"closed","template":"","meta":{"googlesitekit_rrm_CAow0N7NCw:productID":"","content-type":"","pmpro_default_level":"","_themeisle_gutenberg_block_has_review":false},"product_brand":[],"product_cat":[391],"product_tag":[],"class_list":{"0":"post-1410787436","1":"product","2":"type-product","3":"status-publish","4":"has-post-thumbnail","6":"product_cat-camas","7":"pmpro-has-access","9":"first","10":"outofstock","11":"taxable","12":"shipping-taxable","13":"purchasable","14":"product-type-simple"},"_links":{"self":[{"href":"https:\/\/dinhosreef.com\/en\/wp-json\/wp\/v2\/product\/1410787436","targetHints":{"allow":["GET"]}}],"collection":[{"href":"https:\/\/dinhosreef.com\/en\/wp-json\/wp\/v2\/product"}],"about":[{"href":"https:\/\/dinhosreef.com\/en\/wp-json\/wp\/v2\/types\/product"}],"replies":[{"embeddable":true,"href":"https:\/\/dinhosreef.com\/en\/wp-json\/wp\/v2\/comments?post=1410787436"}],"wp:featuredmedia":[{"embeddable":true,"href":"https:\/\/dinhosreef.com\/en\/wp-json\/wp\/v2\/media\/1410787435"}],"wp:attachment":[{"href":"https:\/\/dinhosreef.com\/en\/wp-json\/wp\/v2\/media?parent=1410787436"}],"wp:term":[{"taxonomy":"product_brand","embeddable":true,"href":"https:\/\/dinhosreef.com\/en\/wp-json\/wp\/v2\/product_brand?post=1410787436"},{"taxonomy":"product_cat","embeddable":true,"href":"https:\/\/dinhosreef.com\/en\/wp-json\/wp\/v2\/product_cat?post=1410787436"},{"taxonomy":"product_tag","embeddable":true,"href":"https:\/\/dinhosreef.com\/en\/wp-json\/wp\/v2\/product_tag?post=1410787436"}],"curies":[{"name":"wp","href":"https:\/\/api.w.org\/{rel}","templated":true}]}}