{"id":1410787440,"date":"2026-01-10T09:50:58","date_gmt":"2026-01-10T12:50:58","guid":{"rendered":"https:\/\/dinhosreef.com\/produto\/cama-iglu-jogo-n-3nylon-ribeiro-g\/"},"modified":"2026-01-10T09:50:58","modified_gmt":"2026-01-10T12:50:58","slug":"cama-iglu-jogo-n-3nylon-ribeiro-g","status":"publish","type":"product","link":"https:\/\/dinhosreef.com\/en\/product\/cama-iglu-jogo-n-3nylon-ribeiro-g\/","title":{"rendered":"CAMA IGLU JOGO N 3NYLON-RIBEIRO  G"},"content":{"rendered":"<h2 class=\"ui-pdp-description__title\" data-testid=\"title\">Descri\u00e7\u00e3o<\/h2>\n<p class=\"ui-pdp-description__content\" data-testid=\"content\">&gt;&gt;&gt;&gt;&gt;&gt;&gt; Caminha Pet Iglu Cachorros C\u00e3es e Gatos \u2013 &lt;&lt;&lt;&lt;&lt;&lt;&lt;<\/p>\n<p>Pensando em proporcionar o melhor em conforto e qualidade dentro de um pre\u00e7o acess\u00edvel, a Ribeiro Pet desenvolveu a Caminha Iglu Pet Pequeno. Com V\u00e1rias op\u00e7\u00f5es de estampas para voc\u00ea escolher a que mais combina com voc\u00ea e com o seu Pet.<\/p>\n<p>A estampa enviamos conforme disponibilidade em estoque, n\u00e3o necessariamente sera enviado a estampa que consta na imagem do an\u00fancio,informamos pelo campo de mensagens as cores dispon\u00edveis para que possa escolher.<\/p>\n<p>&#8212;&#8212;&#8212;&#8212;<br \/>Composi\u00e7\u00e3o:<\/p>\n<p>Linha, TNT, Bagum, Espuma e Tecido Nylon.<\/p>\n<p>&#8212;&#8212;&#8212;&#8212;&#8212;&#8212;&#8211;<br \/>Itens inclusos:<\/p>\n<p>&#8211; 1 Caminha Iglu Pet (G).<\/p>","protected":false},"excerpt":{"rendered":"<p>Descri\u00e7\u00e3o &gt;&gt;&gt;&gt;&gt;&gt;&gt; Caminha Pet Iglu Cachorros C\u00e3es e Gatos \u2013 &lt;&lt;&lt;&lt;&lt;&lt;&lt; Pensando em proporcionar o melhor em conforto e qualidade dentro de um pre\u00e7o acess\u00edvel, a Ribeiro Pet desenvolveu a Caminha Iglu Pet Pequeno. Com V\u00e1rias op\u00e7\u00f5es de estampas para voc\u00ea escolher a que mais combina com voc\u00ea e com o seu Pet. A estampa [&hellip;]<\/p>\n","protected":false},"featured_media":1410787439,"comment_status":"open","ping_status":"closed","template":"","meta":{"googlesitekit_rrm_CAow0N7NCw:productID":"","content-type":"","pmpro_default_level":"","_themeisle_gutenberg_block_has_review":false},"product_brand":[],"product_cat":[391],"product_tag":[],"class_list":{"0":"post-1410787440","1":"product","2":"type-product","3":"status-publish","4":"has-post-thumbnail","6":"product_cat-camas","7":"pmpro-has-access","9":"first","10":"instock","11":"taxable","12":"shipping-taxable","13":"purchasable","14":"product-type-simple"},"_links":{"self":[{"href":"https:\/\/dinhosreef.com\/en\/wp-json\/wp\/v2\/product\/1410787440","targetHints":{"allow":["GET"]}}],"collection":[{"href":"https:\/\/dinhosreef.com\/en\/wp-json\/wp\/v2\/product"}],"about":[{"href":"https:\/\/dinhosreef.com\/en\/wp-json\/wp\/v2\/types\/product"}],"replies":[{"embeddable":true,"href":"https:\/\/dinhosreef.com\/en\/wp-json\/wp\/v2\/comments?post=1410787440"}],"wp:featuredmedia":[{"embeddable":true,"href":"https:\/\/dinhosreef.com\/en\/wp-json\/wp\/v2\/media\/1410787439"}],"wp:attachment":[{"href":"https:\/\/dinhosreef.com\/en\/wp-json\/wp\/v2\/media?parent=1410787440"}],"wp:term":[{"taxonomy":"product_brand","embeddable":true,"href":"https:\/\/dinhosreef.com\/en\/wp-json\/wp\/v2\/product_brand?post=1410787440"},{"taxonomy":"product_cat","embeddable":true,"href":"https:\/\/dinhosreef.com\/en\/wp-json\/wp\/v2\/product_cat?post=1410787440"},{"taxonomy":"product_tag","embeddable":true,"href":"https:\/\/dinhosreef.com\/en\/wp-json\/wp\/v2\/product_tag?post=1410787440"}],"curies":[{"name":"wp","href":"https:\/\/api.w.org\/{rel}","templated":true}]}}