{"id":1410787467,"date":"2026-01-12T17:22:55","date_gmt":"2026-01-12T20:22:55","guid":{"rendered":"https:\/\/dinhosreef.com\/produto\/kit-12-un-sache-special-dog-ultra-sen-7-carne-100g\/"},"modified":"2026-01-16T10:04:07","modified_gmt":"2026-01-16T13:04:07","slug":"kit-12-un-sache-special-dog-ultra-sen-7-carne-100g","status":"publish","type":"product","link":"https:\/\/dinhosreef.com\/en\/product\/kit-12-un-sache-special-dog-ultra-sen-7-carne-100g\/","title":{"rendered":"KIT 12 UN SACHE SPECIAL DOG ULTRA SEN 7+ CARNE 100G"},"content":{"rendered":"<h1><strong>Sache Special Dog Ultralife Caes Senior Carne 100g<\/strong><\/h1>\n<ul>\n<li>Indicada para c\u00e3es s\u00eanior;<br \/>&#8211; Alimento completo em forma de peda\u00e7os de carne de frango cozidos no vapor;<br \/>&#8211; Enriquecido com leveduras hidrolisadas, balanceado e altamente palat\u00e1vel;<br \/>&#8211; Formulado com minerais glicinatos de f\u00e1cil absor\u00e7\u00e3o;<br \/>&#8211; Contribui para a prote\u00e7\u00e3o da pele e redu\u00e7\u00e3o da queda dos pelos;<br \/>&#8211; Cont\u00e9m taurina e vitamina C para uma longevidade ativa;<br \/>&#8211; N\u00e3o cont\u00e9m corantes artificiais;<br \/>&#8211; Rico em \u00f4megas 3 e 6;<\/li>\n<\/ul>","protected":false},"excerpt":{"rendered":"<p>Sache Special Dog Ultralife Caes Senior Carne 100g Indicada para c\u00e3es s\u00eanior;&#8211; Alimento completo em forma de peda\u00e7os de carne de frango cozidos no vapor;&#8211; Enriquecido com leveduras hidrolisadas, balanceado e altamente palat\u00e1vel;&#8211; Formulado com minerais glicinatos de f\u00e1cil absor\u00e7\u00e3o;&#8211; Contribui para a prote\u00e7\u00e3o da pele e redu\u00e7\u00e3o da queda dos pelos;&#8211; Cont\u00e9m taurina e [&hellip;]<\/p>\n","protected":false},"featured_media":1410787466,"comment_status":"open","ping_status":"closed","template":"","meta":{"googlesitekit_rrm_CAow0N7NCw:productID":"","content-type":"","pmpro_default_level":"","_themeisle_gutenberg_block_has_review":false},"product_brand":[],"product_cat":[259],"product_tag":[],"class_list":{"0":"post-1410787467","1":"product","2":"type-product","3":"status-publish","4":"has-post-thumbnail","6":"product_cat-racoes-alimento-petisco-e-suplemento-caes","7":"pmpro-has-access","9":"first","10":"outofstock","11":"taxable","12":"shipping-taxable","13":"purchasable","14":"product-type-simple"},"_links":{"self":[{"href":"https:\/\/dinhosreef.com\/en\/wp-json\/wp\/v2\/product\/1410787467","targetHints":{"allow":["GET"]}}],"collection":[{"href":"https:\/\/dinhosreef.com\/en\/wp-json\/wp\/v2\/product"}],"about":[{"href":"https:\/\/dinhosreef.com\/en\/wp-json\/wp\/v2\/types\/product"}],"replies":[{"embeddable":true,"href":"https:\/\/dinhosreef.com\/en\/wp-json\/wp\/v2\/comments?post=1410787467"}],"wp:featuredmedia":[{"embeddable":true,"href":"https:\/\/dinhosreef.com\/en\/wp-json\/wp\/v2\/media\/1410787466"}],"wp:attachment":[{"href":"https:\/\/dinhosreef.com\/en\/wp-json\/wp\/v2\/media?parent=1410787467"}],"wp:term":[{"taxonomy":"product_brand","embeddable":true,"href":"https:\/\/dinhosreef.com\/en\/wp-json\/wp\/v2\/product_brand?post=1410787467"},{"taxonomy":"product_cat","embeddable":true,"href":"https:\/\/dinhosreef.com\/en\/wp-json\/wp\/v2\/product_cat?post=1410787467"},{"taxonomy":"product_tag","embeddable":true,"href":"https:\/\/dinhosreef.com\/en\/wp-json\/wp\/v2\/product_tag?post=1410787467"}],"curies":[{"name":"wp","href":"https:\/\/api.w.org\/{rel}","templated":true}]}}