{"id":1410787469,"date":"2026-01-12T17:23:01","date_gmt":"2026-01-12T20:23:01","guid":{"rendered":"https:\/\/dinhosreef.com\/produto\/kit-12-un-sache-special-dog-ultralife-ad-carne-100g\/"},"modified":"2026-03-18T17:06:52","modified_gmt":"2026-03-18T20:06:52","slug":"kit-12-un-sache-special-dog-ultralife-ad-carne-100g","status":"publish","type":"product","link":"https:\/\/dinhosreef.com\/en\/product\/kit-12-un-sache-special-dog-ultralife-ad-carne-100g\/","title":{"rendered":"KIT 12 UN SACHE SPECIAL DOG ULTRALIFE AD CARNE 100G"},"content":{"rendered":"<p>\u00d4MEGAS 3, 6 E ZINCO<br \/>Prote\u00e7\u00e3o da pele e redu\u00e7\u00e3o da queda de pelos, resultando em uma pelagem mais bonita e brilhante.<\/p>\n<p>CONDROITINA + GLICOSAMINA<br \/>A condroitina atua na manuten\u00e7\u00e3o e a glicosamina regula a forma\u00e7\u00e3o do col\u00e1geno na cartilagem, melhorando as fun\u00e7\u00f5es articulares.<\/p>\n<p>Composi\u00e7\u00e3o B\u00e1sica:<br \/>Carne de bovino, carca\u00e7a de aves, mi\u00fados de su\u00ednos, plasma sangu\u00edneo desidratado de su\u00edno, hemoglobina desidratada de bovino, gelatina, farinha de batata doce, farinha de trigo, amido modificado de milho, dextrose, prote\u00edna isolada de soja, prote\u00edna texturizada de soja, \u00f3leo de aves, biomassa de microalgas desidratada (Schizochytrium sp.), celulose, levedura de cana de a\u00e7\u00facar hidrolisada e desidratada, extrato de Yucca schidigera, subproduto da extra\u00e7\u00e3o da L-cistina, sulfato de glicosamina (0,05%), sulfato de condroitina (0,03%), cloreto de s\u00f3dio, carbonato de c\u00e1lcio, cloreto de pot\u00e1ssio, \u00e1gua, glicina, cloridrato de L-ciste\u00edna monohidratado, DL-metionina, vitamina D3, vitamina E, vitamina K3, vitamina B1, vitamina B2, vitamina B6, vitamina B12, vitamina C, niacina, cloreto de colina, \u00e1cido pantot\u00eanico, \u00e1cido f\u00f3lico, biotina, iodato de c\u00e1lcio, minerais (glicinatos: ferro amino\u00e1cido quelato, cobre amino\u00e1cido quelato, mangan\u00eas amino\u00e1cido quelato e zinco amino\u00e1cido quelato), goma guar, carragena, goma xantana, tripolifosfato de s\u00f3dio, caramelo I.<\/p>","protected":false},"excerpt":{"rendered":"<p>\u00d4MEGAS 3, 6 E ZINCOProte\u00e7\u00e3o da pele e redu\u00e7\u00e3o da queda de pelos, resultando em uma pelagem mais bonita e brilhante. CONDROITINA + GLICOSAMINAA condroitina atua na manuten\u00e7\u00e3o e a glicosamina regula a forma\u00e7\u00e3o do col\u00e1geno na cartilagem, melhorando as fun\u00e7\u00f5es articulares. Composi\u00e7\u00e3o B\u00e1sica:Carne de bovino, carca\u00e7a de aves, mi\u00fados de su\u00ednos, plasma sangu\u00edneo desidratado [&hellip;]<\/p>\n","protected":false},"featured_media":1410787468,"comment_status":"open","ping_status":"closed","template":"","meta":{"googlesitekit_rrm_CAow0N7NCw:productID":"","content-type":"","pmpro_default_level":"","_themeisle_gutenberg_block_has_review":false},"product_brand":[],"product_cat":[263],"product_tag":[],"class_list":{"0":"post-1410787469","1":"product","2":"type-product","3":"status-publish","4":"has-post-thumbnail","6":"product_cat-biscoitos-para-caes","7":"pmpro-has-access","9":"first","10":"instock","11":"taxable","12":"shipping-taxable","13":"purchasable","14":"product-type-simple"},"_links":{"self":[{"href":"https:\/\/dinhosreef.com\/en\/wp-json\/wp\/v2\/product\/1410787469","targetHints":{"allow":["GET"]}}],"collection":[{"href":"https:\/\/dinhosreef.com\/en\/wp-json\/wp\/v2\/product"}],"about":[{"href":"https:\/\/dinhosreef.com\/en\/wp-json\/wp\/v2\/types\/product"}],"replies":[{"embeddable":true,"href":"https:\/\/dinhosreef.com\/en\/wp-json\/wp\/v2\/comments?post=1410787469"}],"wp:featuredmedia":[{"embeddable":true,"href":"https:\/\/dinhosreef.com\/en\/wp-json\/wp\/v2\/media\/1410787468"}],"wp:attachment":[{"href":"https:\/\/dinhosreef.com\/en\/wp-json\/wp\/v2\/media?parent=1410787469"}],"wp:term":[{"taxonomy":"product_brand","embeddable":true,"href":"https:\/\/dinhosreef.com\/en\/wp-json\/wp\/v2\/product_brand?post=1410787469"},{"taxonomy":"product_cat","embeddable":true,"href":"https:\/\/dinhosreef.com\/en\/wp-json\/wp\/v2\/product_cat?post=1410787469"},{"taxonomy":"product_tag","embeddable":true,"href":"https:\/\/dinhosreef.com\/en\/wp-json\/wp\/v2\/product_tag?post=1410787469"}],"curies":[{"name":"wp","href":"https:\/\/api.w.org\/{rel}","templated":true}]}}