{"id":1410787471,"date":"2026-01-12T17:23:05","date_gmt":"2026-01-12T20:23:05","guid":{"rendered":"https:\/\/dinhosreef.com\/produto\/kit-12-un-sache-special-dog-ultra-adultos-salmao-100g\/"},"modified":"2026-04-17T14:04:58","modified_gmt":"2026-04-17T17:04:58","slug":"kit-12-un-sache-special-dog-ultra-adultos-salmao-100g","status":"publish","type":"product","link":"https:\/\/dinhosreef.com\/en\/product\/kit-12-un-sache-special-dog-ultra-adultos-salmao-100g\/","title":{"rendered":"KIT 12 UN SACHE SPECIAL DOG ULTRA ADULTOS SALMAO 100G"},"content":{"rendered":"<p><strong>Ra\u00e7\u00e3o \u00damida Special Dog Ultralife para C\u00e3es Adultos Salm\u00e3o 100g<\/strong><\/p>\n<p>A Ra\u00e7\u00e3o \u00damida Special Dog Ultralife para C\u00e3es Adultos sabor Salm\u00e3o \u00e9 perfeita para agradar aos paladares mais exigentes. Com salm\u00e3o como fonte principal de prote\u00edna, esse alimento oferece nutrientes essenciais, incluindo \u00e1cidos graxos \u00f4mega 3 e 6, que promovem a sa\u00fade da pelagem e da pele do seu c\u00e3o. A ra\u00e7\u00e3o \u00famida tamb\u00e9m contribui para uma boa hidrata\u00e7\u00e3o, ajudando na manuten\u00e7\u00e3o da sa\u00fade renal do seu pet.<br \/>Ideal para c\u00e3es adultos, ela possui uma formula\u00e7\u00e3o equilibrada com vitaminas e minerais, que ajudam a fortalecer o sistema imunol\u00f3gico e a manter a vitalidade do seu animal de estima\u00e7\u00e3o.<\/p>\n<p><strong>Dicas de Uso:<\/strong><\/p>\n<p>Use a Ra\u00e7\u00e3o \u00damida Special Dog Ultralife como complemento \u00e0 ra\u00e7\u00e3o seca do seu c\u00e3o ou como uma refei\u00e7\u00e3o completa. Garanta que seu pet tenha sempre \u00e1gua fresca dispon\u00edvel.<\/p>\n<p><strong>Ficha T\u00e9cnica:<\/strong><\/p>\n<p>Marca: Special Dog Ultralife<br \/>Peso: 100g<br \/>Categorias: Alimenta\u00e7\u00e3o para C\u00e3es, Alimenta\u00e7\u00e3o \u00damida<br \/>Composi\u00e7\u00e3o: Salm\u00e3o, vitaminas, minerais, \u00f4mega 3 e 6<\/p>\n<p>A Ra\u00e7\u00e3o \u00damida Special Dog Ultralife para C\u00e3es Adultos sabor Salm\u00e3o \u00e9 uma op\u00e7\u00e3o deliciosa e nutritiva que ajuda a manter seu pet saud\u00e1vel, com pelagem brilhante e boa sa\u00fade.<\/p>","protected":false},"excerpt":{"rendered":"<p>Ra\u00e7\u00e3o \u00damida Special Dog Ultralife para C\u00e3es Adultos Salm\u00e3o 100g A Ra\u00e7\u00e3o \u00damida Special Dog Ultralife para C\u00e3es Adultos sabor Salm\u00e3o \u00e9 perfeita para agradar aos paladares mais exigentes. Com salm\u00e3o como fonte principal de prote\u00edna, esse alimento oferece nutrientes essenciais, incluindo \u00e1cidos graxos \u00f4mega 3 e 6, que promovem a sa\u00fade da pelagem e [&hellip;]<\/p>\n","protected":false},"featured_media":1410787470,"comment_status":"open","ping_status":"closed","template":"","meta":{"googlesitekit_rrm_CAow0N7NCw:productID":"","content-type":"","pmpro_default_level":"","_themeisle_gutenberg_block_has_review":false},"product_brand":[337],"product_cat":[259],"product_tag":[],"class_list":{"0":"post-1410787471","1":"product","2":"type-product","3":"status-publish","4":"has-post-thumbnail","6":"product_brand-special-dog","7":"product_cat-racoes-alimento-petisco-e-suplemento-caes","8":"pmpro-has-access","10":"first","11":"outofstock","12":"taxable","13":"shipping-taxable","14":"purchasable","15":"product-type-simple"},"_links":{"self":[{"href":"https:\/\/dinhosreef.com\/en\/wp-json\/wp\/v2\/product\/1410787471","targetHints":{"allow":["GET"]}}],"collection":[{"href":"https:\/\/dinhosreef.com\/en\/wp-json\/wp\/v2\/product"}],"about":[{"href":"https:\/\/dinhosreef.com\/en\/wp-json\/wp\/v2\/types\/product"}],"replies":[{"embeddable":true,"href":"https:\/\/dinhosreef.com\/en\/wp-json\/wp\/v2\/comments?post=1410787471"}],"wp:featuredmedia":[{"embeddable":true,"href":"https:\/\/dinhosreef.com\/en\/wp-json\/wp\/v2\/media\/1410787470"}],"wp:attachment":[{"href":"https:\/\/dinhosreef.com\/en\/wp-json\/wp\/v2\/media?parent=1410787471"}],"wp:term":[{"taxonomy":"product_brand","embeddable":true,"href":"https:\/\/dinhosreef.com\/en\/wp-json\/wp\/v2\/product_brand?post=1410787471"},{"taxonomy":"product_cat","embeddable":true,"href":"https:\/\/dinhosreef.com\/en\/wp-json\/wp\/v2\/product_cat?post=1410787471"},{"taxonomy":"product_tag","embeddable":true,"href":"https:\/\/dinhosreef.com\/en\/wp-json\/wp\/v2\/product_tag?post=1410787471"}],"curies":[{"name":"wp","href":"https:\/\/api.w.org\/{rel}","templated":true}]}}