{"id":1410787473,"date":"2026-01-12T17:23:09","date_gmt":"2026-01-12T20:23:09","guid":{"rendered":"https:\/\/dinhosreef.com\/produto\/kit-12-un-sache-special-dog-ultra-rp-ad-cordeiro-100g\/"},"modified":"2026-03-21T09:23:47","modified_gmt":"2026-03-21T12:23:47","slug":"kit-12-un-sache-special-dog-ultra-rp-ad-cordeiro-100g","status":"publish","type":"product","link":"https:\/\/dinhosreef.com\/en\/product\/kit-12-un-sache-special-dog-ultra-rp-ad-cordeiro-100g\/","title":{"rendered":"KIT 12 UN SACHE SPECIAL DOG ULTRA RP AD CORDEIRO 100G"},"content":{"rendered":"<h2 class=\"ui-pdp-description__title\" data-testid=\"title\">Descri\u00e7\u00e3o<\/h2>\n<p class=\"ui-pdp-description__content\" data-testid=\"content\">SACH\u00ca DE CORDEIRO PARA C\u00c3ES ADULTOS DE RA\u00c7A PEQUENA<\/p>\n<p>A sele\u00e7\u00e3o de um alimento adequado para o seu animal de estima\u00e7\u00e3o \u00e9 muito importante para garantir o seu crescimento, o desenvolvimento e a sa\u00fade. Com esta op\u00e7\u00e3o da Special Dog voc\u00ea poder\u00e1 cobrir as necessidades nutricionais e energ\u00e9ticas do seu cachorro.<\/p>\n<p>Seu animal de estima\u00e7\u00e3o sempre saud\u00e1vel<br \/>Eles fazem parte da fam\u00edlia e nos d\u00e3o a sua companhia e o seu carinho. Para que se mantenham saud\u00e1veis e fortes, uma alimenta\u00e7\u00e3o equilibrada \u00e9 essencial. D\u00ea ao seu cachorro os nutrientes que precisa para que ele possa correr, pular e jogar durante todo o dia.<br \/>Carne de ovinos, carne mecanicamente separada de aves, carca\u00e7a de aves, f\u00edgado de su\u00ednos, plasma sangu\u00edneo desidratado de su\u00edno, hemoglobina desidratada de bovino, gelatina, farinha de batata doce, farinha de trigo, amido modificado de milho, dextrose, prote\u00edna isolada de ervilha, prote\u00edna texturizada de soja, \u00f3leo de aves, biomassa de microalgas desidratada (Schizochytrium sp.), celulose, levedura de cana de a\u00e7\u00facar hidrolisada e desidratada, extrato de Yucca schidigera (0,06%), subproduto da extra\u00e7\u00e3o da L-cistina, cloreto de s\u00f3dio, carbonato de c\u00e1lcio, cloreto de pot\u00e1ssio, \u00e1gua, glicina, cloridrato de L-ciste\u00edna monohidratado, DL-metionina, vitamina D3, vitamina E, vitamina K3, vitamina B1, vitamina B2, vitamina B6, vitamina B12, vitamina C, niacina, cloreto de colina, \u00e1cido pantot\u00eanico, \u00e1cido f\u00f3lico, biotina, iodato de c\u00e1lcio, minerais (glicinatos: ferro amino\u00e1cido quelato, cobre amino\u00e1cido quelato, mangan\u00eas amino\u00e1cido quelato e zinco amino\u00e1cido quelato), goma guar, carragena, goma xantana, tripolifosfato de s\u00f3dio, caramelo.<\/p>","protected":false},"excerpt":{"rendered":"<p>Descri\u00e7\u00e3o SACH\u00ca DE CORDEIRO PARA C\u00c3ES ADULTOS DE RA\u00c7A PEQUENA A sele\u00e7\u00e3o de um alimento adequado para o seu animal de estima\u00e7\u00e3o \u00e9 muito importante para garantir o seu crescimento, o desenvolvimento e a sa\u00fade. Com esta op\u00e7\u00e3o da Special Dog voc\u00ea poder\u00e1 cobrir as necessidades nutricionais e energ\u00e9ticas do seu cachorro. Seu animal de [&hellip;]<\/p>\n","protected":false},"featured_media":1410787472,"comment_status":"open","ping_status":"closed","template":"","meta":{"googlesitekit_rrm_CAow0N7NCw:productID":"","content-type":"","pmpro_default_level":"","_themeisle_gutenberg_block_has_review":false},"product_brand":[],"product_cat":[259],"product_tag":[],"class_list":{"0":"post-1410787473","1":"product","2":"type-product","3":"status-publish","4":"has-post-thumbnail","6":"product_cat-racoes-alimento-petisco-e-suplemento-caes","7":"pmpro-has-access","9":"first","10":"outofstock","11":"taxable","12":"shipping-taxable","13":"purchasable","14":"product-type-simple"},"_links":{"self":[{"href":"https:\/\/dinhosreef.com\/en\/wp-json\/wp\/v2\/product\/1410787473","targetHints":{"allow":["GET"]}}],"collection":[{"href":"https:\/\/dinhosreef.com\/en\/wp-json\/wp\/v2\/product"}],"about":[{"href":"https:\/\/dinhosreef.com\/en\/wp-json\/wp\/v2\/types\/product"}],"replies":[{"embeddable":true,"href":"https:\/\/dinhosreef.com\/en\/wp-json\/wp\/v2\/comments?post=1410787473"}],"wp:featuredmedia":[{"embeddable":true,"href":"https:\/\/dinhosreef.com\/en\/wp-json\/wp\/v2\/media\/1410787472"}],"wp:attachment":[{"href":"https:\/\/dinhosreef.com\/en\/wp-json\/wp\/v2\/media?parent=1410787473"}],"wp:term":[{"taxonomy":"product_brand","embeddable":true,"href":"https:\/\/dinhosreef.com\/en\/wp-json\/wp\/v2\/product_brand?post=1410787473"},{"taxonomy":"product_cat","embeddable":true,"href":"https:\/\/dinhosreef.com\/en\/wp-json\/wp\/v2\/product_cat?post=1410787473"},{"taxonomy":"product_tag","embeddable":true,"href":"https:\/\/dinhosreef.com\/en\/wp-json\/wp\/v2\/product_tag?post=1410787473"}],"curies":[{"name":"wp","href":"https:\/\/api.w.org\/{rel}","templated":true}]}}