{"id":1410787475,"date":"2026-01-12T17:23:13","date_gmt":"2026-01-12T20:23:13","guid":{"rendered":"https:\/\/dinhosreef.com\/produto\/kit-12-un-sache-special-dog-ultra-rp-ad-frango-100g\/"},"modified":"2026-04-08T12:23:32","modified_gmt":"2026-04-08T15:23:32","slug":"kit-12-un-sache-special-dog-ultra-rp-ad-frango-100g","status":"publish","type":"product","link":"https:\/\/dinhosreef.com\/en\/product\/kit-12-un-sache-special-dog-ultra-rp-ad-frango-100g\/","title":{"rendered":"KIT 12 UN SACHE SPECIAL DOG ULTRA RP AD FRANGO 100G"},"content":{"rendered":"<p class=\"ckeditor-css\"><strong>Sach\u00ea Special Dog Ultralife para C\u00e3es Adulto Ra\u00e7as Pequenas Sabor Frango 100g<\/strong><\/p>\n<p class=\"ckeditor-css\">O\u00a0<strong>Sach\u00ea Special Dog Ultralife para C\u00e3es Adulto Ra\u00e7as Pequenas Sabor Frango<\/strong>\u00a0\u00e9 um alimento Premium Especial, completo e balanceado, sem corantes e aromatizantes artificiais. Feito com deliciosos peda\u00e7os de carne cozidos \u00e0 vapor e batata-doce, contribui para a prote\u00e7\u00e3o da pele e pelos mais bonitos, al\u00e9m de diminuir odor das fezes. Pode ser fornecido como \u00fanica fonte de alimento ou misturado na ra\u00e7\u00e3o seca.<\/p>\n<p class=\"ckeditor-css\">\u00a0<\/p>\n<p class=\"ckeditor-css\"><strong>Indica\u00e7\u00e3o do Produto<\/strong><\/p>\n<ul class=\"ckeditor-css\">\n<li>\u00d4mega e zinco org\u00e2nico.<\/li>\n<li>Pelagem bonita e brilhante.<\/li>\n<li>Sem adi\u00e7\u00e3o de corantes artificiais.<\/li>\n<li>Alimenta\u00e7\u00e3o completa e balanceada.<\/li>\n<li>Deliciosos peda\u00e7os de frango com molho.<\/li>\n<li>Cont\u00e9m DHA que melhora a capacidade de aprendizagem.<\/li>\n<li>Formulado com minerais de f\u00e1cil absor\u00e7\u00e3o pelo organismo.<\/li>\n<\/ul>","protected":false},"excerpt":{"rendered":"<p>Sach\u00ea Special Dog Ultralife para C\u00e3es Adulto Ra\u00e7as Pequenas Sabor Frango 100g O\u00a0Sach\u00ea Special Dog Ultralife para C\u00e3es Adulto Ra\u00e7as Pequenas Sabor Frango\u00a0\u00e9 um alimento Premium Especial, completo e balanceado, sem corantes e aromatizantes artificiais. Feito com deliciosos peda\u00e7os de carne cozidos \u00e0 vapor e batata-doce, contribui para a prote\u00e7\u00e3o da pele e pelos mais [&hellip;]<\/p>\n","protected":false},"featured_media":1410787474,"comment_status":"open","ping_status":"closed","template":"","meta":{"googlesitekit_rrm_CAow0N7NCw:productID":"","content-type":"","pmpro_default_level":"","_themeisle_gutenberg_block_has_review":false},"product_brand":[],"product_cat":[259],"product_tag":[],"class_list":{"0":"post-1410787475","1":"product","2":"type-product","3":"status-publish","4":"has-post-thumbnail","6":"product_cat-racoes-alimento-petisco-e-suplemento-caes","7":"pmpro-has-access","9":"first","10":"outofstock","11":"taxable","12":"shipping-taxable","13":"purchasable","14":"product-type-simple"},"_links":{"self":[{"href":"https:\/\/dinhosreef.com\/en\/wp-json\/wp\/v2\/product\/1410787475","targetHints":{"allow":["GET"]}}],"collection":[{"href":"https:\/\/dinhosreef.com\/en\/wp-json\/wp\/v2\/product"}],"about":[{"href":"https:\/\/dinhosreef.com\/en\/wp-json\/wp\/v2\/types\/product"}],"replies":[{"embeddable":true,"href":"https:\/\/dinhosreef.com\/en\/wp-json\/wp\/v2\/comments?post=1410787475"}],"wp:featuredmedia":[{"embeddable":true,"href":"https:\/\/dinhosreef.com\/en\/wp-json\/wp\/v2\/media\/1410787474"}],"wp:attachment":[{"href":"https:\/\/dinhosreef.com\/en\/wp-json\/wp\/v2\/media?parent=1410787475"}],"wp:term":[{"taxonomy":"product_brand","embeddable":true,"href":"https:\/\/dinhosreef.com\/en\/wp-json\/wp\/v2\/product_brand?post=1410787475"},{"taxonomy":"product_cat","embeddable":true,"href":"https:\/\/dinhosreef.com\/en\/wp-json\/wp\/v2\/product_cat?post=1410787475"},{"taxonomy":"product_tag","embeddable":true,"href":"https:\/\/dinhosreef.com\/en\/wp-json\/wp\/v2\/product_tag?post=1410787475"}],"curies":[{"name":"wp","href":"https:\/\/api.w.org\/{rel}","templated":true}]}}