{"id":1410787481,"date":"2026-01-13T16:11:27","date_gmt":"2026-01-13T19:11:27","guid":{"rendered":"https:\/\/dinhosreef.com\/produto\/kit-12-un-sache-special-cat-ultralife-castrados-frango-85g\/"},"modified":"2026-04-09T10:08:07","modified_gmt":"2026-04-09T13:08:07","slug":"kit-12-un-sache-special-cat-ultralife-castrados-frango-85g","status":"publish","type":"product","link":"https:\/\/dinhosreef.com\/en\/product\/kit-12-un-sache-special-cat-ultralife-castrados-frango-85g\/","title":{"rendered":"KIT 12 UN SACHE SPECIAL CAT ULTRALIFE CASTRADOS FRANGO 85G"},"content":{"rendered":"<h2 class=\"ui-pdp-description__title\" data-testid=\"title\">Descri\u00e7\u00e3o<\/h2>\n<p class=\"ui-pdp-description__content\" data-testid=\"content\">Sach\u00ea Special Cat Gatos Castrados Frango 85g\u00a0<\/p>\n<p>Apresentamos o Special Cat Sach\u00ea Gatos Castrados Frango Ao Molho 85g Caixa, um alimento premium para gatos adultos castrados de todas as ra\u00e7as. Este produto \u00e9 fabricado pela Special Dog, uma marca reconhecida pela qualidade e cuidado com a nutri\u00e7\u00e3o dos animais de estima\u00e7\u00e3o.<\/p>\n<p>Este alimento \u00famido \u00e9 feito com sabor de frango, um sabor que os gatos adoram. A embalagem sach\u00ea de 85g \u00e9 pr\u00e1tica e f\u00e1cil de abrir, garantindo a frescura do produto a cada refei\u00e7\u00e3o. Al\u00e9m disso, o alimento tem uma textura suave que os gatos preferem, tornando cada refei\u00e7\u00e3o uma experi\u00eancia agrad\u00e1vel para o seu pet.<\/p>\n<p>O Special Cat Sach\u00ea Gatos Castrados Frango Ao Molho 85g Caixa \u00e9 enriquecido com vitamina C, um nutriente essencial para a sa\u00fade do seu gato. No entanto, \u00e9 importante notar que este produto n\u00e3o \u00e9 um protetor da sa\u00fade bucal. Ainda assim, \u00e9 uma excelente op\u00e7\u00e3o para complementar a dieta do seu gato, fornecendo os nutrientes necess\u00e1rios para uma vida saud\u00e1vel.<\/p>\n<p>Escolha o Special Cat Sach\u00ea Gatos Castrados Frango Ao Molho 85g Caixa para o seu gato e ofere\u00e7a-lhe uma alimenta\u00e7\u00e3o de qualidade. Este produto \u00e9 recomendado para gatos adultos castrados, proporcionando uma dieta equilibrada e saborosa.<\/p>","protected":false},"excerpt":{"rendered":"<p>Descri\u00e7\u00e3o Sach\u00ea Special Cat Gatos Castrados Frango 85g\u00a0 Apresentamos o Special Cat Sach\u00ea Gatos Castrados Frango Ao Molho 85g Caixa, um alimento premium para gatos adultos castrados de todas as ra\u00e7as. Este produto \u00e9 fabricado pela Special Dog, uma marca reconhecida pela qualidade e cuidado com a nutri\u00e7\u00e3o dos animais de estima\u00e7\u00e3o. Este alimento \u00famido [&hellip;]<\/p>\n","protected":false},"featured_media":1410787480,"comment_status":"open","ping_status":"closed","template":"","meta":{"googlesitekit_rrm_CAow0N7NCw:productID":"","content-type":"","pmpro_default_level":"","_themeisle_gutenberg_block_has_review":false},"product_brand":[338],"product_cat":[256],"product_tag":[],"class_list":{"0":"post-1410787481","1":"product","2":"type-product","3":"status-publish","4":"has-post-thumbnail","6":"product_brand-special-cat","7":"product_cat-racoes","8":"pmpro-has-access","10":"first","11":"instock","12":"taxable","13":"shipping-taxable","14":"purchasable","15":"product-type-simple"},"_links":{"self":[{"href":"https:\/\/dinhosreef.com\/en\/wp-json\/wp\/v2\/product\/1410787481","targetHints":{"allow":["GET"]}}],"collection":[{"href":"https:\/\/dinhosreef.com\/en\/wp-json\/wp\/v2\/product"}],"about":[{"href":"https:\/\/dinhosreef.com\/en\/wp-json\/wp\/v2\/types\/product"}],"replies":[{"embeddable":true,"href":"https:\/\/dinhosreef.com\/en\/wp-json\/wp\/v2\/comments?post=1410787481"}],"wp:featuredmedia":[{"embeddable":true,"href":"https:\/\/dinhosreef.com\/en\/wp-json\/wp\/v2\/media\/1410787480"}],"wp:attachment":[{"href":"https:\/\/dinhosreef.com\/en\/wp-json\/wp\/v2\/media?parent=1410787481"}],"wp:term":[{"taxonomy":"product_brand","embeddable":true,"href":"https:\/\/dinhosreef.com\/en\/wp-json\/wp\/v2\/product_brand?post=1410787481"},{"taxonomy":"product_cat","embeddable":true,"href":"https:\/\/dinhosreef.com\/en\/wp-json\/wp\/v2\/product_cat?post=1410787481"},{"taxonomy":"product_tag","embeddable":true,"href":"https:\/\/dinhosreef.com\/en\/wp-json\/wp\/v2\/product_tag?post=1410787481"}],"curies":[{"name":"wp","href":"https:\/\/api.w.org\/{rel}","templated":true}]}}