{"id":1410787486,"date":"2026-01-13T16:52:13","date_gmt":"2026-01-13T19:52:13","guid":{"rendered":"https:\/\/dinhosreef.com\/produto\/kit-12-un-sache-special-cat-ultralife-ad-peixe-85g\/"},"modified":"2026-02-25T09:54:44","modified_gmt":"2026-02-25T12:54:44","slug":"kit-12-un-sache-special-cat-ultralife-ad-peixe-85g","status":"publish","type":"product","link":"https:\/\/dinhosreef.com\/en\/product\/kit-12-un-sache-special-cat-ultralife-ad-peixe-85g\/","title":{"rendered":"KIT 12 UN SACHE SPECIAL CAT ULTRALIFE AD PEIXE 85G"},"content":{"rendered":"<h2 class=\"ui-pdp-description__title\" data-testid=\"title\">Descri\u00e7\u00e3o<\/h2>\n<p class=\"ui-pdp-description__content\" data-testid=\"content\">SACH\u00ca SPECIAL CAT ULTRALIFE ADULTOS SABOR PEIXE<\/p>\n<p>EQUIL\u00cdBRIO DE MINERAIS + \u00c1GUA<br \/>Os n\u00edveis equilibrados de minerais e o consumo de \u00e1gua, presentes no alimento \u00famido, auxiliam na manuten\u00e7\u00e3o do trato urin\u00e1rio<\/p>\n<p>COMPLEX LIFE<br \/>Formulado com minerais org\u00e2nicos, Complex Life \u00e9 facilmente absorvido pelo organismo, otimizando seus benef\u00edcios \u00e0 sa\u00fade do animal.<\/p>\n<p>COMPOSI\u00c7\u00c3O B\u00c1SICA:<br \/>Farinha de peixe, carne mecanicamente separada de aves,carca\u00e7a de aves, f\u00edgado de su\u00ednos, plasma sangu\u00edneo desidratado de su\u00edno,gelatina, farinha de trigo, amido modificado de milho, dextrose, prote\u00ednaisolada de soja, prote\u00edna texturizada de soja, \u00f3leo de aves, biomassa demicroalgas desidratada (Schizochytrium sp.), celulose, levedura decana-de-a\u00e7\u00facar hidrolisada e desidratada, extrato de Yuccaschidigera, subproduto da extra\u00e7\u00e3o da L-cistina, cloreto de s\u00f3dio,carbonato de c\u00e1lcio, cloreto de pot\u00e1ssio, \u00e1gua, glicina, cloridrato deL-ciste\u00edna monohidratado, taurina, DL-metionina, L-carnitina, vitamina D3,vitamina E, vitamina K3, vitamina B1, vitamina B2, vitamina B6, vitamina B12,vitamina C, niacina, cloreto de colina, \u00e1cido pantot\u00eanico, \u00e1cido f\u00f3lico,biotina, iodato de c\u00e1lcio, minerais (glicinatos: ferro amino\u00e1cido quelato,cobre amino\u00e1cido quelato, mangan\u00eas amino\u00e1cido quelato e zinco amino\u00e1cidoquelato), goma guar, tripolifosfato de s\u00f3dio, extrato de urucum, c\u00farcuma (Curcumalonga).<\/p>","protected":false},"excerpt":{"rendered":"<p>Descri\u00e7\u00e3o SACH\u00ca SPECIAL CAT ULTRALIFE ADULTOS SABOR PEIXE EQUIL\u00cdBRIO DE MINERAIS + \u00c1GUAOs n\u00edveis equilibrados de minerais e o consumo de \u00e1gua, presentes no alimento \u00famido, auxiliam na manuten\u00e7\u00e3o do trato urin\u00e1rio COMPLEX LIFEFormulado com minerais org\u00e2nicos, Complex Life \u00e9 facilmente absorvido pelo organismo, otimizando seus benef\u00edcios \u00e0 sa\u00fade do animal. COMPOSI\u00c7\u00c3O B\u00c1SICA:Farinha de peixe, [&hellip;]<\/p>\n","protected":false},"featured_media":1410787484,"comment_status":"open","ping_status":"closed","template":"","meta":{"googlesitekit_rrm_CAow0N7NCw:productID":"","content-type":"","pmpro_default_level":"","_themeisle_gutenberg_block_has_review":false},"product_brand":[338],"product_cat":[259],"product_tag":[],"class_list":{"0":"post-1410787486","1":"product","2":"type-product","3":"status-publish","4":"has-post-thumbnail","6":"product_brand-special-cat","7":"product_cat-racoes-alimento-petisco-e-suplemento-caes","8":"aux-has-gallery","9":"pmpro-has-access","11":"first","12":"outofstock","13":"taxable","14":"shipping-taxable","15":"purchasable","16":"product-type-simple"},"_links":{"self":[{"href":"https:\/\/dinhosreef.com\/en\/wp-json\/wp\/v2\/product\/1410787486","targetHints":{"allow":["GET"]}}],"collection":[{"href":"https:\/\/dinhosreef.com\/en\/wp-json\/wp\/v2\/product"}],"about":[{"href":"https:\/\/dinhosreef.com\/en\/wp-json\/wp\/v2\/types\/product"}],"replies":[{"embeddable":true,"href":"https:\/\/dinhosreef.com\/en\/wp-json\/wp\/v2\/comments?post=1410787486"}],"wp:featuredmedia":[{"embeddable":true,"href":"https:\/\/dinhosreef.com\/en\/wp-json\/wp\/v2\/media\/1410787484"}],"wp:attachment":[{"href":"https:\/\/dinhosreef.com\/en\/wp-json\/wp\/v2\/media?parent=1410787486"}],"wp:term":[{"taxonomy":"product_brand","embeddable":true,"href":"https:\/\/dinhosreef.com\/en\/wp-json\/wp\/v2\/product_brand?post=1410787486"},{"taxonomy":"product_cat","embeddable":true,"href":"https:\/\/dinhosreef.com\/en\/wp-json\/wp\/v2\/product_cat?post=1410787486"},{"taxonomy":"product_tag","embeddable":true,"href":"https:\/\/dinhosreef.com\/en\/wp-json\/wp\/v2\/product_tag?post=1410787486"}],"curies":[{"name":"wp","href":"https:\/\/api.w.org\/{rel}","templated":true}]}}