{"id":1410787489,"date":"2026-01-13T17:26:36","date_gmt":"2026-01-13T20:26:36","guid":{"rendered":"https:\/\/dinhosreef.com\/produto\/copperband-butterfly\/"},"modified":"2026-03-20T20:11:06","modified_gmt":"2026-03-20T23:11:06","slug":"copperband-butterfly","status":"publish","type":"product","link":"https:\/\/dinhosreef.com\/en\/product\/copperband-butterfly\/","title":{"rendered":"Copperband Butterfly"},"content":{"rendered":"<p>Borboleta-bicuda<\/p>\n<p>Descri\u00e7\u00e3oBorboleta-bicuda \u00e9 uma esp\u00e9cie da fam\u00edlia Chaetodontidae encontrada em arrecifes dos oceanos Pac\u00edfico e \u00cdndico. \u00c9 uma das tr\u00eas esp\u00e9cies do g\u00e9nero Chelmon, todas conhecidas por terem longos bicos. Durante o dia se alimentam, enquanto \u00e0 noite repousam em rochas e corais.<\/p>\n<p>Nome cient\u00edfico: Chelmon rostratus<\/p>\n<p>Classifica\u00e7\u00e3o: Esp\u00e9cie<\/p>\n<p>Ordem: Perciformes<\/p>\n<p>Classifica\u00e7\u00e3o superior: Chelmon<\/p>\n<p>Estado de Conserva\u00e7\u00e3o: Pouco preocupante (Est\u00e1vel)<\/p>\n<p>Caracter\u00edsticas<\/p>\n<p>Porte: M\u00e9dio<\/p>\n<p>Litragem M\u00ednima: 300 L<\/p>\n<p>Alimenta\u00e7\u00e3o: Dif\u00edcil<\/p>\n<p>Dificuldade: M\u00e9dia<\/p>\n<p>Agressivo com outros peixes: Baixa<\/p>\n<p>Agressivo com mesmo: N\u00e3o<\/p>\n<p>Come corais: N\u00e3o<\/p>\n<p>Come invertebrados: Sim<\/p>","protected":false},"excerpt":{"rendered":"<p>Borboleta-bicuda Descri\u00e7\u00e3oBorboleta-bicuda \u00e9 uma esp\u00e9cie da fam\u00edlia Chaetodontidae encontrada em arrecifes dos oceanos Pac\u00edfico e \u00cdndico. \u00c9 uma das tr\u00eas esp\u00e9cies do g\u00e9nero Chelmon, todas conhecidas por terem longos bicos. Durante o dia se alimentam, enquanto \u00e0 noite repousam em rochas e corais. Nome cient\u00edfico: Chelmon rostratus Classifica\u00e7\u00e3o: Esp\u00e9cie Ordem: Perciformes Classifica\u00e7\u00e3o superior: Chelmon Estado [&hellip;]<\/p>\n","protected":false},"featured_media":1410787493,"comment_status":"open","ping_status":"closed","template":"","meta":{"googlesitekit_rrm_CAow0N7NCw:productID":"","content-type":"","pmpro_default_level":"","_themeisle_gutenberg_block_has_review":false},"product_brand":[],"product_cat":[170,190,220],"product_tag":[],"class_list":{"0":"post-1410787489","1":"product","2":"type-product","3":"status-publish","4":"has-post-thumbnail","6":"product_cat-peixes-marinhos","7":"product_cat-buterfly","8":"product_cat-todos-os-peixes-de-agua-salgada","9":"pmpro-has-access","11":"first","12":"outofstock","13":"taxable","14":"shipping-taxable","15":"purchasable","16":"product-type-variable"},"_links":{"self":[{"href":"https:\/\/dinhosreef.com\/en\/wp-json\/wp\/v2\/product\/1410787489","targetHints":{"allow":["GET"]}}],"collection":[{"href":"https:\/\/dinhosreef.com\/en\/wp-json\/wp\/v2\/product"}],"about":[{"href":"https:\/\/dinhosreef.com\/en\/wp-json\/wp\/v2\/types\/product"}],"replies":[{"embeddable":true,"href":"https:\/\/dinhosreef.com\/en\/wp-json\/wp\/v2\/comments?post=1410787489"}],"wp:featuredmedia":[{"embeddable":true,"href":"https:\/\/dinhosreef.com\/en\/wp-json\/wp\/v2\/media\/1410787493"}],"wp:attachment":[{"href":"https:\/\/dinhosreef.com\/en\/wp-json\/wp\/v2\/media?parent=1410787489"}],"wp:term":[{"taxonomy":"product_brand","embeddable":true,"href":"https:\/\/dinhosreef.com\/en\/wp-json\/wp\/v2\/product_brand?post=1410787489"},{"taxonomy":"product_cat","embeddable":true,"href":"https:\/\/dinhosreef.com\/en\/wp-json\/wp\/v2\/product_cat?post=1410787489"},{"taxonomy":"product_tag","embeddable":true,"href":"https:\/\/dinhosreef.com\/en\/wp-json\/wp\/v2\/product_tag?post=1410787489"}],"curies":[{"name":"wp","href":"https:\/\/api.w.org\/{rel}","templated":true}]}}