{"id":1410787497,"date":"2026-01-14T16:12:43","date_gmt":"2026-01-14T19:12:43","guid":{"rendered":"https:\/\/dinhosreef.com\/produto\/pristine-250ml-seachem\/"},"modified":"2026-04-16T18:12:50","modified_gmt":"2026-04-16T21:12:50","slug":"pristine-250ml-seachem","status":"publish","type":"product","link":"https:\/\/dinhosreef.com\/en\/product\/pristine-250ml-seachem\/","title":{"rendered":"PRISTINE 250ML  &#8211;  SEACHEM"},"content":{"rendered":"<p>Seachem Pristine 250ml &#8211; Removedor De Mat\u00e9ria Organica<\/p>\n<p>Pristine<br \/>&#8211; Gest\u00e3o de res\u00edduos org\u00e2nicos naturais<br \/>&#8211; Rapidez e seguran\u00e7a elimina lamas e detritos<br \/>&#8211; Ajuda a clareza aumento de \u00e1gua<br \/>&#8211; Marinha e de \u00e1gua doce<\/p>\n<p>Descri\u00e7\u00e3o<br \/>Pristine utiliza bio-aumento, um m\u00e9todo n\u00e3o-qu\u00edmica e natural, para melhorar a qualidade da \u00e1gua. Ele fornece as bact\u00e9rias que decomp\u00f5em o excesso de alimentos, res\u00edduos e detritos em sistemas de \u00e1gua doce e marinhos. Ele tamb\u00e9m ir\u00e1 reduzir o excesso de nutrientes (por exemplo, amon\u00edaco, nitratos, nitritos e) que podem fomentar o crescimento de inc\u00f4modo e organismos causadores de doen\u00e7as. Pristine aumenta a claridade da \u00e1gua e promove a sa\u00fade geral melhor para o ambiente aqu\u00e1tico.<\/p>\n<p>As esp\u00e9cies de bact\u00e9rias em intocada prosperar em \u00e1gua doce ou salgada, e pode utilizar uma grande variedade de compostos org\u00e2nicos, incluindo gorduras que podem causar filmes desagrad\u00e1veis. Ao contr\u00e1rio das bact\u00e9rias nitrificantes tradicionais, esta mistura bacteriana pode se adaptar a ambientes de oxig\u00e9nio agressivos ou baixos e continuam a se multiplicar e melhorar as condi\u00e7\u00f5es da \u00e1gua. Biopol\u00edmeros produzidos por col\u00f4nias de bact\u00e9rias part\u00edculas armadilha estabelecidos e clareza aumento \u00e1gua.<\/p>\n<p>As esp\u00e9cies de bact\u00e9rias em intocada \u00e9 uma mistura \u00fanica, especificamente desenvolvido para resist\u00eancia e a sua capacidade de se adaptar a uma grande variedade de condi\u00e7\u00f5es ambientais.<\/p>\n<p>Instru\u00e7\u00f5es<br \/>Agitar antes de usar. Desligue UV \/ ozono. Utilize 1 tampinha (5 ml) para cada 40 L (10 gal\u00f5es americanos). Em seguida, use uma dose de manuten\u00e7\u00e3o de 1 tampinha (5 mL) por 80 L (20 gal\u00f5es americanos) com adi\u00e7\u00f5es de gado ou o rompimento do filtro biol\u00f3gico atrav\u00e9s de limpeza ou medicamentos. Os antibi\u00f3ticos devem ser removidos com carbono fresco e uma mudan\u00e7a de \u00e1gua antes de adicionar bact\u00e9rias. Permitir que 2 ou 3 dias para as bact\u00e9rias para se estabelecer antes de utilizar esterilizadores UV ou oz\u00f4nio. problemas recorrentes com altas nutrientes pode indicar sobre popula\u00e7\u00e3o, superalimenta\u00e7\u00e3o ou filtra\u00e7\u00e3o inadequada.<\/p>","protected":false},"excerpt":{"rendered":"<p>Seachem Pristine 250ml &#8211; Removedor De Mat\u00e9ria Organica Pristine&#8211; Gest\u00e3o de res\u00edduos org\u00e2nicos naturais&#8211; Rapidez e seguran\u00e7a elimina lamas e detritos&#8211; Ajuda a clareza aumento de \u00e1gua&#8211; Marinha e de \u00e1gua doce Descri\u00e7\u00e3oPristine utiliza bio-aumento, um m\u00e9todo n\u00e3o-qu\u00edmica e natural, para melhorar a qualidade da \u00e1gua. Ele fornece as bact\u00e9rias que decomp\u00f5em o excesso de [&hellip;]<\/p>\n","protected":false},"featured_media":1410787494,"comment_status":"open","ping_status":"closed","template":"","meta":{"googlesitekit_rrm_CAow0N7NCw:productID":"","content-type":"","pmpro_default_level":"","_themeisle_gutenberg_block_has_review":false},"product_brand":[402],"product_cat":[47],"product_tag":[],"class_list":{"0":"post-1410787497","1":"product","2":"type-product","3":"status-publish","4":"has-post-thumbnail","6":"product_brand-seachem","7":"product_cat-condicionadores-de-agua","8":"aux-has-gallery","9":"pmpro-has-access","11":"first","12":"instock","13":"taxable","14":"shipping-taxable","15":"purchasable","16":"product-type-simple"},"_links":{"self":[{"href":"https:\/\/dinhosreef.com\/en\/wp-json\/wp\/v2\/product\/1410787497","targetHints":{"allow":["GET"]}}],"collection":[{"href":"https:\/\/dinhosreef.com\/en\/wp-json\/wp\/v2\/product"}],"about":[{"href":"https:\/\/dinhosreef.com\/en\/wp-json\/wp\/v2\/types\/product"}],"replies":[{"embeddable":true,"href":"https:\/\/dinhosreef.com\/en\/wp-json\/wp\/v2\/comments?post=1410787497"}],"wp:featuredmedia":[{"embeddable":true,"href":"https:\/\/dinhosreef.com\/en\/wp-json\/wp\/v2\/media\/1410787494"}],"wp:attachment":[{"href":"https:\/\/dinhosreef.com\/en\/wp-json\/wp\/v2\/media?parent=1410787497"}],"wp:term":[{"taxonomy":"product_brand","embeddable":true,"href":"https:\/\/dinhosreef.com\/en\/wp-json\/wp\/v2\/product_brand?post=1410787497"},{"taxonomy":"product_cat","embeddable":true,"href":"https:\/\/dinhosreef.com\/en\/wp-json\/wp\/v2\/product_cat?post=1410787497"},{"taxonomy":"product_tag","embeddable":true,"href":"https:\/\/dinhosreef.com\/en\/wp-json\/wp\/v2\/product_tag?post=1410787497"}],"curies":[{"name":"wp","href":"https:\/\/api.w.org\/{rel}","templated":true}]}}