{"id":1410787502,"date":"2026-01-15T17:24:29","date_gmt":"2026-01-15T20:24:29","guid":{"rendered":"https:\/\/dinhosreef.com\/produto\/kit-10un-quatree-oral-sticks-caes-sabor-menta-100g\/"},"modified":"2026-04-24T09:25:16","modified_gmt":"2026-04-24T12:25:16","slug":"kit-10un-quatree-oral-sticks-caes-sabor-menta-100g","status":"publish","type":"product","link":"https:\/\/dinhosreef.com\/en\/product\/kit-10un-quatree-oral-sticks-caes-sabor-menta-100g\/","title":{"rendered":"KIT 10UN QUATREE ORAL STICKS CAES SABOR MENTA 100G"},"content":{"rendered":"<p>\u00a0Indicado para c\u00e3es;<br \/>&#8211; Para c\u00e3es de ra\u00e7as m\u00e9dias e grandes;<br \/>&#8211; Auxilia na higiene bucal;<br \/>&#8211; Mant\u00e9m o h\u00e1lito fresco;<br \/>&#8211; Sabor menta.<\/p>\n<p>Snack Quatree Sticks Para C\u00e3es Ra\u00e7as M\u00e9dias e Grandes satisfaz o instinto de mastiga\u00e7\u00e3o do seu c\u00e3ozinho e mant\u00e9m o h\u00e1lito fresco e higieniza dos dentes. Cont\u00e9m hexametafosfato de s\u00f3dio para o controle de t\u00e1rtaro.<\/p>\n<p>Quatree Sticks Para C\u00e3es Ra\u00e7as M\u00e9dias e Grandes possui um sabor inconfund\u00edvel de menta faz com que o pet sempre queira mais.<\/p>\n<p>O Snack pode ser utilizado como premia\u00e7\u00e3o, distra\u00e7\u00e3o e brincadeira, contribui para diminui\u00e7\u00e3o do estresse e proporciona gengivas mais saud\u00e1veis.<\/p>\n<p>Snack Quatree \u00e9 um petisco de cuidado di\u00e1rio para oferecer com carinho e divers\u00e3o ao seu c\u00e3ozinho de porte m\u00e9dio e grande.<\/p>","protected":false},"excerpt":{"rendered":"<p>\u00a0Indicado para c\u00e3es;&#8211; Para c\u00e3es de ra\u00e7as m\u00e9dias e grandes;&#8211; Auxilia na higiene bucal;&#8211; Mant\u00e9m o h\u00e1lito fresco;&#8211; Sabor menta. Snack Quatree Sticks Para C\u00e3es Ra\u00e7as M\u00e9dias e Grandes satisfaz o instinto de mastiga\u00e7\u00e3o do seu c\u00e3ozinho e mant\u00e9m o h\u00e1lito fresco e higieniza dos dentes. Cont\u00e9m hexametafosfato de s\u00f3dio para o controle de t\u00e1rtaro. [&hellip;]<\/p>\n","protected":false},"featured_media":1410787501,"comment_status":"open","ping_status":"closed","template":"","meta":{"googlesitekit_rrm_CAow0N7NCw:productID":"","content-type":"","pmpro_default_level":"","_themeisle_gutenberg_block_has_review":false},"product_brand":[],"product_cat":[259],"product_tag":[],"class_list":{"0":"post-1410787502","1":"product","2":"type-product","3":"status-publish","4":"has-post-thumbnail","6":"product_cat-racoes-alimento-petisco-e-suplemento-caes","7":"pmpro-has-access","9":"first","10":"outofstock","11":"taxable","12":"shipping-taxable","13":"purchasable","14":"product-type-simple"},"_links":{"self":[{"href":"https:\/\/dinhosreef.com\/en\/wp-json\/wp\/v2\/product\/1410787502","targetHints":{"allow":["GET"]}}],"collection":[{"href":"https:\/\/dinhosreef.com\/en\/wp-json\/wp\/v2\/product"}],"about":[{"href":"https:\/\/dinhosreef.com\/en\/wp-json\/wp\/v2\/types\/product"}],"replies":[{"embeddable":true,"href":"https:\/\/dinhosreef.com\/en\/wp-json\/wp\/v2\/comments?post=1410787502"}],"wp:featuredmedia":[{"embeddable":true,"href":"https:\/\/dinhosreef.com\/en\/wp-json\/wp\/v2\/media\/1410787501"}],"wp:attachment":[{"href":"https:\/\/dinhosreef.com\/en\/wp-json\/wp\/v2\/media?parent=1410787502"}],"wp:term":[{"taxonomy":"product_brand","embeddable":true,"href":"https:\/\/dinhosreef.com\/en\/wp-json\/wp\/v2\/product_brand?post=1410787502"},{"taxonomy":"product_cat","embeddable":true,"href":"https:\/\/dinhosreef.com\/en\/wp-json\/wp\/v2\/product_cat?post=1410787502"},{"taxonomy":"product_tag","embeddable":true,"href":"https:\/\/dinhosreef.com\/en\/wp-json\/wp\/v2\/product_tag?post=1410787502"}],"curies":[{"name":"wp","href":"https:\/\/api.w.org\/{rel}","templated":true}]}}