{"id":1410787558,"date":"2026-01-19T16:00:35","date_gmt":"2026-01-19T19:00:35","guid":{"rendered":"https:\/\/dinhosreef.com\/produto\/racao-whiskas-gatos-filhotes-sabor-carne-e-leite-500g\/"},"modified":"2026-03-26T10:17:54","modified_gmt":"2026-03-26T13:17:54","slug":"racao-whiskas-gatos-filhotes-sabor-carne-e-leite-500g","status":"publish","type":"product","link":"https:\/\/dinhosreef.com\/en\/product\/racao-whiskas-gatos-filhotes-sabor-carne-e-leite-500g\/","title":{"rendered":"RA\u00c7\u00c3O WHISKAS GATOS FILHOTES SABOR CARNE E LEITE 500G"},"content":{"rendered":"<p><strong><em>Ra\u00e7\u00e3o Seca Whiskas<\/em> <em>Gatos <\/em><em>Filhotes Sabor Carne e Leite 500g<br \/><\/em><\/strong><\/p>\n<p><strong>A Ra\u00e7\u00e3o Whiskas Gatos Filhotes Carne e Leite \u00e9 uma op\u00e7\u00e3o premium para gatos filhotes de 2 a 12 meses, desenvolvida para atender \u00e0s necessidades nutricionais cruciais durante essa fase. Com um sabor delicioso de carne e leite, essa f\u00f3rmula equilibrada proporciona uma experi\u00eancia gastron\u00f4mica irresist\u00edvel, garantindo um desenvolvimento saud\u00e1vel.<br \/>\u00a0 \u00a0Elaborada em colabora\u00e7\u00e3o com veterin\u00e1rios, essa ra\u00e7\u00e3o para gatos filhotes \u00e9 adaptada para oferecer suporte nutricional personalizado durante o crescimento do seu pet. Com peda\u00e7os pequenos, prebi\u00f3ticos para digest\u00e3o saud\u00e1vel e DHA para o desenvolvimento cerebral, \u00e9 uma escolha confi\u00e1vel para promover um in\u00edcio de vida saud\u00e1vel.<br \/>\u00a0 \u00a0Al\u00e9m do sabor excepcional, a ra\u00e7\u00e3o Whiskas gatos filhotes oferece benef\u00edcios nutricionais abrangentes. Com controle de minerais para a sa\u00fade do trato urin\u00e1rio e uma mistura de vitaminas e antioxidantes para refor\u00e7ar o sistema imunol\u00f3gico, \u00e9 uma escolha confi\u00e1vel para garantir que seu gato filhote cres\u00e7a forte e saud\u00e1vel desde os primeiros meses de vida.<\/p>\n<p>Ra\u00e7\u00e3o Premium 100% completa e balanceada; Sem corantes presentes na ra\u00e7\u00e3o para gatos filhotes; Peda\u00e7os pequenos desenvolvidos para bocas pequenas; Com prebi\u00f3ticos que contribuem para digest\u00e3o saud\u00e1vel; Desenvolvida nutricionalmente em conjunto com veterin\u00e1rios; Com DHA para ajudar no desenvolvimento do c\u00e9rebro; Controle de minerais para manter o trato urin\u00e1rio saud\u00e1vel; Vitaminas e antioxidantes que ajudam o sistema imunol\u00f3gico.<br \/><\/strong><\/p>\n<div class=\"ui-pdp-container__row\">\n<div class=\"ui-pdp-container__col col-1 pl-24 pr-24\">\n<div class=\"ui-pdp-collapsable mt-24 ui-pdp-description-collapse\">\n<div class=\"ui-pdp-collapsable__container\">\n<div id=\"description\" class=\"ui-pdp-description\">\n<p class=\"ui-pdp-description__content\" data-testid=\"content\">Farinha de Visceras e Ossos de Aves, Gl\u00faten de Milho*, Milho Integral*, Farelo de Soja**, Farinha de Carne e Ossos de Bovinos, Quirera de Arroz, Gordura de Aves, Leite em P\u00f3, \u00d3leo de Peixe, Cenoura, Espinafre, Hidrolisado de F\u00edgado de Aves, Mananoligossacar\u00eddeo &#8211; m\u00edn 0.05%, Taurina, Metionina, Vitaminas (Vitamina A (Retinol), B1 (Tiamina), B2 (Riboflavina), B6 (Piridoxina), B12 (Cianocobalamina), D3 (Colecalciferol), E (Acetato DL Alfa Tocoferol), \u00c1cido F\u00f3lico, Niacina, Cloreto de Colina, \u00c1cido Pantot\u00eanico), Minerais (Cloreto de Pot\u00e1ssio , Cloreto de S\u00f3dio (sal comum), Iodato de C\u00e1lcio, \u00d3xido de Zinco, Selenito de S\u00f3dio, Sulfato de Cobre, Sulfato de Mangan\u00eas), B.H.T. (Hidr\u00f3xido de Tolueno Butilado).Eventuais Substitutivos: Sorgo Integral, Cevada em gr\u00e3o, Trigo Integral, Farinha de Peixe, Prote\u00edna Concentrada de Soja**, Biomassa de microalga, Farinha de Carne e Ossos de Su\u00edno*Esp\u00e9cies doadoras de gene: Agrobacterium tumefaciens, Bacillus thuringiensis, Streptomyces viridochromogenes, Zea mays, Sphingobium herbicidorovans, Dicossoma sp, Diabrotica firgifera, Thermoccocales spp, Bacillus subtilis.**Esp\u00e9cies doadoras do gene: Agrobacterium tumefaciens, Bacillus thuringiensis, Streptomyces viridochromogenes, Arabidopsis thaliana, Delftia acidovorans, Pseudomonas fluorescens, Zea mays, Stenotrophomonas maltophilia, B.T. var Azawai e Kurstaqui, Agrobacterium sp.<\/p>\n<p class=\"ui-pdp-description__content\" data-testid=\"content\">Vitamina A (6000 UI), Vitamina D3 (500 UI), Vitamina B1 (5 mg), Vitamina B2 (6,5 mg), Vitamina B6 (5 mg), Vitamina B12 (20 \u00b5g), \u00c1cido Pantot\u00eanico (9 mg), Colina (1500 mg), Niacina (40 mg), \u00c1cido F\u00f3lico (1 mg), Iodo (1,5 mg), Cobre (2 mg), Mangan\u00eas (2,5 mg), Sel\u00eanio (0,1 mg).<\/p>\n<\/p><\/div>\n<\/p><\/div>\n<\/p><\/div>\n<\/p><\/div>\n<\/p><\/div>\n<div class=\"ui-pdp-container__row\">\u00a0<\/div>\n<div class=\"ui-pdp-container__row ui-pdp-recommendations-row\">\n<div class=\"ui-pdp-container__col col-1\">\n<div class=\"ui-pdp-spot-middle\">\n<section class=\"ui-recommendations-carousel-wrapper-ref ui-recommendations-over-white-background\">\n<div class=\"ui-recommendations-carousel-snapped mt-40 ui-pdp-with--separator-top ui-pdp-with--separator-top--full recos-override__card-vertical\">\n<div class=\"ui-recommendations-carousel-snapped__header\">\u00a0<\/div>\n<\/p><\/div>\n<\/section><\/div>\n<\/p><\/div>\n<\/p><\/div>","protected":false},"excerpt":{"rendered":"<p>Ra\u00e7\u00e3o Seca Whiskas Gatos Filhotes Sabor Carne e Leite 500g A Ra\u00e7\u00e3o Whiskas Gatos Filhotes Carne e Leite \u00e9 uma op\u00e7\u00e3o premium para gatos filhotes de 2 a 12 meses, desenvolvida para atender \u00e0s necessidades nutricionais cruciais durante essa fase. Com um sabor delicioso de carne e leite, essa f\u00f3rmula equilibrada proporciona uma experi\u00eancia gastron\u00f4mica [&hellip;]<\/p>\n","protected":false},"featured_media":1410787557,"comment_status":"open","ping_status":"closed","template":"","meta":{"googlesitekit_rrm_CAow0N7NCw:productID":"","content-type":"","pmpro_default_level":"","_themeisle_gutenberg_block_has_review":false},"product_brand":[439],"product_cat":[256],"product_tag":[],"class_list":{"0":"post-1410787558","1":"product","2":"type-product","3":"status-publish","4":"has-post-thumbnail","6":"product_brand-whiskas","7":"product_cat-racoes","8":"pmpro-has-access","10":"first","11":"outofstock","12":"taxable","13":"shipping-taxable","14":"purchasable","15":"product-type-simple"},"_links":{"self":[{"href":"https:\/\/dinhosreef.com\/en\/wp-json\/wp\/v2\/product\/1410787558","targetHints":{"allow":["GET"]}}],"collection":[{"href":"https:\/\/dinhosreef.com\/en\/wp-json\/wp\/v2\/product"}],"about":[{"href":"https:\/\/dinhosreef.com\/en\/wp-json\/wp\/v2\/types\/product"}],"replies":[{"embeddable":true,"href":"https:\/\/dinhosreef.com\/en\/wp-json\/wp\/v2\/comments?post=1410787558"}],"wp:featuredmedia":[{"embeddable":true,"href":"https:\/\/dinhosreef.com\/en\/wp-json\/wp\/v2\/media\/1410787557"}],"wp:attachment":[{"href":"https:\/\/dinhosreef.com\/en\/wp-json\/wp\/v2\/media?parent=1410787558"}],"wp:term":[{"taxonomy":"product_brand","embeddable":true,"href":"https:\/\/dinhosreef.com\/en\/wp-json\/wp\/v2\/product_brand?post=1410787558"},{"taxonomy":"product_cat","embeddable":true,"href":"https:\/\/dinhosreef.com\/en\/wp-json\/wp\/v2\/product_cat?post=1410787558"},{"taxonomy":"product_tag","embeddable":true,"href":"https:\/\/dinhosreef.com\/en\/wp-json\/wp\/v2\/product_tag?post=1410787558"}],"curies":[{"name":"wp","href":"https:\/\/api.w.org\/{rel}","templated":true}]}}