{"id":1410787564,"date":"2026-01-19T17:09:53","date_gmt":"2026-01-19T20:09:53","guid":{"rendered":"https:\/\/dinhosreef.com\/produto\/racao-para-gatos-adultos-optimum-sabor-frango-1kg\/"},"modified":"2026-03-13T08:04:12","modified_gmt":"2026-03-13T11:04:12","slug":"racao-para-gatos-adultos-optimum-sabor-frango-1kg","status":"publish","type":"product","link":"https:\/\/dinhosreef.com\/en\/product\/racao-para-gatos-adultos-optimum-sabor-frango-1kg\/","title":{"rendered":"RA\u00c7\u00c3O PARA GATOS ADULTOS OPTIMUM SABOR FRANGO 1KG"},"content":{"rendered":"<h2>Ra\u00e7\u00e3o Optimum para Gatos Adultos Frango<\/h2>\n<p>A\u00a0<strong>Ra\u00e7\u00e3o Optimum para Gatos Adultos Frango<\/strong>\u00a0proporciona uma refei\u00e7\u00e3o nutricionalmente completa e balanceada. Com f\u00f3rmula enriquecida com Sel\u00eanio e Vitamina E, nutrientes com a\u00e7\u00e3o antioxidante que ajuda manter seu gato sempre saud\u00e1vel.<\/p>\n<p>Enriquecida com Zinco e \u00d4mega 6 que contribuem para sa\u00fade da pele e pelo, a\u00a0<strong>Ra\u00e7\u00e3o para Gatos a Optimum<\/strong>\u00a0possui um balan\u00e7o correto de minerais que ajudam na sa\u00fade do trato urin\u00e1rio.<\/p>\n<p>Produzida com prote\u00edna de frango cuidadosamente selecionada, para uma digest\u00e3o equilibrada, a\u00a0<strong>Ra\u00e7\u00e3o Optimun Gatos<\/strong>\u00a0\u00e9 produzida sem adi\u00e7\u00e3o de conservantes, corantes ou aromas artificiais. Cont\u00e9m taurina, nutriente que ajuda na circula\u00e7\u00e3o sangu\u00ednea do cora\u00e7\u00e3o.<\/p>\n<p>Na DINHOS REEF, voc\u00ea encontra a <strong>Ra\u00e7\u00e3o Optimum para Gatos Adultos 1+ anos Frango com pre\u00e7o<\/strong> imperd\u00edvel e garante para o seu gato uma alimenta\u00e7\u00e3o saud\u00e1vel e muito saborosa. Aproveite!<\/p>\n<h3>Ingredientes<\/h3>\n<p>Farinha de v\u00edsceras de aves, milho mo\u00eddo*, quirera de arroz, gl\u00faten de milho*, farelo de gl\u00faten de milho*, \u00f3leo de frango, farelo de soja**, minerais (cloreto de s\u00f3dio, cloreto de pot\u00e1ssio, \u00f3xido de zinco, sulfato de cobre pentahidratado, sulfato de mangan\u00eas, iodato de c\u00e1lcio, selenito de s\u00f3dio), hidrolisado de f\u00edgado de aves, dl-metionina, taurina, vitaminas (A, D3, E, B1, B2, B3, B5, B6, B9, B12, cloreto de colina), BHT (butilhidroxitolueno).<\/p>\n<p><strong>Eventuais substitutivos<\/strong>: hidrolisado de carne de aves e f\u00edgado de aves e su\u00edno.<\/p>\n<p><strong>*Esp\u00e9cies doadoras do gene<\/strong>: Agrobacterium tumefaciens, Bacillus thuringiensis, Streptomyces viridochromogenes, Zea mays, Sphingobium herbicidorovans, Dicossoma sp., Diabrotica firgifera, Thermoccocales spp, Bacillus substilis.<\/p>\n<p><strong>**Esp\u00e9cies doadoras do gene<\/strong>: Agrobacterium tumefaciens, Bacillus thuringiensis, Streptomyces viridochromogenes, Arabidopsis thaliana, Delftia acidovorans, Pseudomonas fluorescens, Zea mays, Stenotrophomonas maltophilia, B.T. var Azawai e Kurstaqui, Agrobacterium sp.<\/p>\n<p>Cont\u00e9m milho e soja transg\u00eanicos.<\/p>","protected":false},"excerpt":{"rendered":"<p>Ra\u00e7\u00e3o Optimum para Gatos Adultos Frango A\u00a0Ra\u00e7\u00e3o Optimum para Gatos Adultos Frango\u00a0proporciona uma refei\u00e7\u00e3o nutricionalmente completa e balanceada. Com f\u00f3rmula enriquecida com Sel\u00eanio e Vitamina E, nutrientes com a\u00e7\u00e3o antioxidante que ajuda manter seu gato sempre saud\u00e1vel. Enriquecida com Zinco e \u00d4mega 6 que contribuem para sa\u00fade da pele e pelo, a\u00a0Ra\u00e7\u00e3o para Gatos a [&hellip;]<\/p>\n","protected":false},"featured_media":1410787563,"comment_status":"open","ping_status":"closed","template":"","meta":{"googlesitekit_rrm_CAow0N7NCw:productID":"","content-type":"","pmpro_default_level":"","_themeisle_gutenberg_block_has_review":false},"product_brand":[],"product_cat":[256],"product_tag":[],"class_list":{"0":"post-1410787564","1":"product","2":"type-product","3":"status-publish","4":"has-post-thumbnail","6":"product_cat-racoes","7":"pmpro-has-access","9":"first","10":"outofstock","11":"taxable","12":"shipping-taxable","13":"purchasable","14":"product-type-simple"},"_links":{"self":[{"href":"https:\/\/dinhosreef.com\/en\/wp-json\/wp\/v2\/product\/1410787564","targetHints":{"allow":["GET"]}}],"collection":[{"href":"https:\/\/dinhosreef.com\/en\/wp-json\/wp\/v2\/product"}],"about":[{"href":"https:\/\/dinhosreef.com\/en\/wp-json\/wp\/v2\/types\/product"}],"replies":[{"embeddable":true,"href":"https:\/\/dinhosreef.com\/en\/wp-json\/wp\/v2\/comments?post=1410787564"}],"wp:featuredmedia":[{"embeddable":true,"href":"https:\/\/dinhosreef.com\/en\/wp-json\/wp\/v2\/media\/1410787563"}],"wp:attachment":[{"href":"https:\/\/dinhosreef.com\/en\/wp-json\/wp\/v2\/media?parent=1410787564"}],"wp:term":[{"taxonomy":"product_brand","embeddable":true,"href":"https:\/\/dinhosreef.com\/en\/wp-json\/wp\/v2\/product_brand?post=1410787564"},{"taxonomy":"product_cat","embeddable":true,"href":"https:\/\/dinhosreef.com\/en\/wp-json\/wp\/v2\/product_cat?post=1410787564"},{"taxonomy":"product_tag","embeddable":true,"href":"https:\/\/dinhosreef.com\/en\/wp-json\/wp\/v2\/product_tag?post=1410787564"}],"curies":[{"name":"wp","href":"https:\/\/api.w.org\/{rel}","templated":true}]}}