{"id":1410787566,"date":"2026-01-19T17:33:40","date_gmt":"2026-01-19T20:33:40","guid":{"rendered":"https:\/\/dinhosreef.com\/produto\/racao-pedigree-filhote-sabor-carne-frango-e-cereais-900g\/"},"modified":"2026-04-02T13:25:22","modified_gmt":"2026-04-02T16:25:22","slug":"racao-pedigree-filhote-sabor-carne-frango-e-cereais-900g","status":"publish","type":"product","link":"https:\/\/dinhosreef.com\/en\/product\/racao-pedigree-filhote-sabor-carne-frango-e-cereais-900g\/","title":{"rendered":"RA\u00c7\u00c3O PEDIGREE FILHOTE SABOR CARNE, FRANGO E CEREAIS 900G"},"content":{"rendered":"<ul>\n<li>Indicada para c\u00e3es filhotes;<br \/>&#8211; Ra\u00e7\u00e3o premium 100% completa e balanceada para c\u00e3es filhotes;<br \/>&#8211; Sem corantes ou aromatizantes artificiais;<br \/>&#8211; Ajuda o sistema imunol\u00f3gico (Nutri Defense \u2122);<br \/>&#8211; Com DHA e prebi\u00f3ticos para o desenvolvimento;<br \/>&#8211; Antioxidantes para um crescimento saud\u00e1vel;<br \/>&#8211; 23 vitaminas e minerais para se manter forte e saud\u00e1vel;<br \/>&#8211; Com c\u00e1lcio para ossos e dentes saud\u00e1veis;<br \/>&#8211; Com fibras naturais para \u00f3tima digest\u00e3o;<br \/>&#8211; Prote\u00edna de qualidade para m\u00fasculos fortes;<\/li>\n<\/ul>","protected":false},"excerpt":{"rendered":"<p>Indicada para c\u00e3es filhotes;&#8211; Ra\u00e7\u00e3o premium 100% completa e balanceada para c\u00e3es filhotes;&#8211; Sem corantes ou aromatizantes artificiais;&#8211; Ajuda o sistema imunol\u00f3gico (Nutri Defense \u2122);&#8211; Com DHA e prebi\u00f3ticos para o desenvolvimento;&#8211; Antioxidantes para um crescimento saud\u00e1vel;&#8211; 23 vitaminas e minerais para se manter forte e saud\u00e1vel;&#8211; Com c\u00e1lcio para ossos e dentes saud\u00e1veis;&#8211; Com [&hellip;]<\/p>\n","protected":false},"featured_media":1410787565,"comment_status":"open","ping_status":"closed","template":"","meta":{"googlesitekit_rrm_CAow0N7NCw:productID":"","content-type":"","pmpro_default_level":"","_themeisle_gutenberg_block_has_review":false},"product_brand":[438],"product_cat":[259],"product_tag":[],"class_list":{"0":"post-1410787566","1":"product","2":"type-product","3":"status-publish","4":"has-post-thumbnail","6":"product_brand-pedigree","7":"product_cat-racoes-alimento-petisco-e-suplemento-caes","8":"pmpro-has-access","10":"first","11":"outofstock","12":"taxable","13":"shipping-taxable","14":"purchasable","15":"product-type-simple"},"_links":{"self":[{"href":"https:\/\/dinhosreef.com\/en\/wp-json\/wp\/v2\/product\/1410787566","targetHints":{"allow":["GET"]}}],"collection":[{"href":"https:\/\/dinhosreef.com\/en\/wp-json\/wp\/v2\/product"}],"about":[{"href":"https:\/\/dinhosreef.com\/en\/wp-json\/wp\/v2\/types\/product"}],"replies":[{"embeddable":true,"href":"https:\/\/dinhosreef.com\/en\/wp-json\/wp\/v2\/comments?post=1410787566"}],"wp:featuredmedia":[{"embeddable":true,"href":"https:\/\/dinhosreef.com\/en\/wp-json\/wp\/v2\/media\/1410787565"}],"wp:attachment":[{"href":"https:\/\/dinhosreef.com\/en\/wp-json\/wp\/v2\/media?parent=1410787566"}],"wp:term":[{"taxonomy":"product_brand","embeddable":true,"href":"https:\/\/dinhosreef.com\/en\/wp-json\/wp\/v2\/product_brand?post=1410787566"},{"taxonomy":"product_cat","embeddable":true,"href":"https:\/\/dinhosreef.com\/en\/wp-json\/wp\/v2\/product_cat?post=1410787566"},{"taxonomy":"product_tag","embeddable":true,"href":"https:\/\/dinhosreef.com\/en\/wp-json\/wp\/v2\/product_tag?post=1410787566"}],"curies":[{"name":"wp","href":"https:\/\/api.w.org\/{rel}","templated":true}]}}