{"id":1410787589,"date":"2026-01-20T15:54:53","date_gmt":"2026-01-20T18:54:53","guid":{"rendered":"https:\/\/dinhosreef.com\/produto\/neon-goby-yellow-elacatinus-figaro-criado\/"},"modified":"2026-04-24T20:37:05","modified_gmt":"2026-04-24T23:37:05","slug":"neon-goby-yellow-elacatinus-figaro-criado","status":"publish","type":"product","link":"https:\/\/dinhosreef.com\/en\/product\/neon-goby-yellow-elacatinus-figaro-criado\/","title":{"rendered":"Neon Goby Yellow (Elacatinus figaro) Criado"},"content":{"rendered":"<p>Conhecido como Neon Marinho ou Neon Goby, possui cores fortes geralmente preto com um lista amarela.<\/p>\n<p>\u00c9 um peixe bastante resistente.<\/p>\n<p><strong>Circula\u00e7\u00e3o:\u00a0<\/strong>M\u00e9dia<\/p>\n<p><strong>Agressividade:\u00a0<\/strong>Passivo<\/p>\n<p><strong>Alimenta\u00e7\u00e3o:\u00a0<\/strong>pequenos parasitas, ra\u00e7\u00e3o em flocos, alimento vivo e congelado.<\/p>","protected":false},"excerpt":{"rendered":"<p>Conhecido como Neon Marinho ou Neon Goby, possui cores fortes geralmente preto com um lista amarela. \u00c9 um peixe bastante resistente. Circula\u00e7\u00e3o:\u00a0M\u00e9dia Agressividade:\u00a0Passivo Alimenta\u00e7\u00e3o:\u00a0pequenos parasitas, ra\u00e7\u00e3o em flocos, alimento vivo e congelado.<\/p>","protected":false},"featured_media":1410789740,"comment_status":"open","ping_status":"closed","template":"","meta":{"googlesitekit_rrm_CAow0N7NCw:productID":"","content-type":"","pmpro_default_level":"","_themeisle_gutenberg_block_has_review":false},"product_brand":[],"product_cat":[220,197,170],"product_tag":[],"class_list":{"0":"post-1410787589","1":"product","2":"type-product","3":"status-publish","4":"has-post-thumbnail","6":"product_cat-todos-os-peixes-de-agua-salgada","7":"product_cat-gobies","8":"product_cat-peixes-marinhos","9":"pmpro-has-access","11":"first","12":"outofstock","13":"taxable","14":"shipping-taxable","15":"purchasable","16":"product-type-simple"},"_links":{"self":[{"href":"https:\/\/dinhosreef.com\/en\/wp-json\/wp\/v2\/product\/1410787589","targetHints":{"allow":["GET"]}}],"collection":[{"href":"https:\/\/dinhosreef.com\/en\/wp-json\/wp\/v2\/product"}],"about":[{"href":"https:\/\/dinhosreef.com\/en\/wp-json\/wp\/v2\/types\/product"}],"replies":[{"embeddable":true,"href":"https:\/\/dinhosreef.com\/en\/wp-json\/wp\/v2\/comments?post=1410787589"}],"wp:featuredmedia":[{"embeddable":true,"href":"https:\/\/dinhosreef.com\/en\/wp-json\/wp\/v2\/media\/1410789740"}],"wp:attachment":[{"href":"https:\/\/dinhosreef.com\/en\/wp-json\/wp\/v2\/media?parent=1410787589"}],"wp:term":[{"taxonomy":"product_brand","embeddable":true,"href":"https:\/\/dinhosreef.com\/en\/wp-json\/wp\/v2\/product_brand?post=1410787589"},{"taxonomy":"product_cat","embeddable":true,"href":"https:\/\/dinhosreef.com\/en\/wp-json\/wp\/v2\/product_cat?post=1410787589"},{"taxonomy":"product_tag","embeddable":true,"href":"https:\/\/dinhosreef.com\/en\/wp-json\/wp\/v2\/product_tag?post=1410787589"}],"curies":[{"name":"wp","href":"https:\/\/api.w.org\/{rel}","templated":true}]}}