{"id":1410787599,"date":"2026-01-21T16:32:17","date_gmt":"2026-01-21T19:32:17","guid":{"rendered":"https:\/\/dinhosreef.com\/produto\/racao-pedigree-nutricao-essencial-adulto-sabor-carne-900g\/"},"modified":"2026-04-07T20:19:47","modified_gmt":"2026-04-07T23:19:47","slug":"racao-pedigree-nutricao-essencial-adulto-sabor-carne-900g","status":"publish","type":"product","link":"https:\/\/dinhosreef.com\/en\/product\/racao-pedigree-nutricao-essencial-adulto-sabor-carne-900g\/","title":{"rendered":"RA\u00c7\u00c3O PEDIGREE NUTRI\u00c7\u00c3O ESSENCIAL ADULTO SABOR CARNE 900G"},"content":{"rendered":"<p>A Ra\u00e7\u00e3o Pedigree Nutri\u00e7\u00e3o Essencial Adulto Sabor Carne 900g \u00e9 a escolha ideal para c\u00e3es de ra\u00e7as m\u00e9dias e grandes que necessitam de uma alimenta\u00e7\u00e3o balanceada e nutritiva. Com uma nova f\u00f3rmula que cont\u00e9m 20% de prote\u00edna bruta, este alimento seco \u00e9 100% completo, garantindo que seu c\u00e3o receba todos os nutrientes essenciais para uma vida saud\u00e1vel e ativa.<\/p>\n<p>Elaborada com ingredientes de alta qualidade, como farinha de v\u00edsceras de aves e carne e ossos de bovino e su\u00edno, a ra\u00e7\u00e3o \u00e9 livre de corantes artificiais, proporcionando uma refei\u00e7\u00e3o saud\u00e1vel e saborosa. Al\u00e9m disso, conta com 20 nutrientes essenciais, incluindo vitaminas que ajudam a fortalecer o sistema imunol\u00f3gico e a manter a sa\u00fade da pele e do pelo.<\/p>\n<p>\u00a0A Ra\u00e7\u00e3o Pedigree Nutri\u00e7\u00e3o Essencial \u00e9 perfeita para c\u00e3es adultos, oferecendo uma nutri\u00e7\u00e3o que atende \u00e0s suas necessidades espec\u00edficas. Proporcione ao seu melhor amigo uma alimenta\u00e7\u00e3o que combina sabor e qualidade, contribuindo para o seu bem-estar e felicidade.<\/p>","protected":false},"excerpt":{"rendered":"<p>A Ra\u00e7\u00e3o Pedigree Nutri\u00e7\u00e3o Essencial Adulto Sabor Carne 900g \u00e9 a escolha ideal para c\u00e3es de ra\u00e7as m\u00e9dias e grandes que necessitam de uma alimenta\u00e7\u00e3o balanceada e nutritiva. Com uma nova f\u00f3rmula que cont\u00e9m 20% de prote\u00edna bruta, este alimento seco \u00e9 100% completo, garantindo que seu c\u00e3o receba todos os nutrientes essenciais para uma [&hellip;]<\/p>\n","protected":false},"featured_media":1410787598,"comment_status":"open","ping_status":"closed","template":"","meta":{"googlesitekit_rrm_CAow0N7NCw:productID":"","content-type":"","pmpro_default_level":"","_themeisle_gutenberg_block_has_review":false},"product_brand":[438],"product_cat":[259],"product_tag":[],"class_list":{"0":"post-1410787599","1":"product","2":"type-product","3":"status-publish","4":"has-post-thumbnail","6":"product_brand-pedigree","7":"product_cat-racoes-alimento-petisco-e-suplemento-caes","8":"pmpro-has-access","10":"first","11":"instock","12":"taxable","13":"shipping-taxable","14":"purchasable","15":"product-type-simple"},"_links":{"self":[{"href":"https:\/\/dinhosreef.com\/en\/wp-json\/wp\/v2\/product\/1410787599","targetHints":{"allow":["GET"]}}],"collection":[{"href":"https:\/\/dinhosreef.com\/en\/wp-json\/wp\/v2\/product"}],"about":[{"href":"https:\/\/dinhosreef.com\/en\/wp-json\/wp\/v2\/types\/product"}],"replies":[{"embeddable":true,"href":"https:\/\/dinhosreef.com\/en\/wp-json\/wp\/v2\/comments?post=1410787599"}],"wp:featuredmedia":[{"embeddable":true,"href":"https:\/\/dinhosreef.com\/en\/wp-json\/wp\/v2\/media\/1410787598"}],"wp:attachment":[{"href":"https:\/\/dinhosreef.com\/en\/wp-json\/wp\/v2\/media?parent=1410787599"}],"wp:term":[{"taxonomy":"product_brand","embeddable":true,"href":"https:\/\/dinhosreef.com\/en\/wp-json\/wp\/v2\/product_brand?post=1410787599"},{"taxonomy":"product_cat","embeddable":true,"href":"https:\/\/dinhosreef.com\/en\/wp-json\/wp\/v2\/product_cat?post=1410787599"},{"taxonomy":"product_tag","embeddable":true,"href":"https:\/\/dinhosreef.com\/en\/wp-json\/wp\/v2\/product_tag?post=1410787599"}],"curies":[{"name":"wp","href":"https:\/\/api.w.org\/{rel}","templated":true}]}}