{"id":1410787605,"date":"2026-01-21T17:12:50","date_gmt":"2026-01-21T20:12:50","guid":{"rendered":"https:\/\/dinhosreef.com\/produto\/racao-pedigree-caes-adultos-racas-pequenas-sabor-carne-27kg\/"},"modified":"2026-03-26T10:05:38","modified_gmt":"2026-03-26T13:05:38","slug":"racao-pedigree-caes-adultos-racas-pequenas-sabor-carne-27kg","status":"publish","type":"product","link":"https:\/\/dinhosreef.com\/en\/product\/racao-pedigree-caes-adultos-racas-pequenas-sabor-carne-27kg\/","title":{"rendered":"RA\u00c7\u00c3O PEDIGREE C\u00c3ES ADULTOS RA\u00c7AS PEQUENAS SABOR CARNE 2,7KG"},"content":{"rendered":"<h2>Ra\u00e7\u00e3o Pedigree C\u00e3es Adultos Ra\u00e7as Pequenas e Minis Carne e Vegetais<\/h2>\n<p>A\u00a0<strong>Ra\u00e7\u00e3o Pedigree C\u00e3es Adultos Ra\u00e7as Pequenas e Minis Carne e Vegetais<\/strong>\u00a0\u00e9 produzida sob rigorosos padr\u00f5es de qualidade para garantir uma nutri\u00e7\u00e3o completa e equilibrada para seu c\u00e3o adulto de pequeno porte.<\/p>\n<p>Essa\u00a0<strong>Ra\u00e7\u00e3o Pedigree<\/strong>\u00a0\u00e9 feita com ingredientes cuidadosamente selecionados como antioxidantes, sel\u00eanio e vitamina E, que ajudam o sistema imunol\u00f3gico do seu cachorrinho. Com uma combina\u00e7\u00e3o de carne e vegetais, rico em fibras e prote\u00ednas de alta qualidade que contribuem para uma \u00f3tima digest\u00e3o e fezes firmes f\u00e1ceis de limpar.<\/p>\n<p>Al\u00e9m disso, a\u00a0<strong>Ra\u00e7\u00e3o Pedigree para Ra\u00e7as Pequenas<\/strong>\u00a0cont\u00e9m \u00d4mega 6 garantindo pele e pelos saud\u00e1veis. N\u00e3o possui corantes ou aromatizantes artificiais e tem em sua formula\u00e7\u00e3o 24 vitaminas e minerais promovendo qualidade de vida para seu pet.<\/p>\n<p>Na DINHOS REEF voc\u00ea encontra uma grande variedade de ra\u00e7\u00f5es e a <strong>Ra\u00e7\u00e3o Pedigree C\u00e3es Adultos Ra\u00e7as Pequenas e Minis com pre\u00e7o<\/strong>\u00a0incr\u00edvel. No app, no site ou em nossas lojas f\u00edsicas.<\/p>\n<h3>Ingredientes da Ra\u00e7\u00e3o Pedigree C\u00e3es Adultos Ra\u00e7as Pequenas e Minis<\/h3>\n<p>Farinha de carne e ossos de bovino, farinha de v\u00edsceras de aves, milho mo\u00eddo*, \u00f3leo de frango, farelo de soja**, gl\u00faten de milho*, cenoura, espinafre desidratado, minerais (cloreto de s\u00f3dio, cloreto de pot\u00e1ssio, \u00f3xido de zinco, sulfato de cobre pentahidratado, iodato de c\u00e1lcio, selenito de s\u00f3dio), hidrolisado de carne de aves e f\u00edgado de aves e su\u00edno, dl-metionina, vitaminas (A, D3, E, B1, B2, B6, B12, niacina (\u00e1cido nicot\u00ednico), \u00e1cido pantot\u00eanico, \u00e1cido f\u00f3lico, cloreto de colina), silicato de alum\u00ednio, bht (butilhidroxitolueno), caramelo IV.<\/p>","protected":false},"excerpt":{"rendered":"<p>Ra\u00e7\u00e3o Pedigree C\u00e3es Adultos Ra\u00e7as Pequenas e Minis Carne e Vegetais A\u00a0Ra\u00e7\u00e3o Pedigree C\u00e3es Adultos Ra\u00e7as Pequenas e Minis Carne e Vegetais\u00a0\u00e9 produzida sob rigorosos padr\u00f5es de qualidade para garantir uma nutri\u00e7\u00e3o completa e equilibrada para seu c\u00e3o adulto de pequeno porte. Essa\u00a0Ra\u00e7\u00e3o Pedigree\u00a0\u00e9 feita com ingredientes cuidadosamente selecionados como antioxidantes, sel\u00eanio e vitamina E, [&hellip;]<\/p>\n","protected":false},"featured_media":1410787604,"comment_status":"open","ping_status":"closed","template":"","meta":{"googlesitekit_rrm_CAow0N7NCw:productID":"","content-type":"","pmpro_default_level":"","_themeisle_gutenberg_block_has_review":false},"product_brand":[438],"product_cat":[259],"product_tag":[],"class_list":{"0":"post-1410787605","1":"product","2":"type-product","3":"status-publish","4":"has-post-thumbnail","6":"product_brand-pedigree","7":"product_cat-racoes-alimento-petisco-e-suplemento-caes","8":"pmpro-has-access","10":"first","11":"instock","12":"taxable","13":"shipping-taxable","14":"purchasable","15":"product-type-simple"},"_links":{"self":[{"href":"https:\/\/dinhosreef.com\/en\/wp-json\/wp\/v2\/product\/1410787605","targetHints":{"allow":["GET"]}}],"collection":[{"href":"https:\/\/dinhosreef.com\/en\/wp-json\/wp\/v2\/product"}],"about":[{"href":"https:\/\/dinhosreef.com\/en\/wp-json\/wp\/v2\/types\/product"}],"replies":[{"embeddable":true,"href":"https:\/\/dinhosreef.com\/en\/wp-json\/wp\/v2\/comments?post=1410787605"}],"wp:featuredmedia":[{"embeddable":true,"href":"https:\/\/dinhosreef.com\/en\/wp-json\/wp\/v2\/media\/1410787604"}],"wp:attachment":[{"href":"https:\/\/dinhosreef.com\/en\/wp-json\/wp\/v2\/media?parent=1410787605"}],"wp:term":[{"taxonomy":"product_brand","embeddable":true,"href":"https:\/\/dinhosreef.com\/en\/wp-json\/wp\/v2\/product_brand?post=1410787605"},{"taxonomy":"product_cat","embeddable":true,"href":"https:\/\/dinhosreef.com\/en\/wp-json\/wp\/v2\/product_cat?post=1410787605"},{"taxonomy":"product_tag","embeddable":true,"href":"https:\/\/dinhosreef.com\/en\/wp-json\/wp\/v2\/product_tag?post=1410787605"}],"curies":[{"name":"wp","href":"https:\/\/api.w.org\/{rel}","templated":true}]}}