{"id":1410787632,"date":"2026-01-21T19:30:08","date_gmt":"2026-01-21T22:30:08","guid":{"rendered":"https:\/\/dinhosreef.com\/produto\/bomba-submersa-xt-2000-2000l-h-220v-ocean-tech\/"},"modified":"2026-01-21T19:30:08","modified_gmt":"2026-01-21T22:30:08","slug":"bomba-submersa-xt-2000-2000l-h-220v-ocean-tech","status":"publish","type":"product","link":"https:\/\/dinhosreef.com\/en\/product\/bomba-submersa-xt-2000-2000l-h-220v-ocean-tech\/","title":{"rendered":"BOMBA SUBMERSA XT 2000 &#8211; 2000L\/H 220V  &#8211;  OCEAN TECH"},"content":{"rendered":"<div class=\"container-header\">\n<div class=\"container-img-produto\">\n<div>\n<h4>BOMBA SUBMERSA XT 2000 &#8211; 2000L\/H 220V &#8211; OCEAN TECH<\/h4>\n<\/p><\/div>\n<\/p><\/div>\n<\/p><\/div>\n<div class=\"mensagens-header-edicao\">\n<div id=\"mensagem\" class=\"nomessage\"><\/div>\n<\/p><\/div>\n<div class=\"panel-body\">\n<form action=\"\">\n<div id=\"tab-geral\" class=\"tab-container\">\n<ul class=\"nav nav-tabs nav-form-group-section\">\n<li class=\"active\">ESTOQUE ATUALIZADO &#8211; MODELO OCEAN TECH BOMBA SUBMERSA XT-2000*<\/li>\n<li class=\"active\">\u00a0<\/li>\n<li class=\"active\">-MAIS POTENTE!<br \/>-Design Atualizado;\n<p>-&gt; \u00c9 um Produto Testado e Aprovado Pelos Consumidores de Todo Brasil!<br \/>-Produto Robusto<br \/>-Projetado Para Uso Constante;<br \/>-Extremamente Resistente e Potente!<br \/>-Nossas Bombas de \u00c1gua S\u00e3o Testados UM POR UM Antes do Envio!<\/p>\n<p>Descri\u00e7\u00e3o do Produto<\/p>\n<p>A bomba XT da OceanTech \u00e9 uma linha de bombas universais, re\u00fanem efici\u00eancia e funcionalidades.<br \/>\u00c9 indicada para aqu\u00e1rios de \u00e1gua doce ou salgada. Tem alto desempenho e um fluxo de vaz\u00e3o ajust\u00e1vel. Adapt\u00e1vel para qualquer tipo de projeto, seja plantado, aqu\u00e1rio jumbo, palud\u00e1rio, lago, sistema de filtragem ou marinho.<\/p>\n<p>Silenciosa e eficaz, esta moto bomba produz movimenta\u00e7\u00e3o de \u00e1gua de 2000 litros\/hora, com baixo consumo de energia el\u00e9trica, apenas 25 watts. Possui 4 ventosas anti-ru\u00eddo para uma excelente fixa\u00e7\u00e3o. Possui regulador de vaz\u00e3o da \u00e1gua como indicado na foto.<\/p>\n<p>N\u00e3o precisa se preocupar! Como em todas as bombas, os componentes el\u00e9tricos s\u00e3o totalmente imersos em resina ep\u00f3xi tornando-as seguras contra choque el\u00e9trico mesmo trabalhando continuamente submersas.<\/p>\n<p>Suas principais caracter\u00edsticas:<\/p>\n<p>-Indicada para qualquer tipo de aqu\u00e1rio;<br \/>-Bombas submersas para uso em aqu\u00e1rios de \u00e1gua doce e salgada;<br \/>-Alto desempenho;<br \/>-Fluxo de vaz\u00e3o ajust\u00e1vel;<br \/>-Totalmente submerg\u00edvel;<br \/>-Emprega sua pot\u00eancia nominal;<br \/>-Extremamente silenciosa;<br \/>-Altamente resistente e dur\u00e1vel;<br \/>-Conta com modelos de 240l at\u00e9 4000l;<br \/>-Dispon\u00edvel nas voltagens 110V e 220V.<\/p>\n<p>Informa\u00e7\u00f5es T\u00e9cnicas do Produto:<\/p>\n<p>Modelo: XT 2000<br \/>Tipo de \u00c1gua: Doce e Salgada<br \/>Tens\u00e3o: (110V ou 220V) Selecione a Voltagem no An\u00fancio!<br \/>Pot\u00eancia: 25w<br \/>Vaz\u00e3o M\u00e1x. Aprox.: 2000L\/h<br \/>Coluna D&#8217;\u00e1gua Aproximada: 2m<br \/>Regul\u00e1vel: Sim<br \/>Cabo Energia Total Aprox.: 1,4m<br \/>Dimens\u00e3o Aprox. Produto (CxLxA): 9&#215;5,5x7cm<\/li>\n<\/ul><\/div>\n<\/p><input type=\"hidden\" name=\"trp-form-language\" value=\"en\"\/><\/form>\n<\/div>","protected":false},"excerpt":{"rendered":"<p>BOMBA SUBMERSA XT 2000 &#8211; 2000L\/H 220V &#8211; OCEAN TECH ESTOQUE ATUALIZADO &#8211; MODELO OCEAN TECH BOMBA SUBMERSA XT-2000* \u00a0 -MAIS POTENTE!-Design Atualizado; -&gt; \u00c9 um Produto Testado e Aprovado Pelos Consumidores de Todo Brasil!-Produto Robusto-Projetado Para Uso Constante;-Extremamente Resistente e Potente!-Nossas Bombas de \u00c1gua S\u00e3o Testados UM POR UM Antes do Envio! Descri\u00e7\u00e3o do [&hellip;]<\/p>\n","protected":false},"featured_media":1410787627,"comment_status":"open","ping_status":"closed","template":"","meta":{"googlesitekit_rrm_CAow0N7NCw:productID":"","content-type":"","pmpro_default_level":"","_themeisle_gutenberg_block_has_review":false},"product_brand":[],"product_cat":[58],"product_tag":[],"class_list":{"0":"post-1410787632","1":"product","2":"type-product","3":"status-publish","4":"has-post-thumbnail","6":"product_cat-bombas","7":"aux-has-gallery","8":"pmpro-has-access","10":"first","11":"instock","12":"taxable","13":"shipping-taxable","14":"purchasable","15":"product-type-simple"},"_links":{"self":[{"href":"https:\/\/dinhosreef.com\/en\/wp-json\/wp\/v2\/product\/1410787632","targetHints":{"allow":["GET"]}}],"collection":[{"href":"https:\/\/dinhosreef.com\/en\/wp-json\/wp\/v2\/product"}],"about":[{"href":"https:\/\/dinhosreef.com\/en\/wp-json\/wp\/v2\/types\/product"}],"replies":[{"embeddable":true,"href":"https:\/\/dinhosreef.com\/en\/wp-json\/wp\/v2\/comments?post=1410787632"}],"wp:featuredmedia":[{"embeddable":true,"href":"https:\/\/dinhosreef.com\/en\/wp-json\/wp\/v2\/media\/1410787627"}],"wp:attachment":[{"href":"https:\/\/dinhosreef.com\/en\/wp-json\/wp\/v2\/media?parent=1410787632"}],"wp:term":[{"taxonomy":"product_brand","embeddable":true,"href":"https:\/\/dinhosreef.com\/en\/wp-json\/wp\/v2\/product_brand?post=1410787632"},{"taxonomy":"product_cat","embeddable":true,"href":"https:\/\/dinhosreef.com\/en\/wp-json\/wp\/v2\/product_cat?post=1410787632"},{"taxonomy":"product_tag","embeddable":true,"href":"https:\/\/dinhosreef.com\/en\/wp-json\/wp\/v2\/product_tag?post=1410787632"}],"curies":[{"name":"wp","href":"https:\/\/api.w.org\/{rel}","templated":true}]}}