{"id":1410787652,"date":"2026-01-21T19:30:38","date_gmt":"2026-01-21T22:30:38","guid":{"rendered":"https:\/\/dinhosreef.com\/produto\/bomba-ocean-tech-xt-pump-2500l-h-110v\/"},"modified":"2026-01-21T19:30:41","modified_gmt":"2026-01-21T22:30:41","slug":"bomba-ocean-tech-xt-pump-2500l-h-110v","status":"publish","type":"product","link":"https:\/\/dinhosreef.com\/en\/product\/bomba-ocean-tech-xt-pump-2500l-h-110v\/","title":{"rendered":"Bomba Ocean Tech Xt Pump 2500l\/h 110v"},"content":{"rendered":"<p>Bomba Submersa XT Ocean Tech 2500 lt\/h. Para Aqu\u00e1rios, Bebedouros, Climatizadores, Fontes e muito mais. A Bomba Submersa Ocean Tech Modelo XT-2500 foi projetada para funcionar como bomba de circula\u00e7\u00e3o. Tendo aplica\u00e7\u00e3o em Fontes, Aqua-terr\u00e1rios, Hidroponia, Climatizadores e muito mais. Podendo ser usada em \u00e1gua doce ou salgada. Silenciosa e eficaz, esta moto bomba produz movimenta\u00e7\u00e3o de \u00e1gua, 2500 litros\/hora, com baixo consumo de energia el\u00e9trica, apenas 45 watts. Possui 4 ventosas anti-ru\u00eddo para uma excelente fixa\u00e7\u00e3o. Possui regulador de vaz\u00e3o da \u00e1gua. Como em todas as bombas, os componentes el\u00e9tricos s\u00e3o totalmente imersos em resina ep\u00f3xi tornando-as seguras contra choque el\u00e9trico mesmo trabalhando continuamente submersas. Dimens\u00f5es da bomba: 108 x 94 x 66 mil\u00edmetro. (10,8&#215;9,4&#215;6,6cm) Litragem: 2500 litros\/hora. Cabo normatizado in metro: 1,14 metros. Consumo baix\u00edssimo: 45 watts. Coluna m\u00e1xima para constru\u00e7\u00e3o de fontes (coluna de \u00e1gua): 2 m. Ultra silenciosa.<\/p>","protected":false},"excerpt":{"rendered":"<p>Bomba Submersa XT Ocean Tech 2500 lt\/h. Para Aqu\u00e1rios, Bebedouros, Climatizadores, Fontes e muito mais. A Bomba Submersa Ocean Tech Modelo XT-2500 foi projetada para funcionar como bomba de circula\u00e7\u00e3o. Tendo aplica\u00e7\u00e3o em Fontes, Aqua-terr\u00e1rios, Hidroponia, Climatizadores e muito mais. Podendo ser usada em \u00e1gua doce ou salgada. Silenciosa e eficaz, esta moto bomba produz [&hellip;]<\/p>\n","protected":false},"featured_media":1410787651,"comment_status":"open","ping_status":"closed","template":"","meta":{"googlesitekit_rrm_CAow0N7NCw:productID":"","content-type":"","pmpro_default_level":"","_themeisle_gutenberg_block_has_review":false},"product_brand":[],"product_cat":[16],"product_tag":[],"class_list":{"0":"post-1410787652","1":"product","2":"type-product","3":"status-publish","4":"has-post-thumbnail","6":"product_cat-diversos","7":"pmpro-has-access","9":"first","10":"instock","11":"taxable","12":"shipping-taxable","13":"purchasable","14":"product-type-variable"},"_links":{"self":[{"href":"https:\/\/dinhosreef.com\/en\/wp-json\/wp\/v2\/product\/1410787652","targetHints":{"allow":["GET"]}}],"collection":[{"href":"https:\/\/dinhosreef.com\/en\/wp-json\/wp\/v2\/product"}],"about":[{"href":"https:\/\/dinhosreef.com\/en\/wp-json\/wp\/v2\/types\/product"}],"replies":[{"embeddable":true,"href":"https:\/\/dinhosreef.com\/en\/wp-json\/wp\/v2\/comments?post=1410787652"}],"wp:featuredmedia":[{"embeddable":true,"href":"https:\/\/dinhosreef.com\/en\/wp-json\/wp\/v2\/media\/1410787651"}],"wp:attachment":[{"href":"https:\/\/dinhosreef.com\/en\/wp-json\/wp\/v2\/media?parent=1410787652"}],"wp:term":[{"taxonomy":"product_brand","embeddable":true,"href":"https:\/\/dinhosreef.com\/en\/wp-json\/wp\/v2\/product_brand?post=1410787652"},{"taxonomy":"product_cat","embeddable":true,"href":"https:\/\/dinhosreef.com\/en\/wp-json\/wp\/v2\/product_cat?post=1410787652"},{"taxonomy":"product_tag","embeddable":true,"href":"https:\/\/dinhosreef.com\/en\/wp-json\/wp\/v2\/product_tag?post=1410787652"}],"curies":[{"name":"wp","href":"https:\/\/api.w.org\/{rel}","templated":true}]}}