{"id":1410787690,"date":"2026-01-24T11:04:23","date_gmt":"2026-01-24T14:04:23","guid":{"rendered":"https:\/\/dinhosreef.com\/produto\/sache-dog-chow-adlt-tdtm-carne-100g-1-un\/"},"modified":"2026-04-09T18:00:08","modified_gmt":"2026-04-09T21:00:08","slug":"sache-dog-chow-adlt-tdtm-carne-100g-1-un","status":"publish","type":"product","link":"https:\/\/dinhosreef.com\/en\/product\/sache-dog-chow-adlt-tdtm-carne-100g-1-un\/","title":{"rendered":"SACH\u00ca DOG CHOW ADLT TDTM CARNE 100G 1 UN"},"content":{"rendered":"<h5 class=\"card-subtitle mb-1\">Descri\u00e7\u00e3o<\/h5>\n<p>PURINA\u00ae DOG CHOW\u00ae para c\u00e3es adultos de todos os tamanhos \u00e9 um alimento 100% completo e balanceado. Por conter ingredientes de alta qualidade, o alimento pode ser dado de forma individual, sem a necessidade de complementa\u00e7\u00e3o com a ra\u00e7\u00e3o seca. Sua nova f\u00f3rmula cont\u00e9m prebi\u00f3tico natural, que equilibra a flora intestinal, sem afetar os h\u00e1bitos do seu c\u00e3o. PURINA\u00ae DOG CHOW\u00ae apresenta agora em todos os produtos ExtraLife\u00ae, um mix de antioxidantes, vitaminas e minerais, que ajuda a maximizar a qualidade de vida do seu c\u00e3o dia ap\u00f3s dia. Porque juntos a vida \u00e9 melhor.<\/p>","protected":false},"excerpt":{"rendered":"<p>Descri\u00e7\u00e3o PURINA\u00ae DOG CHOW\u00ae para c\u00e3es adultos de todos os tamanhos \u00e9 um alimento 100% completo e balanceado. Por conter ingredientes de alta qualidade, o alimento pode ser dado de forma individual, sem a necessidade de complementa\u00e7\u00e3o com a ra\u00e7\u00e3o seca. Sua nova f\u00f3rmula cont\u00e9m prebi\u00f3tico natural, que equilibra a flora intestinal, sem afetar os [&hellip;]<\/p>\n","protected":false},"featured_media":1410787689,"comment_status":"open","ping_status":"closed","template":"","meta":{"googlesitekit_rrm_CAow0N7NCw:productID":"","content-type":"","pmpro_default_level":"","_themeisle_gutenberg_block_has_review":false},"product_brand":[],"product_cat":[259],"product_tag":[],"class_list":{"0":"post-1410787690","1":"product","2":"type-product","3":"status-publish","4":"has-post-thumbnail","6":"product_cat-racoes-alimento-petisco-e-suplemento-caes","7":"pmpro-has-access","9":"first","10":"instock","11":"taxable","12":"shipping-taxable","13":"purchasable","14":"product-type-simple"},"_links":{"self":[{"href":"https:\/\/dinhosreef.com\/en\/wp-json\/wp\/v2\/product\/1410787690","targetHints":{"allow":["GET"]}}],"collection":[{"href":"https:\/\/dinhosreef.com\/en\/wp-json\/wp\/v2\/product"}],"about":[{"href":"https:\/\/dinhosreef.com\/en\/wp-json\/wp\/v2\/types\/product"}],"replies":[{"embeddable":true,"href":"https:\/\/dinhosreef.com\/en\/wp-json\/wp\/v2\/comments?post=1410787690"}],"wp:featuredmedia":[{"embeddable":true,"href":"https:\/\/dinhosreef.com\/en\/wp-json\/wp\/v2\/media\/1410787689"}],"wp:attachment":[{"href":"https:\/\/dinhosreef.com\/en\/wp-json\/wp\/v2\/media?parent=1410787690"}],"wp:term":[{"taxonomy":"product_brand","embeddable":true,"href":"https:\/\/dinhosreef.com\/en\/wp-json\/wp\/v2\/product_brand?post=1410787690"},{"taxonomy":"product_cat","embeddable":true,"href":"https:\/\/dinhosreef.com\/en\/wp-json\/wp\/v2\/product_cat?post=1410787690"},{"taxonomy":"product_tag","embeddable":true,"href":"https:\/\/dinhosreef.com\/en\/wp-json\/wp\/v2\/product_tag?post=1410787690"}],"curies":[{"name":"wp","href":"https:\/\/api.w.org\/{rel}","templated":true}]}}