{"id":1410787711,"date":"2026-01-26T13:02:32","date_gmt":"2026-01-26T16:02:32","guid":{"rendered":"https:\/\/dinhosreef.com\/produto\/vongole-250gr-aquasmart\/"},"modified":"2026-03-21T15:44:47","modified_gmt":"2026-03-21T18:44:47","slug":"vongole-250gr-aquasmart","status":"publish","type":"product","link":"https:\/\/dinhosreef.com\/en\/product\/vongole-250gr-aquasmart\/","title":{"rendered":"VONGOLE 250GR AQUASMART"},"content":{"rendered":"<p>V\u00f4ngole 250g<\/p>\n<p>Alimento fresco congelado. Alimento natural e sem conservantes, ideal para peixes marinhos e de \u00e1gua doce<\/p>\n<p>Alimento 100% natural para todos os tipos de peixes de \u00e1gua doce e salgada. Alimento congelado pronto para consumo animal rico em gordura, nutrientes e vitaminas. Uma alimenta\u00e7\u00e3o completa para o seu peixe.<\/p>","protected":false},"excerpt":{"rendered":"<p>V\u00f4ngole 250g Alimento fresco congelado. Alimento natural e sem conservantes, ideal para peixes marinhos e de \u00e1gua doce Alimento 100% natural para todos os tipos de peixes de \u00e1gua doce e salgada. Alimento congelado pronto para consumo animal rico em gordura, nutrientes e vitaminas. Uma alimenta\u00e7\u00e3o completa para o seu peixe.<\/p>","protected":false},"featured_media":1410787710,"comment_status":"open","ping_status":"closed","template":"","meta":{"googlesitekit_rrm_CAow0N7NCw:productID":"","content-type":"","pmpro_default_level":"","_themeisle_gutenberg_block_has_review":false},"product_brand":[393],"product_cat":[57],"product_tag":[],"class_list":{"0":"post-1410787711","1":"product","2":"type-product","3":"status-publish","4":"has-post-thumbnail","6":"product_brand-aquasmart","7":"product_cat-alimentos","8":"product_shipping_class-alimentos-congelados","9":"pmpro-has-access","11":"first","12":"outofstock","13":"taxable","14":"shipping-taxable","15":"purchasable","16":"product-type-simple"},"_links":{"self":[{"href":"https:\/\/dinhosreef.com\/en\/wp-json\/wp\/v2\/product\/1410787711","targetHints":{"allow":["GET"]}}],"collection":[{"href":"https:\/\/dinhosreef.com\/en\/wp-json\/wp\/v2\/product"}],"about":[{"href":"https:\/\/dinhosreef.com\/en\/wp-json\/wp\/v2\/types\/product"}],"replies":[{"embeddable":true,"href":"https:\/\/dinhosreef.com\/en\/wp-json\/wp\/v2\/comments?post=1410787711"}],"wp:featuredmedia":[{"embeddable":true,"href":"https:\/\/dinhosreef.com\/en\/wp-json\/wp\/v2\/media\/1410787710"}],"wp:attachment":[{"href":"https:\/\/dinhosreef.com\/en\/wp-json\/wp\/v2\/media?parent=1410787711"}],"wp:term":[{"taxonomy":"product_brand","embeddable":true,"href":"https:\/\/dinhosreef.com\/en\/wp-json\/wp\/v2\/product_brand?post=1410787711"},{"taxonomy":"product_cat","embeddable":true,"href":"https:\/\/dinhosreef.com\/en\/wp-json\/wp\/v2\/product_cat?post=1410787711"},{"taxonomy":"product_tag","embeddable":true,"href":"https:\/\/dinhosreef.com\/en\/wp-json\/wp\/v2\/product_tag?post=1410787711"}],"curies":[{"name":"wp","href":"https:\/\/api.w.org\/{rel}","templated":true}]}}