{"id":1410787722,"date":"2026-01-26T14:55:59","date_gmt":"2026-01-26T17:55:59","guid":{"rendered":"https:\/\/dinhosreef.com\/produto\/mata-baratas-baratinhas-barakell-gel-aplicador-10g\/"},"modified":"2026-04-08T15:47:02","modified_gmt":"2026-04-08T18:47:02","slug":"mata-baratas-baratinhas-barakell-gel-aplicador-10g","status":"publish","type":"product","link":"https:\/\/dinhosreef.com\/en\/product\/mata-baratas-baratinhas-barakell-gel-aplicador-10g\/","title":{"rendered":"Mata Baratas Baratinhas Barakell Gel  Aplicador 10g"},"content":{"rendered":"<h2 class=\"ui-pdp-description__title\" data-testid=\"title\">Descri\u00e7\u00e3o<\/h2>\n<p class=\"ui-pdp-description__content\" data-testid=\"content\">As baratas s\u00e3o consideradas pragas urbanas e podem representar riscos \u00e0 sa\u00fade humana de v\u00e1rias maneiras, podendo causar alergias, ataques de asma, infec\u00e7\u00f5es e problemas dermatol\u00f3gicos, al\u00e9m de atrair predadores como aranhas e escorpi\u00f5es, que tamb\u00e9m s\u00e3o perigosos \u00e0 sa\u00fade.<\/p>\n<p>Para combater esses problemas, a Kelldrin desenvolveu um inseticida em gel, eficaz na aplica\u00e7\u00e3o r\u00e1pida e eficiente.<\/p>\n<p>Indica\u00e7\u00e3o:<\/p>\n<p>Gel inseticida para o combate a baratas alem\u00e3s \u2013 baratinhas (Blatella germ\u00e2nica) e tamb\u00e9m elimina a barata de esgoto ou voadeira (Periplaneta americana).<\/p>\n<p>Modo de usar:<\/p>\n<p>Aplicar v\u00e1rios pontos pequenos de gel \u2013 do tamanho da cabe\u00e7a de um f\u00f3sforo \u2013 na propor\u00e7\u00e3o de 2 a 3 gotas por m2 ou a cada 50 cm uma das outras. Reaplicar o produto nos pontos onde foi consumido.<\/p>","protected":false},"excerpt":{"rendered":"<p>Descri\u00e7\u00e3o As baratas s\u00e3o consideradas pragas urbanas e podem representar riscos \u00e0 sa\u00fade humana de v\u00e1rias maneiras, podendo causar alergias, ataques de asma, infec\u00e7\u00f5es e problemas dermatol\u00f3gicos, al\u00e9m de atrair predadores como aranhas e escorpi\u00f5es, que tamb\u00e9m s\u00e3o perigosos \u00e0 sa\u00fade. Para combater esses problemas, a Kelldrin desenvolveu um inseticida em gel, eficaz na aplica\u00e7\u00e3o [&hellip;]<\/p>\n","protected":false},"featured_media":1410787721,"comment_status":"open","ping_status":"closed","template":"","meta":{"googlesitekit_rrm_CAow0N7NCw:productID":"","content-type":"","pmpro_default_level":"","_themeisle_gutenberg_block_has_review":false},"product_brand":[],"product_cat":[16],"product_tag":[],"class_list":{"0":"post-1410787722","1":"product","2":"type-product","3":"status-publish","4":"has-post-thumbnail","6":"product_cat-diversos","7":"pmpro-has-access","9":"first","10":"instock","11":"taxable","12":"shipping-taxable","13":"purchasable","14":"product-type-simple"},"_links":{"self":[{"href":"https:\/\/dinhosreef.com\/en\/wp-json\/wp\/v2\/product\/1410787722","targetHints":{"allow":["GET"]}}],"collection":[{"href":"https:\/\/dinhosreef.com\/en\/wp-json\/wp\/v2\/product"}],"about":[{"href":"https:\/\/dinhosreef.com\/en\/wp-json\/wp\/v2\/types\/product"}],"replies":[{"embeddable":true,"href":"https:\/\/dinhosreef.com\/en\/wp-json\/wp\/v2\/comments?post=1410787722"}],"wp:featuredmedia":[{"embeddable":true,"href":"https:\/\/dinhosreef.com\/en\/wp-json\/wp\/v2\/media\/1410787721"}],"wp:attachment":[{"href":"https:\/\/dinhosreef.com\/en\/wp-json\/wp\/v2\/media?parent=1410787722"}],"wp:term":[{"taxonomy":"product_brand","embeddable":true,"href":"https:\/\/dinhosreef.com\/en\/wp-json\/wp\/v2\/product_brand?post=1410787722"},{"taxonomy":"product_cat","embeddable":true,"href":"https:\/\/dinhosreef.com\/en\/wp-json\/wp\/v2\/product_cat?post=1410787722"},{"taxonomy":"product_tag","embeddable":true,"href":"https:\/\/dinhosreef.com\/en\/wp-json\/wp\/v2\/product_tag?post=1410787722"}],"curies":[{"name":"wp","href":"https:\/\/api.w.org\/{rel}","templated":true}]}}