{"id":1410787724,"date":"2026-01-26T14:57:18","date_gmt":"2026-01-26T17:57:18","guid":{"rendered":"https:\/\/dinhosreef.com\/produto\/mata-ratos-straik-25-grs-display\/"},"modified":"2026-03-28T13:28:07","modified_gmt":"2026-03-28T16:28:07","slug":"mata-ratos-straik-25-grs-display","status":"publish","type":"product","link":"https:\/\/dinhosreef.com\/en\/product\/mata-ratos-straik-25-grs-display\/","title":{"rendered":"MATA RATOS STRAIK  25 GRS DISPLAY"},"content":{"rendered":"<p>STRAIK ISCA MATA-RATOS<\/p>\n<p>A isca premium mais atrativa do mercado para os roedores.<\/p>\n<p>O Straik Isca Mata-ratos tem efeito anticoagulante e f\u00f3rmula exclusiva, desenvolvida com cereais e sementes oleaginosas nobres, como a macad\u00e2mia, tornando-se altamente atrativo aos roedores e com a palatabilidade muito semelhante aos alimentos comuns que atraem essas pragas. Esse fator faz com que o Straik Isca Mata-ratos se diferencie das iscas tradicionais. \u00c9 recomendado n\u00e3o s\u00f3 para resid\u00eancias, mas para \u00e1reas onde a oferta de comida \u00e9 abundante, como locais de estocagem de alimentos.<\/p>\n<p>Eficaz contra<br \/>Ratos, ratazanas e camundongos.<\/p>\n<p>Apresenta\u00e7\u00e3o<br \/>Sach\u00ea de 25 g.<\/p>\n<p>***Medidas Aproximadas***<\/p>\n<p>Comprimento: prod: 11cm emb: 19,5\u00a0<br \/>Altura:\u00a0prod: 1,5cm emb: 19cm\u00a0<br \/>Largura: prod: 9cm emb: 11cm\u00a0<br \/>Peso: 1282g\u00a0<br \/>Conte\u00fado: 40 sach\u00eas de 25g\u00a0<br \/>Composi\u00e7\u00e3o: brodifacoum 0,005% P\/P atrativo, corante, desnaturante e conservante q.s.p 100% P\/P<\/p>","protected":false},"excerpt":{"rendered":"<p>STRAIK ISCA MATA-RATOS A isca premium mais atrativa do mercado para os roedores. O Straik Isca Mata-ratos tem efeito anticoagulante e f\u00f3rmula exclusiva, desenvolvida com cereais e sementes oleaginosas nobres, como a macad\u00e2mia, tornando-se altamente atrativo aos roedores e com a palatabilidade muito semelhante aos alimentos comuns que atraem essas pragas. Esse fator faz com [&hellip;]<\/p>\n","protected":false},"featured_media":1410787723,"comment_status":"open","ping_status":"closed","template":"","meta":{"googlesitekit_rrm_CAow0N7NCw:productID":"","content-type":"","pmpro_default_level":"","_themeisle_gutenberg_block_has_review":false},"product_brand":[],"product_cat":[16],"product_tag":[],"class_list":{"0":"post-1410787724","1":"product","2":"type-product","3":"status-publish","4":"has-post-thumbnail","6":"product_cat-diversos","7":"pmpro-has-access","9":"first","10":"instock","11":"taxable","12":"shipping-taxable","13":"purchasable","14":"product-type-simple"},"_links":{"self":[{"href":"https:\/\/dinhosreef.com\/en\/wp-json\/wp\/v2\/product\/1410787724","targetHints":{"allow":["GET"]}}],"collection":[{"href":"https:\/\/dinhosreef.com\/en\/wp-json\/wp\/v2\/product"}],"about":[{"href":"https:\/\/dinhosreef.com\/en\/wp-json\/wp\/v2\/types\/product"}],"replies":[{"embeddable":true,"href":"https:\/\/dinhosreef.com\/en\/wp-json\/wp\/v2\/comments?post=1410787724"}],"wp:featuredmedia":[{"embeddable":true,"href":"https:\/\/dinhosreef.com\/en\/wp-json\/wp\/v2\/media\/1410787723"}],"wp:attachment":[{"href":"https:\/\/dinhosreef.com\/en\/wp-json\/wp\/v2\/media?parent=1410787724"}],"wp:term":[{"taxonomy":"product_brand","embeddable":true,"href":"https:\/\/dinhosreef.com\/en\/wp-json\/wp\/v2\/product_brand?post=1410787724"},{"taxonomy":"product_cat","embeddable":true,"href":"https:\/\/dinhosreef.com\/en\/wp-json\/wp\/v2\/product_cat?post=1410787724"},{"taxonomy":"product_tag","embeddable":true,"href":"https:\/\/dinhosreef.com\/en\/wp-json\/wp\/v2\/product_tag?post=1410787724"}],"curies":[{"name":"wp","href":"https:\/\/api.w.org\/{rel}","templated":true}]}}