{"id":1410787734,"date":"2026-01-27T17:34:39","date_gmt":"2026-01-27T20:34:39","guid":{"rendered":"https:\/\/dinhosreef.com\/produto\/comedouro-lento-stark-pet-azul-cobalto-350ml\/"},"modified":"2026-03-09T23:12:01","modified_gmt":"2026-03-10T02:12:01","slug":"comedouro-lento-stark-pet-azul-cobalto-350ml","status":"publish","type":"product","link":"https:\/\/dinhosreef.com\/en\/product\/comedouro-lento-stark-pet-azul-cobalto-350ml\/","title":{"rendered":"COMEDOURO LENTO STARK PET AZUL COBALTO 350ML"},"content":{"rendered":"<h2>Comedouro Lento com Labirinto Stark Pet Azul Cobalto<\/h2>\n<p>O\u00a0<strong>Comedouro Lento com Labirinto Stark Pet Azul Cobalto<\/strong>\u00a0\u00e9 ideal para c\u00e3es que comem r\u00e1pido demais, ajudando a tornar a refei\u00e7\u00e3o mais calma e segura. Seu design em formato de labirinto estimula a\u00a0<strong>alimenta\u00e7\u00e3o lenta<\/strong>, reduzindo riscos de engasgos, refluxo, ansiedade e m\u00e1 digest\u00e3o. A cor azul traz um visual moderno e vers\u00e1til, que combina facilmente com diferentes estilos de ambiente.<\/p>\n<p>Produzido em polipropileno at\u00f3xico, livre de BPA, este\u00a0<strong>comedouro<\/strong>\u00a0\u00e9 resistente, f\u00e1cil de higienizar, pode ser refrigerado e ir \u00e0 lava-lou\u00e7as. A base antiderrapante garante estabilidade durante o uso, impedindo que o pet arraste o comedouro enquanto se alimenta. \u00c9 uma excelente op\u00e7\u00e3o de\u00a0<strong>comedouro interativo<\/strong>\u00a0para c\u00e3es mini, pequenos e m\u00e9dios, ajudando no enriquecimento ambiental e tornando o momento da refei\u00e7\u00e3o mais divertido e saud\u00e1vel.<\/p>\n<p>Com estrutura dur\u00e1vel e design inteligente, o\u00a0<strong>slow feeder<\/strong> contribui para uma rotina alimentar mais equilibrada, reduzindo a ansiedade e promovendo o bem-estar do seu c\u00e3o.<\/p>\n<p>\u2022 Ajuda a prevenir a obesidade<\/p>\n<p>\u2022 Fornece est\u00edmulo mental<\/p>\n<p>\u2022 Promove a divers\u00e3o com alimenta\u00e7\u00e3o saud\u00e1vel<\/p>\n<p>\u2022 Ajuda a melhorar a digest\u00e3o<\/p>\n<p>\u2022 Antiderrapante<\/p>\n<p>\u2022 At\u00f3xico<\/p>\n<p>\u2022 F\u00e1cil de limpar<\/p>","protected":false},"excerpt":{"rendered":"<p>Comedouro Lento com Labirinto Stark Pet Azul Cobalto O\u00a0Comedouro Lento com Labirinto Stark Pet Azul Cobalto\u00a0\u00e9 ideal para c\u00e3es que comem r\u00e1pido demais, ajudando a tornar a refei\u00e7\u00e3o mais calma e segura. Seu design em formato de labirinto estimula a\u00a0alimenta\u00e7\u00e3o lenta, reduzindo riscos de engasgos, refluxo, ansiedade e m\u00e1 digest\u00e3o. A cor azul traz um [&hellip;]<\/p>\n","protected":false},"featured_media":1410787733,"comment_status":"open","ping_status":"closed","template":"","meta":{"googlesitekit_rrm_CAow0N7NCw:productID":"","content-type":"","pmpro_default_level":"","_themeisle_gutenberg_block_has_review":false},"product_brand":[],"product_cat":[396],"product_tag":[],"class_list":{"0":"post-1410787734","1":"product","2":"type-product","3":"status-publish","4":"has-post-thumbnail","6":"product_cat-comedouro","7":"pmpro-has-access","9":"first","10":"instock","11":"taxable","12":"shipping-taxable","13":"purchasable","14":"product-type-simple"},"_links":{"self":[{"href":"https:\/\/dinhosreef.com\/en\/wp-json\/wp\/v2\/product\/1410787734","targetHints":{"allow":["GET"]}}],"collection":[{"href":"https:\/\/dinhosreef.com\/en\/wp-json\/wp\/v2\/product"}],"about":[{"href":"https:\/\/dinhosreef.com\/en\/wp-json\/wp\/v2\/types\/product"}],"replies":[{"embeddable":true,"href":"https:\/\/dinhosreef.com\/en\/wp-json\/wp\/v2\/comments?post=1410787734"}],"wp:featuredmedia":[{"embeddable":true,"href":"https:\/\/dinhosreef.com\/en\/wp-json\/wp\/v2\/media\/1410787733"}],"wp:attachment":[{"href":"https:\/\/dinhosreef.com\/en\/wp-json\/wp\/v2\/media?parent=1410787734"}],"wp:term":[{"taxonomy":"product_brand","embeddable":true,"href":"https:\/\/dinhosreef.com\/en\/wp-json\/wp\/v2\/product_brand?post=1410787734"},{"taxonomy":"product_cat","embeddable":true,"href":"https:\/\/dinhosreef.com\/en\/wp-json\/wp\/v2\/product_cat?post=1410787734"},{"taxonomy":"product_tag","embeddable":true,"href":"https:\/\/dinhosreef.com\/en\/wp-json\/wp\/v2\/product_tag?post=1410787734"}],"curies":[{"name":"wp","href":"https:\/\/api.w.org\/{rel}","templated":true}]}}