{"id":1410787762,"date":"2026-01-29T17:05:23","date_gmt":"2026-01-29T20:05:23","guid":{"rendered":"https:\/\/dinhosreef.com\/produto\/guia-retratil-fita-3mts-25kg-cores-variadas\/"},"modified":"2026-01-29T17:05:23","modified_gmt":"2026-01-29T20:05:23","slug":"guia-retratil-fita-3mts-25kg-cores-variadas","status":"publish","type":"product","link":"https:\/\/dinhosreef.com\/en\/product\/guia-retratil-fita-3mts-25kg-cores-variadas\/","title":{"rendered":"GUIA RETRATIL FITA 3MTS 25KG  CORES VARIADAS"},"content":{"rendered":"<h2 class=\"ui-pdp-description__title\" data-testid=\"title\">Descri\u00e7\u00e3o<\/h2>\n<p class=\"ui-pdp-description__content\" data-testid=\"content\">Guia Retr\u00e1til Fita 3 Metros\/25kg &#8211; The Pets<br \/>Guia Retr\u00e1til de 3 Metros para C\u00e3es at\u00e9 25Kg<\/p>\n<p>A Guia Retr\u00e1til de 3 Metros para C\u00e3es at\u00e9 25Kg \u00e9 ideal para passear com seu c\u00e3o sem se preocupar com sua correria e agita\u00e7\u00e3o, ficou muito mais f\u00e1cil. Fabricado com excelente material, este produto proporciona a seguran\u00e7a ideal e o perfeito controle do seu animal em qualquer lugar.<\/p>\n<p>Dicas: Nunca deixe uma crian\u00e7a no comando do guia retr\u00e1til, principalmente em caso de ra\u00e7as de cachorros de m\u00e9dio ou grade porte. Pois cachorros n\u00e3o tem por habito obedecer crian\u00e7as, por considerarem-nas hierarquicamente abaixo deles, e como muitas vezes s\u00e3o mais fortes que elas, podem arrast\u00e1-las facilmente.<\/p>","protected":false},"excerpt":{"rendered":"<p>Descri\u00e7\u00e3o Guia Retr\u00e1til Fita 3 Metros\/25kg &#8211; The PetsGuia Retr\u00e1til de 3 Metros para C\u00e3es at\u00e9 25Kg A Guia Retr\u00e1til de 3 Metros para C\u00e3es at\u00e9 25Kg \u00e9 ideal para passear com seu c\u00e3o sem se preocupar com sua correria e agita\u00e7\u00e3o, ficou muito mais f\u00e1cil. Fabricado com excelente material, este produto proporciona a seguran\u00e7a [&hellip;]<\/p>\n","protected":false},"featured_media":1410787761,"comment_status":"open","ping_status":"closed","template":"","meta":{"googlesitekit_rrm_CAow0N7NCw:productID":"","content-type":"","pmpro_default_level":"","_themeisle_gutenberg_block_has_review":false},"product_brand":[],"product_cat":[353],"product_tag":[],"class_list":{"0":"post-1410787762","1":"product","2":"type-product","3":"status-publish","4":"has-post-thumbnail","6":"product_cat-guias-e-coleiras","7":"pmpro-has-access","9":"first","10":"instock","11":"taxable","12":"shipping-taxable","13":"purchasable","14":"product-type-simple"},"_links":{"self":[{"href":"https:\/\/dinhosreef.com\/en\/wp-json\/wp\/v2\/product\/1410787762","targetHints":{"allow":["GET"]}}],"collection":[{"href":"https:\/\/dinhosreef.com\/en\/wp-json\/wp\/v2\/product"}],"about":[{"href":"https:\/\/dinhosreef.com\/en\/wp-json\/wp\/v2\/types\/product"}],"replies":[{"embeddable":true,"href":"https:\/\/dinhosreef.com\/en\/wp-json\/wp\/v2\/comments?post=1410787762"}],"wp:featuredmedia":[{"embeddable":true,"href":"https:\/\/dinhosreef.com\/en\/wp-json\/wp\/v2\/media\/1410787761"}],"wp:attachment":[{"href":"https:\/\/dinhosreef.com\/en\/wp-json\/wp\/v2\/media?parent=1410787762"}],"wp:term":[{"taxonomy":"product_brand","embeddable":true,"href":"https:\/\/dinhosreef.com\/en\/wp-json\/wp\/v2\/product_brand?post=1410787762"},{"taxonomy":"product_cat","embeddable":true,"href":"https:\/\/dinhosreef.com\/en\/wp-json\/wp\/v2\/product_cat?post=1410787762"},{"taxonomy":"product_tag","embeddable":true,"href":"https:\/\/dinhosreef.com\/en\/wp-json\/wp\/v2\/product_tag?post=1410787762"}],"curies":[{"name":"wp","href":"https:\/\/api.w.org\/{rel}","templated":true}]}}