{"id":1410787807,"date":"2026-01-31T09:56:49","date_gmt":"2026-01-31T12:56:49","guid":{"rendered":"https:\/\/dinhosreef.com\/produto\/kit-suporte-cata-caca-com-refil-20-saquinhos-plasticos\/"},"modified":"2026-03-20T11:57:11","modified_gmt":"2026-03-20T14:57:11","slug":"kit-suporte-cata-caca-com-refil-20-saquinhos-plasticos","status":"publish","type":"product","link":"https:\/\/dinhosreef.com\/en\/product\/kit-suporte-cata-caca-com-refil-20-saquinhos-plasticos\/","title":{"rendered":"KIT SUPORTE CATA CACA COM REFIL 20 SAQUINHOS PL\u00c1STICOS"},"content":{"rendered":"<h3>KIT SUPORTE CATA CACA COM REFIL \u2013 20 SAQUINHOS PL\u00c1STICOS\u00a0<\/h3>\n<p>O <strong>Kit Suporte Cata Caca com Refil<\/strong> \u00e9 o acess\u00f3rio indispens\u00e1vel para passeios com seu pet, garantindo <strong>higiene, praticidade e respeito aos espa\u00e7os p\u00fablicos<\/strong>. Compacto e f\u00e1cil de usar, permite recolher as fezes do seu animal de forma r\u00e1pida e limpa.<\/p>\n<p>Ideal para quem preza por <strong>organiza\u00e7\u00e3o, limpeza e responsabilidade<\/strong> durante os passeios.<\/p>\n<h3>\u00a0BENEF\u00cdCIOS:<\/h3>\n<p>\u00a0Pr\u00e1tico e f\u00e1cil de usar<br \/>\u00a0Mant\u00e9m ruas, parques e cal\u00e7adas limpos<br \/>\u00a0Higi\u00eanico e sem contato direto<br \/>\u00a0Compacto e leve<br \/>\u00a0Pode ser preso \u00e0 guia, coleira ou mochila<br \/>Ideal para passeios di\u00e1rios<\/p>\n<h3>\u00a0CONTE\u00daDO DO KIT:<\/h3>\n<ul>\n<li> 01 Suporte porta saquinhos<\/p>\n<\/li>\n<li>\n<p>01 Refil com <strong>20 saquinhos pl\u00e1sticos<\/strong><\/p>\n<\/li>\n<\/ul>\n<h3>\u00a0ESPECIFICA\u00c7\u00d5ES:<\/h3>\n<ul>\n<li>\n<p>Material do suporte: Pl\u00e1stico resistente<\/p>\n<\/li>\n<li>\n<p>Material dos saquinhos: Pl\u00e1stico<\/p>\n<\/li>\n<li>\n<p>Quantidade de saquinhos: <strong>20 unidades<\/strong><\/p>\n<\/li>\n<li>\n<p>Uso indicado: Recolher fezes de c\u00e3es durante passeios<\/p>\n<\/li>\n<li>DISPONIVEIS NAS CORES: Rosa e Azul.<\/li>\n<\/ul>\n<p><strong>Essencial para tutores respons\u00e1veis!<\/strong><br \/>Facilite seus passeios e contribua para um ambiente mais limpo e saud\u00e1vel.<\/p>\n<p><strong>Envio r\u00e1pido e produto de qualidade<\/strong><br \/><strong>Garanta j\u00e1 o seu Kit Cata Caca!<\/strong><\/p>","protected":false},"excerpt":{"rendered":"<p>KIT SUPORTE CATA CACA COM REFIL \u2013 20 SAQUINHOS PL\u00c1STICOS\u00a0 O Kit Suporte Cata Caca com Refil \u00e9 o acess\u00f3rio indispens\u00e1vel para passeios com seu pet, garantindo higiene, praticidade e respeito aos espa\u00e7os p\u00fablicos. Compacto e f\u00e1cil de usar, permite recolher as fezes do seu animal de forma r\u00e1pida e limpa. Ideal para quem preza [&hellip;]<\/p>\n","protected":false},"featured_media":1410787805,"comment_status":"open","ping_status":"closed","template":"","meta":{"googlesitekit_rrm_CAow0N7NCw:productID":"","content-type":"","pmpro_default_level":"","_themeisle_gutenberg_block_has_review":false},"product_brand":[],"product_cat":[357],"product_tag":[],"class_list":{"0":"post-1410787807","1":"product","2":"type-product","3":"status-publish","4":"has-post-thumbnail","6":"product_cat-saquinhos-higienicos","7":"aux-has-gallery","8":"pmpro-has-access","10":"first","11":"instock","12":"taxable","13":"shipping-taxable","14":"purchasable","15":"product-type-variable"},"_links":{"self":[{"href":"https:\/\/dinhosreef.com\/en\/wp-json\/wp\/v2\/product\/1410787807","targetHints":{"allow":["GET"]}}],"collection":[{"href":"https:\/\/dinhosreef.com\/en\/wp-json\/wp\/v2\/product"}],"about":[{"href":"https:\/\/dinhosreef.com\/en\/wp-json\/wp\/v2\/types\/product"}],"replies":[{"embeddable":true,"href":"https:\/\/dinhosreef.com\/en\/wp-json\/wp\/v2\/comments?post=1410787807"}],"wp:featuredmedia":[{"embeddable":true,"href":"https:\/\/dinhosreef.com\/en\/wp-json\/wp\/v2\/media\/1410787805"}],"wp:attachment":[{"href":"https:\/\/dinhosreef.com\/en\/wp-json\/wp\/v2\/media?parent=1410787807"}],"wp:term":[{"taxonomy":"product_brand","embeddable":true,"href":"https:\/\/dinhosreef.com\/en\/wp-json\/wp\/v2\/product_brand?post=1410787807"},{"taxonomy":"product_cat","embeddable":true,"href":"https:\/\/dinhosreef.com\/en\/wp-json\/wp\/v2\/product_cat?post=1410787807"},{"taxonomy":"product_tag","embeddable":true,"href":"https:\/\/dinhosreef.com\/en\/wp-json\/wp\/v2\/product_tag?post=1410787807"}],"curies":[{"name":"wp","href":"https:\/\/api.w.org\/{rel}","templated":true}]}}