{"id":1410787820,"date":"2026-01-31T10:18:01","date_gmt":"2026-01-31T13:18:01","guid":{"rendered":"https:\/\/dinhosreef.com\/produto\/escova-dupla-para-pet-cabo-madeira-pequena-175cm\/"},"modified":"2026-04-25T09:46:10","modified_gmt":"2026-04-25T12:46:10","slug":"escova-dupla-para-pet-cabo-madeira-pequena-175cm","status":"publish","type":"product","link":"https:\/\/dinhosreef.com\/en\/product\/escova-dupla-para-pet-cabo-madeira-pequena-175cm\/","title":{"rendered":"ESCOVA DUPLA PARA PET CABO MADEIRA PEQUENA 17,5CM"},"content":{"rendered":"<p>Escova Dupla Face Pequena -17,5Cm &#8211;<br \/>\nProduto excelente para desembra\u00e7ar os pelos cheios de n\u00f3.<br \/>\nCom cabo de madeira, com pinos e bolinhas para n\u00e3o machucar, pode ser usada em c\u00e3es e gatos com qualquer tipo de pelo. Assim vai deixar seu pet com uma apar\u00eancia melhor e com pelos macios e desembara\u00e7ados.<br \/>\nAo pentear seu pet voc\u00ea ativa o couro e estimulando o nascimento de novos fios assim vai proporcionar uma qualidade de vida melhor.<br \/>\nFicha t\u00e9cnica<br \/>\n&#8211; Material: Cabo em madeira<br \/>\n&#8211; Cor: Marrom Claro<\/p>","protected":false},"excerpt":{"rendered":"<p>Escova Dupla Face Pequena -17,5Cm &#8211; Produto excelente para desembra\u00e7ar os pelos cheios de n\u00f3. Com cabo de madeira, com pinos e bolinhas para n\u00e3o machucar, pode ser usada em c\u00e3es e gatos com qualquer tipo de pelo. Assim vai deixar seu pet com uma apar\u00eancia melhor e com pelos macios e desembara\u00e7ados. Ao pentear [&hellip;]<\/p>\n","protected":false},"featured_media":1410787819,"comment_status":"open","ping_status":"closed","template":"","meta":{"googlesitekit_rrm_CAow0N7NCw:productID":"","content-type":"","pmpro_default_level":"","_themeisle_gutenberg_block_has_review":false},"product_brand":[],"product_cat":[16],"product_tag":[],"class_list":{"0":"post-1410787820","1":"product","2":"type-product","3":"status-publish","4":"has-post-thumbnail","6":"product_cat-diversos","7":"pmpro-has-access","9":"first","10":"instock","11":"taxable","12":"shipping-taxable","13":"purchasable","14":"product-type-simple"},"_links":{"self":[{"href":"https:\/\/dinhosreef.com\/en\/wp-json\/wp\/v2\/product\/1410787820","targetHints":{"allow":["GET"]}}],"collection":[{"href":"https:\/\/dinhosreef.com\/en\/wp-json\/wp\/v2\/product"}],"about":[{"href":"https:\/\/dinhosreef.com\/en\/wp-json\/wp\/v2\/types\/product"}],"replies":[{"embeddable":true,"href":"https:\/\/dinhosreef.com\/en\/wp-json\/wp\/v2\/comments?post=1410787820"}],"wp:featuredmedia":[{"embeddable":true,"href":"https:\/\/dinhosreef.com\/en\/wp-json\/wp\/v2\/media\/1410787819"}],"wp:attachment":[{"href":"https:\/\/dinhosreef.com\/en\/wp-json\/wp\/v2\/media?parent=1410787820"}],"wp:term":[{"taxonomy":"product_brand","embeddable":true,"href":"https:\/\/dinhosreef.com\/en\/wp-json\/wp\/v2\/product_brand?post=1410787820"},{"taxonomy":"product_cat","embeddable":true,"href":"https:\/\/dinhosreef.com\/en\/wp-json\/wp\/v2\/product_cat?post=1410787820"},{"taxonomy":"product_tag","embeddable":true,"href":"https:\/\/dinhosreef.com\/en\/wp-json\/wp\/v2\/product_tag?post=1410787820"}],"curies":[{"name":"wp","href":"https:\/\/api.w.org\/{rel}","templated":true}]}}